{"id":3592,"date":"2020-11-12T12:29:22","date_gmt":"2020-11-12T12:29:22","guid":{"rendered":"https:\/\/antoniolongarito.com\/stock\/?page_id=3592"},"modified":"2021-03-09T14:52:36","modified_gmt":"2021-03-09T14:52:36","slug":"pedir-cotacao","status":"publish","type":"page","link":"https:\/\/antoniolongarito.com\/stock\/pedir-cotacao\/","title":{"rendered":"Pedir cota\u00e7\u00e3o"},"content":{"rendered":"[vc_row et_full_width=&#8221;true&#8221; et_row_padding=&#8221;true&#8221; thb_column_padding=&#8221;true&#8221; css=&#8221;.vc_custom_1605190676452{padding-top: 12vh !important;padding-bottom: 30vh !important;background: #211a13 url(https:\/\/antoniolongarito.com\/stock\/wp-content\/uploads\/2020\/11\/textura-14.jpg?id=3614) !important;background-position: center !important;background-repeat: no-repeat !important;background-size: cover !important;}&#8221;][vc_column et_column_color=&#8221;et-light-column&#8221;][vc_row_inner et_column_align=&#8221;align-right&#8221;][vc_column_inner animation=&#8221;animation bottom-to-top&#8221; offset=&#8221;vc_col-lg-6 vc_col-md-8&#8243;][vc_empty_space height=&#8221;12vh&#8221;][vc_column_text css=&#8221;.vc_custom_1605190305892{padding-right: 10% !important;padding-left: 10% !important;}&#8221;]\n<h5 class=\"fancy-tag light-color\">CONTACTO<\/h5>\n<h1>Como podemos ajud\u00e1-lo?<\/h1>\n<p>Da abordagem criativa \u00e0 aplica\u00e7\u00e3o estendemos o nosso compromisso com o servi\u00e7o p\u00f3s-venda garantindo que o resultado se mantenha fiel ao seu sonho.[\/vc_column_text][\/vc_column_inner][\/vc_row_inner][\/vc_column][\/vc_row][vc_row et_column_align=&#8221;align-center&#8221; css=&#8221;.vc_custom_1579116726734{margin-top: -200px !important;padding-top: 8vh !important;padding-bottom: 3vh !important;background-color: #ffffff !important;}&#8221;][vc_column animation=&#8221;animation bottom-to-top&#8221; offset=&#8221;vc_col-lg-6&#8243;][vc_row_inner et_column_align=&#8221;align-center&#8221;][vc_column_inner animation=&#8221;animation left-to-right&#8221;][vc_column_text]\n<h5 class=\"fancy-title\" style=\"text-align: center;\">Contacto<\/h5>\n<h2 style=\"text-align: center;\">Entre em contacto connosco.<\/h2>\n<p style=\"text-align: center;\">Entre em contacto para saber mais, estamos aqui para o ajudar.<\/p>\n[\/vc_column_text][vc_raw_html]JTVCc2lid3BfZm9ybSUyMGlkJTNEMSU1RA==[\/vc_raw_html][\/vc_column_inner][\/vc_row_inner][\/vc_column][\/vc_row][vc_row et_full_width=&#8221;true&#8221; et_column_align=&#8221;align-center&#8221; css=&#8221;.vc_custom_1579116630930{padding-top: 8vh !important;padding-bottom: 25px !important;background-color: #f6f6f6 !important;}&#8221;][vc_column offset=&#8221;vc_col-lg-6&#8243;][vc_separator][vc_row_inner css=&#8221;.vc_custom_1579116772744{padding-top: 40px !important;}&#8221;][vc_column_inner width=&#8221;1\/2&#8243;][vc_column_text animation=&#8221;animation right-to-left&#8221;]\n<h3>Mercado da Pedra<\/h3>\n<p>Avenida de Sequeira, 133\/135<br \/>\n4705 &#8211; 629 Braga, Portugal<br \/>\n+351 253 304 200[\/vc_column_text][\/vc_column_inner][vc_column_inner width=&#8221;1\/2&#8243;][vc_column_text animation=&#8221;animation right-to-left&#8221;]\n<h3>Ant\u00f3nio Longarito<\/h3>\n<p>Rua do Parque Industrial, 263<br \/>\n4750-549, Manhente, Barcelos, Portugal[\/vc_column_text][\/vc_column_inner][\/vc_row_inner][\/vc_column][\/vc_row]\n","protected":false},"excerpt":{"rendered":"<p>[vc_row et_full_width=&#8221;true&#8221; et_row_padding=&#8221;true&#8221; thb_column_padding=&#8221;true&#8221; css=&#8221;.vc_custom_1605190676452{padding-top: 12vh !important;padding-bottom: 30vh !important;background: #211a13 url(https:\/\/antoniolongarito.com\/stock\/wp-content\/uploads\/2020\/11\/textura-14.jpg?id=3614) !important;background-position: center !important;background-repeat: no-repeat !important;background-size: cover !important;}&#8221;][vc_column et_column_color=&#8221;et-light-column&#8221;][vc_row_inner et_column_align=&#8221;align-right&#8221;][vc_column_inner animation=&#8221;animation bottom-to-top&#8221; offset=&#8221;vc_col-lg-6 vc_col-md-8&#8243;][vc_empty_space height=&#8221;12vh&#8221;][vc_column_text css=&#8221;.vc_custom_1605190305892{padding-right: 10% !important;padding-left: 10% !important;}&#8221;] CONTACTO Como podemos ajud\u00e1-lo? Da abordagem criativa \u00e0 aplica\u00e7\u00e3o estendemos o nosso compromisso com o servi\u00e7o p\u00f3s-venda garantindo que o&hellip;<\/p>\n","protected":false},"author":1,"featured_media":0,"parent":0,"menu_order":0,"comment_status":"closed","ping_status":"closed","template":"","meta":[],"acf":[],"_links":{"self":[{"href":"https:\/\/antoniolongarito.com\/stock\/wp-json\/wp\/v2\/pages\/3592"}],"collection":[{"href":"https:\/\/antoniolongarito.com\/stock\/wp-json\/wp\/v2\/pages"}],"about":[{"href":"https:\/\/antoniolongarito.com\/stock\/wp-json\/wp\/v2\/types\/page"}],"author":[{"embeddable":true,"href":"https:\/\/antoniolongarito.com\/stock\/wp-json\/wp\/v2\/users\/1"}],"replies":[{"embeddable":true,"href":"https:\/\/antoniolongarito.com\/stock\/wp-json\/wp\/v2\/comments?post=3592"}],"version-history":[{"count":20,"href":"https:\/\/antoniolongarito.com\/stock\/wp-json\/wp\/v2\/pages\/3592\/revisions"}],"predecessor-version":[{"id":4762,"href":"https:\/\/antoniolongarito.com\/stock\/wp-json\/wp\/v2\/pages\/3592\/revisions\/4762"}],"wp:attachment":[{"href":"https:\/\/antoniolongarito.com\/stock\/wp-json\/wp\/v2\/media?parent=3592"}],"curies":[{"name":"wp","href":"https:\/\/api.w.org\/{rel}","templated":true}]}}