{"id":3817,"date":"2020-12-07T12:30:46","date_gmt":"2020-12-07T12:30:46","guid":{"rendered":"https:\/\/antoniolongarito.com\/stock\/?post_type=product&#038;p=3817"},"modified":"2022-05-24T17:09:38","modified_gmt":"2022-05-24T17:09:38","slug":"stone_gallery_novulato_al_c-7947","status":"publish","type":"product","link":"https:\/\/antoniolongarito.com\/stock\/product\/stone_gallery_novulato_al_c-7947\/","title":{"rendered":"Novulato # GT1.T7+C.7947"},"content":{"rendered":"<p>Metavulcanito de textura fina, microl\u00edtica a v\u00edtrea, com estrutura hexagonal, arqueada pelo aumento da press\u00e3o e da temperatura em processos de metamorfismo posterior. Os n\u00facleos poligonais apresentam uma forte grada\u00e7\u00e3o dos tons escuros, castanho-bronze, para os tons mais claros, cinza-prata. Estas estruturas s\u00e3o formadas em chamin\u00e9s vulc\u00e2nicas, por fen\u00f3menos respons\u00e1veis pelo padr\u00e3o geom\u00e9trico, como a disjun\u00e7\u00e3o prism\u00e1tica ou colunar, em que o arrefecimento e solidifica\u00e7\u00e3o da lava contrai a estrutura e gera tens\u00f5es internas marcando os contornos que s\u00e3o tridimensionalmente juntas ou superf\u00edcies de colunas poligonais. Fen\u00f3menos posteriores, de metamorfismo regional, acentuam a grada\u00e7\u00e3o da cor e os brilhos met\u00e1licos, tanto pela circula\u00e7\u00e3o e precipita\u00e7\u00e3o de \u00f3xidos, como pelo arqueamento de toda a estrutura.<\/p>\n<p><strong>APLICA\u00c7\u00d5ES<\/strong><\/p>\n<ul>\n<li>Piso exterior: Sim<\/li>\n<li>Fachada: Sim<\/li>\n<li>Piso interior: Sim<\/li>\n<li>Revestimento interior: Sim<\/li>\n<li>Casa de Banho: Sim<\/li>\n<li>Lareira: Sim<\/li>\n<li>Mobili\u00e1rio: Sim<\/li>\n<li>Bancada da cozinha: Sim<\/li>\n<li>Retroilumina\u00e7\u00e3o: N\u00e3o<\/li>\n<\/ul>\n<p><strong>DESEMPENHO T\u00c9CNICO<\/strong><\/p>\n<ul>\n<li>Resist\u00eancia \u00e0 abras\u00e3o: Alta<\/li>\n<li>Resist\u00eancia \u00e0 mancha: Alta a Moderada<\/li>\n<li>Resist\u00eancia \u00e0 Geada e ao Calor: Alta<\/li>\n<li>Resist\u00eancia aos Raios UV: Alta<\/li>\n<\/ul>\n<p><strong>CUIDADOS E MANUTEN\u00c7\u00c3O<\/strong><\/p>\n<p>Tal como os granitos t\u00eam grande resist\u00eancia qu\u00edmica e mec\u00e2nica. Por serem rochas vulc\u00e2nicas s\u00e3o mais porosos, podendo reter momentaneamente l\u00edquidos ou humidade, sem\u00a0 formar manchas persistentes porque n\u00e3o s\u00e3o quimicamente sens\u00edveis ou reativos. Entre os padr\u00f5es texturais apresentam juntas, contornos e grada\u00e7\u00f5es localizadas de tons escuros e brilhos met\u00e1licos, que podem sugerir riscas ou manchas, todavia, s\u00e3o padr\u00f5es pr\u00f3prios do exotismo deste material. Podem ser limpos com a generalidade dos detergentes e desinfetantes. O seu polimento persiste e a superf\u00edcie mant\u00e9m-se brilhante, mesmo sujeito a maior abras\u00e3o.<\/p>\n","protected":false},"excerpt":{"rendered":"<p>Metavulcanito de textura fina, microl\u00edtica a v\u00edtrea, com estrutura hexagonal, arqueada pelo aumento da press\u00e3o e da temperatura em processos de metamorfismo posterior. Os n\u00facleos poligonais apresentam uma forte grada\u00e7\u00e3o dos tons escuros, castanho-bronze, para os tons mais claros, cinza-prata. Estas estruturas s\u00e3o formadas em chamin\u00e9s vulc\u00e2nicas, por fen\u00f3menos respons\u00e1veis&hellip;<\/p>\n","protected":false},"featured_media":3819,"template":"","meta":[],"product_cat":[215],"product_tag":[],"acf":[],"_links":{"self":[{"href":"https:\/\/antoniolongarito.com\/stock\/wp-json\/wp\/v2\/product\/3817"}],"collection":[{"href":"https:\/\/antoniolongarito.com\/stock\/wp-json\/wp\/v2\/product"}],"about":[{"href":"https:\/\/antoniolongarito.com\/stock\/wp-json\/wp\/v2\/types\/product"}],"wp:featuredmedia":[{"embeddable":true,"href":"https:\/\/antoniolongarito.com\/stock\/wp-json\/wp\/v2\/media\/3819"}],"wp:attachment":[{"href":"https:\/\/antoniolongarito.com\/stock\/wp-json\/wp\/v2\/media?parent=3817"}],"wp:term":[{"taxonomy":"product_cat","embeddable":true,"href":"https:\/\/antoniolongarito.com\/stock\/wp-json\/wp\/v2\/product_cat?post=3817"},{"taxonomy":"product_tag","embeddable":true,"href":"https:\/\/antoniolongarito.com\/stock\/wp-json\/wp\/v2\/product_tag?post=3817"}],"curies":[{"name":"wp","href":"https:\/\/api.w.org\/{rel}","templated":true}]}}