{"id":3878,"date":"2020-12-09T10:57:43","date_gmt":"2020-12-09T10:57:43","guid":{"rendered":"https:\/\/antoniolongarito.com\/stock\/?post_type=product&#038;p=3878"},"modified":"2022-05-02T10:32:32","modified_gmt":"2022-05-02T10:32:32","slug":"estremoz_al_1800194","status":"publish","type":"product","link":"https:\/\/antoniolongarito.com\/stock\/product\/estremoz_al_1800194\/","title":{"rendered":"Estremoz # E1800194.2"},"content":{"rendered":"<p>O m\u00e1rmore \u00e9 um cl\u00e1ssico entre os cl\u00e1ssicos. A pedra de elei\u00e7\u00e3o das constru\u00e7\u00f5es monumentais e solenes, como das decora\u00e7\u00e3o serenas e elegantes. Brilho e luminosidade s\u00e3o, na verdade, os significados atribu\u00eddos \u00e0 palavra grega original.<\/p>\n<p>Combina o alto polimento com texturas suaves ou not\u00e1veis, de transi\u00e7\u00e3o gradual ou com alto contraste, sempre com intenso brilho cristalino. Esta combina\u00e7\u00e3o deve-se \u00e0 g\u00e9nese metam\u00f3rfica, em profundidade e com alta press\u00e3o e temperatura, reformulando rochas pr\u00e9-existentes, neste caso, calc\u00e1rios muito cristalinos. Os aspetos texturais como os veios cinza-azulado e cinza-prata ou as formas brech\u00f3ides de cor verde, carmim e cobreado devem-se \u00e0 presen\u00e7a de minerais reativos, do grupo das argilas, dos \u00f3xidos ou dos sulfuretos, que se v\u00e3o equilibrando ao longo do tempo de forma\u00e7\u00e3o, passando a integrar mais discreta ou mais destacadamente a matriz calc\u00edtica.<\/p>\n<p><strong>APLICA\u00c7\u00d5ES<\/strong><\/p>\n<ul>\n<li>Piso exterior: Sim*<\/li>\n<li>Fachada: Sim*<\/li>\n<li>Piso interior: Sim*<\/li>\n<li>Revestimento interior: Sim<\/li>\n<li>Casa de Banho: Sim<\/li>\n<li>Lareira: Sim*<\/li>\n<li>Mobili\u00e1rio: Sim<\/li>\n<li>Bancada da cozinha: N\u00e3o<\/li>\n<li>Retroilumina\u00e7\u00e3o: Sim*<\/li>\n<\/ul>\n<p>(*com tratamento e assentamento especializado)<\/p>\n<p><strong>DESEMPENHO T\u00c9CNICO<\/strong><\/p>\n<ul>\n<li>Resist\u00eancia \u00e0 abras\u00e3o: Baixa a Moderada<\/li>\n<li>Resist\u00eancia \u00e0 mancha: Moderada<\/li>\n<li>Resist\u00eancia \u00e0 Geada e Calor: Moderada<\/li>\n<li>Resist\u00eancia aos raios UV: Moderada a Alta<\/li>\n<\/ul>\n<p><strong>CUIDADOS E MANUTEN\u00c7\u00c3O<\/strong><\/p>\n<p>O m\u00e1rmore apesar de muito pouco poroso \u00e9 especialmente vulner\u00e1vel a \u00e1cidos dom\u00e9sticos como vinagre, mostarda, citrinos, etc. Os l\u00edquidos \u00e1cidos podem causar manchas quando entram em contacto com a superf\u00edcie se n\u00e3o forem imediatamente limpos. Para evitar isto aconselha-se um tratamento impermeabilizante. Para a limpeza di\u00e1ria recomenda-se um detergente de pH neutro. Como n\u00e3o \u00e9 uma pedra natural dura, risca e sofre abras\u00e3o com a utiliza\u00e7\u00e3o continuada, perdendo o polimento sem, contudo, perder o brilho natural. Considera-se este \u201cenvelhecimento\u201d uma particularidade est\u00e9tica \u00fanica.<\/p>\n","protected":false},"excerpt":{"rendered":"<p>O m\u00e1rmore \u00e9 um cl\u00e1ssico entre os cl\u00e1ssicos. A pedra de elei\u00e7\u00e3o das constru\u00e7\u00f5es monumentais e solenes, como das decora\u00e7\u00e3o serenas e elegantes. Brilho e luminosidade s\u00e3o, na verdade, os significados atribu\u00eddos \u00e0 palavra grega original. Combina o alto polimento com texturas suaves ou not\u00e1veis, de transi\u00e7\u00e3o gradual ou com&hellip;<\/p>\n","protected":false},"featured_media":3879,"template":"","meta":[],"product_cat":[216],"product_tag":[],"acf":[],"_links":{"self":[{"href":"https:\/\/antoniolongarito.com\/stock\/wp-json\/wp\/v2\/product\/3878"}],"collection":[{"href":"https:\/\/antoniolongarito.com\/stock\/wp-json\/wp\/v2\/product"}],"about":[{"href":"https:\/\/antoniolongarito.com\/stock\/wp-json\/wp\/v2\/types\/product"}],"wp:featuredmedia":[{"embeddable":true,"href":"https:\/\/antoniolongarito.com\/stock\/wp-json\/wp\/v2\/media\/3879"}],"wp:attachment":[{"href":"https:\/\/antoniolongarito.com\/stock\/wp-json\/wp\/v2\/media?parent=3878"}],"wp:term":[{"taxonomy":"product_cat","embeddable":true,"href":"https:\/\/antoniolongarito.com\/stock\/wp-json\/wp\/v2\/product_cat?post=3878"},{"taxonomy":"product_tag","embeddable":true,"href":"https:\/\/antoniolongarito.com\/stock\/wp-json\/wp\/v2\/product_tag?post=3878"}],"curies":[{"name":"wp","href":"https:\/\/api.w.org\/{rel}","templated":true}]}}