{"id":3894,"date":"2020-12-09T14:10:52","date_gmt":"2020-12-09T14:10:52","guid":{"rendered":"https:\/\/antoniolongarito.com\/stock\/?post_type=product&#038;p=3894"},"modified":"2021-03-12T12:47:37","modified_gmt":"2021-03-12T12:47:37","slug":"salmon-imperial-sal003","status":"publish","type":"product","link":"https:\/\/antoniolongarito.com\/stock\/product\/salmon-imperial-sal003\/","title":{"rendered":"Salmon Imperial # SI.3"},"content":{"rendered":"<p>Dureza e resist\u00eancia s\u00e3o as propriedades fundamentais deste granito. Estas garantem a durabilidade das suas aplica\u00e7\u00f5es, mesmo nos desempenhos t\u00e9cnicos mais exigentes, e garantem tamb\u00e9m a persist\u00eancia dos seus atributos est\u00e9ticos. De textura granular por defini\u00e7\u00e3o, mais ou menos uniforme, mediante o tamanho e a diversidade dos cristais. E quanto a estes, s\u00e3o incontorn\u00e1veis: o quartzo que domina os brilhos v\u00edtreos, o feldspato que determina muitas vezes a cor da matriz e as micas respons\u00e1veis pelo movimento qua a textura aparente (quando estas est\u00e3o alinhadas) e pelos reflexos met\u00e1licos e cintilantes.<\/p>\n<p>\u00c9 uma rocha \u00edgnea, plut\u00f3nica, formou-se a partir de um material em fus\u00e3o que arrefeceu e cristalizou em profundidade. Quanto mais r\u00e1pido o seu arrefecimento, mais pequenos s\u00e3o os minerais que o constituem. Pelos agentes erosivos, como o vento e a \u00e1gua, durante centenas de milhares de anos, os granitos afloram, passando a integrar as paisagens mais ins\u00f3litas, em muitas regi\u00f5es do mundo.<\/p>\n<p><strong>APLICA\u00c7\u00d5ES:<\/strong><\/p>\n<ul>\n<li>Piso exterior: Sim<\/li>\n<li>Fachada: Sim<\/li>\n<li>Piso interior: Sim<\/li>\n<li>Revestimento interior: Sim<\/li>\n<li>Casa de Banho: Sim<\/li>\n<li>Lareira: Sim<\/li>\n<li>Mobili\u00e1rio: Sim<\/li>\n<li>Bancada da cozinha: Sim<\/li>\n<li>Retroilumina\u00e7\u00e3o: N\u00e3o<\/li>\n<\/ul>\n<p><strong>DESEMPENHO T\u00c9CNICO:<\/strong><\/p>\n<ul>\n<li>Resist\u00eancia \u00e0 abras\u00e3o: Alta<\/li>\n<li>Resist\u00eancia \u00e0 mancha: Alta<\/li>\n<li>Resist\u00eancia \u00e0 Geada e ao Calor: Alta<\/li>\n<li>Resist\u00eancia aos Raios UV: Moderado<\/li>\n<\/ul>\n<p><strong>CUIDADOS E MANUTEN\u00c7\u00c3O<\/strong><\/p>\n<p>Os granitos n\u00e3o mancham, n\u00e3o fraturam, nem riscam. T\u00eam muito baixa suscetibilidade aos l\u00edquidos ou atmosferas acidas ou alcalinas, podem ser limpos com a generalidade dos detergentes e desinfetantes. Porque t\u00eam elevada dureza o seu polimento persiste e a superf\u00edcie mant\u00e9m-se brilhante. Os granitos s\u00e3o muito resistentes \u00e0s varia\u00e7\u00f5es e extremos t\u00e9rmicos e, porque possuem alta condutividade t\u00e9rmica, a sua aplica\u00e7\u00e3o como isolante ou em sistemas radiantes \u00e9 largamente aconselhada.<\/p>\n<p>&gt; Fotografia da chapa mais representativa do lote. Fotografia de detalhe com 30 a 15 cm de lado. Imagem 3D da mesma refer\u00eancia, numa das aplica\u00e7\u00f5es poss\u00edveis. As cores, as tonalidades e o brilho podem variar. A escala de RGB e de cinza mede 29,5 x 20,5cm.<\/p>\n","protected":false},"excerpt":{"rendered":"<p>Dureza e resist\u00eancia s\u00e3o as propriedades fundamentais deste granito. Estas garantem a durabilidade das suas aplica\u00e7\u00f5es, mesmo nos desempenhos t\u00e9cnicos mais exigentes, e garantem tamb\u00e9m a persist\u00eancia dos seus atributos est\u00e9ticos. De textura granular por defini\u00e7\u00e3o, mais ou menos uniforme, mediante o tamanho e a diversidade dos cristais. E quanto&hellip;<\/p>\n","protected":false},"featured_media":3895,"template":"","meta":[],"product_cat":[215],"product_tag":[],"acf":[],"_links":{"self":[{"href":"https:\/\/antoniolongarito.com\/stock\/wp-json\/wp\/v2\/product\/3894"}],"collection":[{"href":"https:\/\/antoniolongarito.com\/stock\/wp-json\/wp\/v2\/product"}],"about":[{"href":"https:\/\/antoniolongarito.com\/stock\/wp-json\/wp\/v2\/types\/product"}],"wp:featuredmedia":[{"embeddable":true,"href":"https:\/\/antoniolongarito.com\/stock\/wp-json\/wp\/v2\/media\/3895"}],"wp:attachment":[{"href":"https:\/\/antoniolongarito.com\/stock\/wp-json\/wp\/v2\/media?parent=3894"}],"wp:term":[{"taxonomy":"product_cat","embeddable":true,"href":"https:\/\/antoniolongarito.com\/stock\/wp-json\/wp\/v2\/product_cat?post=3894"},{"taxonomy":"product_tag","embeddable":true,"href":"https:\/\/antoniolongarito.com\/stock\/wp-json\/wp\/v2\/product_tag?post=3894"}],"curies":[{"name":"wp","href":"https:\/\/api.w.org\/{rel}","templated":true}]}}