{"id":4051,"date":"2021-02-22T11:44:03","date_gmt":"2021-02-22T11:44:03","guid":{"rendered":"https:\/\/antoniolongarito.com\/stock\/?post_type=product&#038;p=4051"},"modified":"2022-03-03T13:04:37","modified_gmt":"2022-03-03T13:04:37","slug":"white-macaubas-gt1-t9-c-1143","status":"publish","type":"product","link":"https:\/\/antoniolongarito.com\/stock\/product\/white-macaubas-gt1-t9-c-1143\/","title":{"rendered":"White Macaubas # GT1.T9.C.1143"},"content":{"rendered":"<p>Quartzito levemente bandado, com matriz cristalina, de brilho v\u00edtreo e cor branco-p\u00e9rola, com leve pleocro\u00edsmo, que \u00e9 um fen\u00f3meno t\u00edpico do quartzo, conforme varia o \u00e2ngulo de observa\u00e7\u00e3o, o reflexo e os tons variam. Estrutura levemente dobrada e fraturada, que promove geometrias fluidas e descontinuidades ins\u00f3litas. De natureza silicatada, formado por metamorfismo, re\u00fane as melhores propriedades de um granito, a resist\u00eancia mec\u00e2nica e qu\u00edmica, e a leveza e tons claros de um m\u00e1rmore cl\u00e1ssico.<\/p>\n<p><strong>APLICA\u00c7\u00d5ES<\/strong><\/p>\n<ul>\n<li>Piso exterior: Sim<\/li>\n<li>Fachada: Sim<\/li>\n<li>Piso interior: Sim<\/li>\n<li>Revestimento interior: Sim<\/li>\n<li>Casa de Banho: Sim<\/li>\n<li>Lareira: Sim<\/li>\n<li>Mobili\u00e1rio: Sim<\/li>\n<li>Bancada da cozinha: Sim<\/li>\n<li>Retroilumina\u00e7\u00e3o: Sim<\/li>\n<\/ul>\n<p><strong>DESEMPENHO T\u00c9CNICO<\/strong><\/p>\n<ul>\n<li>Resist\u00eancia \u00e0 abras\u00e3o: Alta<\/li>\n<li>Resist\u00eancia \u00e0 mancha: Alta<\/li>\n<li>Resist\u00eancia \u00e0 Geada e ao Calor: Alta<\/li>\n<li>Resist\u00eancia aos Raios UV: Alta<\/li>\n<\/ul>\n<p><strong>CUIDADOS E MANUTEN\u00c7\u00c3O<\/strong><\/p>\n<p>Tal como os granitos n\u00e3o mancham, n\u00e3o fraturam, nem riscam. Entre os padr\u00f5es texturais apresentam uma fractura\u00e7\u00e3o fina, com preenchimento mineral, que sela toda a matriz, leve impregna\u00e7\u00e3o com \u00f3xidos, que conferem tons dourados e rubros \u00e0 matriz, pr\u00f3prios do exotismo deste material. S\u00e3o pouco sens\u00edveis aos l\u00edquidos e atmosferas \u00e1cidas ou alcalinas, podem ser limpos com a generalidade dos detergentes e desinfetantes. O seu polimento persiste e a superf\u00edcie mant\u00e9m-se muito brilhante.<\/p>\n","protected":false},"excerpt":{"rendered":"<p>Quartzito levemente bandado, com matriz cristalina, de brilho v\u00edtreo e cor branco-p\u00e9rola, com leve pleocro\u00edsmo, que \u00e9 um fen\u00f3meno t\u00edpico do quartzo, conforme varia o \u00e2ngulo de observa\u00e7\u00e3o, o reflexo e os tons variam. Estrutura levemente dobrada e fraturada, que promove geometrias fluidas e descontinuidades ins\u00f3litas. De natureza silicatada, formado&hellip;<\/p>\n","protected":false},"featured_media":5196,"template":"","meta":[],"product_cat":[215],"product_tag":[],"acf":[],"_links":{"self":[{"href":"https:\/\/antoniolongarito.com\/stock\/wp-json\/wp\/v2\/product\/4051"}],"collection":[{"href":"https:\/\/antoniolongarito.com\/stock\/wp-json\/wp\/v2\/product"}],"about":[{"href":"https:\/\/antoniolongarito.com\/stock\/wp-json\/wp\/v2\/types\/product"}],"wp:featuredmedia":[{"embeddable":true,"href":"https:\/\/antoniolongarito.com\/stock\/wp-json\/wp\/v2\/media\/5196"}],"wp:attachment":[{"href":"https:\/\/antoniolongarito.com\/stock\/wp-json\/wp\/v2\/media?parent=4051"}],"wp:term":[{"taxonomy":"product_cat","embeddable":true,"href":"https:\/\/antoniolongarito.com\/stock\/wp-json\/wp\/v2\/product_cat?post=4051"},{"taxonomy":"product_tag","embeddable":true,"href":"https:\/\/antoniolongarito.com\/stock\/wp-json\/wp\/v2\/product_tag?post=4051"}],"curies":[{"name":"wp","href":"https:\/\/api.w.org\/{rel}","templated":true}]}}