{"id":4057,"date":"2021-02-22T12:53:53","date_gmt":"2021-02-22T12:53:53","guid":{"rendered":"https:\/\/antoniolongarito.com\/stock\/?post_type=product&#038;p=4057"},"modified":"2021-10-08T16:41:54","modified_gmt":"2021-10-08T16:41:54","slug":"white-mustang-c-913","status":"publish","type":"product","link":"https:\/\/antoniolongarito.com\/stock\/product\/white-mustang-c-913\/","title":{"rendered":"White Mustang # C.913"},"content":{"rendered":"<p>Quartzito bandado, com intercala\u00e7\u00e3o de bandas cinza-creme claras e escuras, de brilho v\u00edtreo, levemente fissurado e com preenchimento dourado. Constitu\u00eddo inteiramente por quartzo, em percentagem similar aos arenitos, mas distinguindo-se destes por ser formado num ambiente metam\u00f3rfico, com compacta\u00e7\u00e3o de gr\u00e3os de quartzo, ciclicamente depositados numa bacia extensa. Tal como a areia na praia pode ver-se o movimento dos gr\u00e3os e o seu ritmo de deposi\u00e7\u00e3o. Re\u00fane as propriedades de um granito &#8211; a resist\u00eancia mec\u00e2nica e qu\u00edmica &#8211; e a textura e leveza de um m\u00e1rmore bandado.<\/p>\n<p><strong>APLICA\u00c7\u00d5ES<\/strong><\/p>\n<ul>\n<li>Piso exterior: Sim<\/li>\n<li>Fachada: Sim<\/li>\n<li>Piso interior: Sim<\/li>\n<li>Revestimento interior: Sim<\/li>\n<li>Casa de Banho: Sim<\/li>\n<li>Lareira: Sim<\/li>\n<li>Mobili\u00e1rio: Sim<\/li>\n<li>Bancada da cozinha: Sim<\/li>\n<li>Retroilumina\u00e7\u00e3o: N\u00e3o<\/li>\n<\/ul>\n<p><strong>DESEMPENHO T\u00c9CNICO<\/strong><\/p>\n<ul>\n<li>Resist\u00eancia \u00e0 abras\u00e3o: Alta<\/li>\n<li>Resist\u00eancia \u00e0 mancha: Alta<\/li>\n<li>Resist\u00eancia \u00e0 Geada e ao Calor: Alta<\/li>\n<li>Resist\u00eancia aos Raios UV: Alta<\/li>\n<\/ul>\n<p><strong>CUIDADOS E MANUTEN\u00c7\u00c3O<\/strong><\/p>\n<p>Tal como os granitos n\u00e3o mancham, n\u00e3o fraturam, nem riscam. Entre os padr\u00f5es texturais apresentam uma fissura\u00e7\u00e3o muito fina, com preenchimento mineral que sela toda a matriz, sobressaindo uma leve impregna\u00e7\u00e3o com \u00f3xidos de ferro que conferem tons dourados \u00e0 matriz bandada, que s\u00e3o pr\u00f3prios do exotismo deste material. \u00c9 pouco sens\u00edvel \u00e0 acidez ou alcalinidade. Pode ser limpo com a generalidade dos detergentes e desinfetantes, o seu polimento persiste e a superf\u00edcie mant\u00e9m-se muito brilhante.<\/p>\n","protected":false},"excerpt":{"rendered":"<p>Quartzito bandado, com intercala\u00e7\u00e3o de bandas cinza-creme claras e escuras, de brilho v\u00edtreo, levemente fissurado e com preenchimento dourado. Constitu\u00eddo inteiramente por quartzo, em percentagem similar aos arenitos, mas distinguindo-se destes por ser formado num ambiente metam\u00f3rfico, com compacta\u00e7\u00e3o de gr\u00e3os de quartzo, ciclicamente depositados numa bacia extensa. Tal como&hellip;<\/p>\n","protected":false},"featured_media":4055,"template":"","meta":[],"product_cat":[215],"product_tag":[],"acf":[],"_links":{"self":[{"href":"https:\/\/antoniolongarito.com\/stock\/wp-json\/wp\/v2\/product\/4057"}],"collection":[{"href":"https:\/\/antoniolongarito.com\/stock\/wp-json\/wp\/v2\/product"}],"about":[{"href":"https:\/\/antoniolongarito.com\/stock\/wp-json\/wp\/v2\/types\/product"}],"wp:featuredmedia":[{"embeddable":true,"href":"https:\/\/antoniolongarito.com\/stock\/wp-json\/wp\/v2\/media\/4055"}],"wp:attachment":[{"href":"https:\/\/antoniolongarito.com\/stock\/wp-json\/wp\/v2\/media?parent=4057"}],"wp:term":[{"taxonomy":"product_cat","embeddable":true,"href":"https:\/\/antoniolongarito.com\/stock\/wp-json\/wp\/v2\/product_cat?post=4057"},{"taxonomy":"product_tag","embeddable":true,"href":"https:\/\/antoniolongarito.com\/stock\/wp-json\/wp\/v2\/product_tag?post=4057"}],"curies":[{"name":"wp","href":"https:\/\/api.w.org\/{rel}","templated":true}]}}