{"id":4111,"date":"2021-02-23T17:24:37","date_gmt":"2021-02-23T17:24:37","guid":{"rendered":"https:\/\/antoniolongarito.com\/stock\/?post_type=product&#038;p=4111"},"modified":"2021-07-12T18:00:16","modified_gmt":"2021-07-12T18:00:16","slug":"azul-platino-385-3","status":"publish","type":"product","link":"https:\/\/antoniolongarito.com\/stock\/product\/azul-platino-385-3\/","title":{"rendered":"Azul Platino # AL.AP385.3\/1"},"content":{"rendered":"<p>Granito cinza azulado de g\u00e3o m\u00e9dio, textura uniforme. Composi\u00e7\u00e3o mineral com predom\u00ednio dos feldspatos, como a microclina e a plagioclase, de cor cinza azulada e brilho levemente platinado. Apresenta quartzo cinzento escuro e brilho v\u00edtreo. Os reflexos met\u00e1licos devem-se \u00e0s duas micas, de brilho nacarado e com predom\u00ednio da mica clara, a moscovite.<\/p>\n<p><strong>APLICA\u00c7\u00d5ES QUE RECOMENDAMOS<\/strong><\/p>\n<ul>\n<li>Piso exterior: Sim<\/li>\n<li>Fachada: Sim<\/li>\n<li>Piso interior: Sim<\/li>\n<li>Revestimento interior: Sim<\/li>\n<li>Casa de Banho: Sim<\/li>\n<li>Lareira: Sim<\/li>\n<li>Mobili\u00e1rio: Sim<\/li>\n<li>Bancada da cozinha: Sim<\/li>\n<li>Sistemas radiantes: Sim<\/li>\n<\/ul>\n<p><strong>PARTICULARIDADES GEOL\u00d3GICAS E PETROG\u00c9TICAS<\/strong><\/p>\n<p>Tratam-se de rochas \u00edgneas ou magm\u00e1ticas, a sua natureza est\u00e1 relacionada com um material fundente que se designa de magma. Nesta classe cabem as rochas que foram cristalizadas a partir do arrefecimento de um magma profundo, que depois aflora pela a\u00e7\u00e3o de agentes erosivos, como a \u00e1gua e o vento. Caracterizam-se pelo arrefecimento lento (n\u00e3o dias ou s\u00e9culos, mas milh\u00f5es de anos) e quanto mais lento, maiores e mais perfeitos s\u00e3o os cristais. Estes s\u00e3o principalmente compostos por tr\u00eas tipos de minerais, em propor\u00e7\u00f5es diferentes: 20 a 60% de quartzo, 10 a 65% de feldspato, e 5 a 15% de micas (biotite, moscovite). As cores, as formas e o arranjo dos minerais promovem texturas muito diferentes, contudo, todas elas s\u00e3o de caracter granular, \u00e9 isso que d\u00e1 nome aos granitos (na sua origem latina <i>granum<\/i> ou gr\u00e3o) que nas suas multiformas e texturas os torna t\u00e3o conhecidos e apreciados.<\/p>\n<p><strong>DESEMPENHO T\u00c9CNICO<\/strong><\/p>\n<ul>\n<li>Resist\u00eancia \u00e0 abras\u00e3o: Alta<\/li>\n<li>Resist\u00eancia \u00e0 mancha: Alta<\/li>\n<li>Suscetibilidade qu\u00edmica: Baixa<\/li>\n<li>Resist\u00eancia \u00e0 varia\u00e7\u00e3o t\u00e9rmica: Alta<\/li>\n<li>Suscetibilidade aos raios UV: Baixa<\/li>\n<\/ul>\n<p><strong>CUIDADOS E MANUTEN\u00c7\u00c3O<\/strong><\/p>\n<p>Os granitos s\u00e3o, na sua maioria, muito resistentes \u00e0s agress\u00f5es qu\u00edmicas, f\u00edsicas e mec\u00e2nicas, ou seja, n\u00e3o mancham, n\u00e3o riscam, nem colapsam ou fraturam. N\u00e3o se alterarem quando expostos a l\u00edquidos (ou vapores) \u00e1cidos ou alcalinos, ou seja, \u00e0 generalidade dos detergentes, desinfetantes e produtos de limpeza ou cosm\u00e9tica. S\u00e3o ainda resistentes aos agentes atmosf\u00e9ricos em zonas muito populosas ou industriais, a sua superf\u00edcie n\u00e3o tende a manchar, mas pode ficar recoberta de poeiras ou outros poluentes, porem sendo pouco ou nada porosos,\u00a0 a limpeza recomendada \u00e9 apenas com jato de \u00e1gua, sem reagentes. A baixa suscetibilidade qu\u00edmica \u00e9 a caracter\u00edstica mais discriminante dos granitos cl\u00e1ssicos e, por isso, se associam ou classificam de granitos as pedras que apresentem propriedades semelhantes, a juntar-se \u00e0 alta dureza e alto brilho no polimento. Os granitos s\u00e3o ainda muito resistentes ao calor e possuem alta condutividade t\u00e9rmica, pelo que a sua aplica\u00e7\u00e3o em sistemas radiantes \u00e9 largamente aconselhada.<\/p>\n<p>&nbsp;<\/p>\n","protected":false},"excerpt":{"rendered":"<p>Granito cinza azulado de g\u00e3o m\u00e9dio, textura uniforme. Composi\u00e7\u00e3o mineral com predom\u00ednio dos feldspatos, como a microclina e a plagioclase, de cor cinza azulada e brilho levemente platinado. Apresenta quartzo cinzento escuro e brilho v\u00edtreo. Os reflexos met\u00e1licos devem-se \u00e0s duas micas, de brilho nacarado e com predom\u00ednio da mica&hellip;<\/p>\n","protected":false},"featured_media":4112,"template":"","meta":[],"product_cat":[215],"product_tag":[],"acf":[],"_links":{"self":[{"href":"https:\/\/antoniolongarito.com\/stock\/wp-json\/wp\/v2\/product\/4111"}],"collection":[{"href":"https:\/\/antoniolongarito.com\/stock\/wp-json\/wp\/v2\/product"}],"about":[{"href":"https:\/\/antoniolongarito.com\/stock\/wp-json\/wp\/v2\/types\/product"}],"wp:featuredmedia":[{"embeddable":true,"href":"https:\/\/antoniolongarito.com\/stock\/wp-json\/wp\/v2\/media\/4112"}],"wp:attachment":[{"href":"https:\/\/antoniolongarito.com\/stock\/wp-json\/wp\/v2\/media?parent=4111"}],"wp:term":[{"taxonomy":"product_cat","embeddable":true,"href":"https:\/\/antoniolongarito.com\/stock\/wp-json\/wp\/v2\/product_cat?post=4111"},{"taxonomy":"product_tag","embeddable":true,"href":"https:\/\/antoniolongarito.com\/stock\/wp-json\/wp\/v2\/product_tag?post=4111"}],"curies":[{"name":"wp","href":"https:\/\/api.w.org\/{rel}","templated":true}]}}