{"id":4155,"date":"2021-02-24T12:34:22","date_gmt":"2021-02-24T12:34:22","guid":{"rendered":"https:\/\/antoniolongarito.com\/stock\/?post_type=product&#038;p=4155"},"modified":"2021-03-12T12:22:33","modified_gmt":"2021-03-12T12:22:33","slug":"magana-mg354-3","status":"publish","type":"product","link":"https:\/\/antoniolongarito.com\/stock\/product\/magana-mg354-3\/","title":{"rendered":"Magana # AL.MG354.3"},"content":{"rendered":"<p>Dureza, resist\u00eancia mec\u00e2nica e qu\u00edmica s\u00e3o as propriedades fundamentais que garantem a durabilidade este granito nas aplica\u00e7\u00f5es tecnicamente mais exigentes. Por defini\u00e7\u00e3o, os granitos t\u00eam uma textura granular, mais ou menos uniforme, neste caso, varia bastante com o tamanho, a forma e a diversidade dos minerais. O quartzo domina os tons cinza escuros e os brilhos v\u00edtreos, os feldspatos acompanham os tons castanhos e as micas negras s\u00e3o muito discretas. Este granito tem uma singularidade mineral, que marca distintivamente toda a matriz, a cordierite, um mineral semiprecioso, castanho-salm\u00e3o. Este mostra um efeito crom\u00e1tico t\u00edpico das gemas, o pleocro\u00edsmo, sendo poss\u00edvel ver no mesmo mineral duas ou mais cores, conforme o \u00e2ngulo em que se est\u00e1 a olhar.<\/p>\n<p><strong>APLICA\u00c7\u00d5ES:<\/strong><\/p>\n<ul>\n<li>Piso exterior: Sim<\/li>\n<li>Fachada: Sim<\/li>\n<li>Piso interior: Sim<\/li>\n<li>Revestimento interior: Sim<\/li>\n<li>Casa de Banho: Sim<\/li>\n<li>Lareira: Sim<\/li>\n<li>Mobili\u00e1rio: Sim<\/li>\n<li>Bancada da cozinha: Sim<\/li>\n<li>Retroilumina\u00e7\u00e3o: N\u00e3o<\/li>\n<\/ul>\n<p><strong>DESEMPENHO T\u00c9CNICO:<\/strong><\/p>\n<ul>\n<li>Resist\u00eancia \u00e0 abras\u00e3o: Alta<\/li>\n<li>Resist\u00eancia \u00e0 mancha: Alta<\/li>\n<li>Resist\u00eancia \u00e0 Geada e ao Calor: Alta<\/li>\n<li>Resist\u00eancia aos Raios UV: Moderado<\/li>\n<\/ul>\n<p><strong>CUIDADOS E MANUTEN\u00c7\u00c3O<\/strong><\/p>\n<p>Os granitos n\u00e3o mancham, n\u00e3o fraturam, nem riscam. S\u00e3o pouco sens\u00edveis aos l\u00edquidos e atmosferas acidas ou alcalinas, podem ser limpos com a generalidade dos detergentes e desinfetantes. Porque t\u00eam elevada dureza o seu polimento persiste e a superf\u00edcie mant\u00e9m-se brilhante, mas pode receber novo polimento se estiver sujeito a uma abras\u00e3o intensa, como nos pavimentos comerciais, garagens ou exteriores. Neste granito os acabamentos <em>leather<\/em> ou amaciado s\u00e3o favorecidos pelo contraste de dureza dos minerais, e n\u00e3o requerem a\u00e7\u00f5es de manuten\u00e7\u00e3o da superf\u00edcie.<\/p>\n","protected":false},"excerpt":{"rendered":"<p>Dureza, resist\u00eancia mec\u00e2nica e qu\u00edmica s\u00e3o as propriedades fundamentais que garantem a durabilidade este granito nas aplica\u00e7\u00f5es tecnicamente mais exigentes. Por defini\u00e7\u00e3o, os granitos t\u00eam uma textura granular, mais ou menos uniforme, neste caso, varia bastante com o tamanho, a forma e a diversidade dos minerais. O quartzo domina os&hellip;<\/p>\n","protected":false},"featured_media":4157,"template":"","meta":[],"product_cat":[215],"product_tag":[],"acf":[],"_links":{"self":[{"href":"https:\/\/antoniolongarito.com\/stock\/wp-json\/wp\/v2\/product\/4155"}],"collection":[{"href":"https:\/\/antoniolongarito.com\/stock\/wp-json\/wp\/v2\/product"}],"about":[{"href":"https:\/\/antoniolongarito.com\/stock\/wp-json\/wp\/v2\/types\/product"}],"wp:featuredmedia":[{"embeddable":true,"href":"https:\/\/antoniolongarito.com\/stock\/wp-json\/wp\/v2\/media\/4157"}],"wp:attachment":[{"href":"https:\/\/antoniolongarito.com\/stock\/wp-json\/wp\/v2\/media?parent=4155"}],"wp:term":[{"taxonomy":"product_cat","embeddable":true,"href":"https:\/\/antoniolongarito.com\/stock\/wp-json\/wp\/v2\/product_cat?post=4155"},{"taxonomy":"product_tag","embeddable":true,"href":"https:\/\/antoniolongarito.com\/stock\/wp-json\/wp\/v2\/product_tag?post=4155"}],"curies":[{"name":"wp","href":"https:\/\/api.w.org\/{rel}","templated":true}]}}