{"id":4226,"date":"2021-02-26T09:29:53","date_gmt":"2021-02-26T09:29:53","guid":{"rendered":"https:\/\/antoniolongarito.com\/stock\/?post_type=product&#038;p=4226"},"modified":"2022-12-19T14:54:41","modified_gmt":"2022-12-19T14:54:41","slug":"thity-c-th-2-1","status":"publish","type":"product","link":"https:\/\/antoniolongarito.com\/stock\/product\/thity-c-th-2-1\/","title":{"rendered":"Thity # C.Th.2\/1"},"content":{"rendered":"<p>Quartzito cristalino, de brilho v\u00edtreo e cor branca, com leve pleocro\u00edsmo, ou seja, conforme o \u00e2ngulo de observa\u00e7\u00e3o, as cores e os tons s\u00e3o diferentes, um fen\u00f3meno t\u00edpico do quartzo que comp\u00f5e o quartzito a cem por cento! Estrutura levemente cataclasada, da\u00ed a fractura\u00e7\u00e3o densa, recristalizada com a mesma composi\u00e7\u00e3o mineral da matriz, ou ainda com \u00f3xidos de ferro que assinam os tons rubros e dourados, respons\u00e1veis pelo exotismo deste quartzito.\u00a0 De natureza silicatada e com g\u00e9nese matamorfica, re\u00fane as melhores propriedades de um granito, como a resist\u00eancia mec\u00e2nica e qu\u00edmica, e o brilho e leveza de um m\u00e1rmore cl\u00e1ssico. Pode ser retroiluminado, pouco comum na generalidade dos quartzitos, mas neste caso o quartzo que o comp\u00f5e \u00e9 em parte hialino, com propriedades \u00f3ticas excecionais.<\/p>\n<p><strong>APLICA\u00c7\u00d5ES<\/strong><\/p>\n<ul>\n<li>Piso exterior: Sim<\/li>\n<li>Fachada: Sim<\/li>\n<li>Piso interior: Sim<\/li>\n<li>Revestimento interior: Sim<\/li>\n<li>Casa de Banho: Sim<\/li>\n<li>Lareira: Sim<\/li>\n<li>Mobili\u00e1rio: Sim<\/li>\n<li>Bancada da cozinha: Sim<\/li>\n<li>Retroilumina\u00e7\u00e3o: Sim<\/li>\n<\/ul>\n<p><strong>DESEMPENHO T\u00c9CNICO<\/strong><\/p>\n<ul>\n<li>Resist\u00eancia \u00e0 abras\u00e3o: Alta<\/li>\n<li>Resist\u00eancia \u00e0 mancha: Alta<\/li>\n<li>Resist\u00eancia \u00e0 Geada e ao Calor: Alta<\/li>\n<li>Resist\u00eancia aos Raios UV: Alta<\/li>\n<\/ul>\n<p><strong>CUIDADOS E MANUTEN\u00c7\u00c3O<\/strong><\/p>\n<p>Tal como os granitos n\u00e3o mancham, n\u00e3o fraturam, nem riscam. Entre os padr\u00f5es texturais apresentam uma fractura\u00e7\u00e3o fina, com preenchimento mineral, que sela toda a matriz, leve impregna\u00e7\u00e3o com \u00f3xidos, que conferem tons dourados e rubros \u00e0 matriz, pr\u00f3prios do exotismo deste material. S\u00e3o pouco sens\u00edveis aos l\u00edquidos e atmosferas \u00e1cidas ou alcalinas, podem ser limpos com a generalidade dos detergentes e desinfetantes. Porque t\u00eam alto contraste de dureza adequam-se bem aos acabamentos polido, leather ou amaciado. O seu polimento persiste e a superf\u00edcie mant\u00e9m-se muito brilhante.<\/p>\n","protected":false},"excerpt":{"rendered":"<p>Quartzito cristalino, de brilho v\u00edtreo e cor branca, com leve pleocro\u00edsmo, ou seja, conforme o \u00e2ngulo de observa\u00e7\u00e3o, as cores e os tons s\u00e3o diferentes, um fen\u00f3meno t\u00edpico do quartzo que comp\u00f5e o quartzito a cem por cento! Estrutura levemente cataclasada, da\u00ed a fractura\u00e7\u00e3o densa, recristalizada com a mesma composi\u00e7\u00e3o&hellip;<\/p>\n","protected":false},"featured_media":6343,"template":"","meta":[],"product_cat":[215],"product_tag":[],"acf":[],"_links":{"self":[{"href":"https:\/\/antoniolongarito.com\/stock\/wp-json\/wp\/v2\/product\/4226"}],"collection":[{"href":"https:\/\/antoniolongarito.com\/stock\/wp-json\/wp\/v2\/product"}],"about":[{"href":"https:\/\/antoniolongarito.com\/stock\/wp-json\/wp\/v2\/types\/product"}],"wp:featuredmedia":[{"embeddable":true,"href":"https:\/\/antoniolongarito.com\/stock\/wp-json\/wp\/v2\/media\/6343"}],"wp:attachment":[{"href":"https:\/\/antoniolongarito.com\/stock\/wp-json\/wp\/v2\/media?parent=4226"}],"wp:term":[{"taxonomy":"product_cat","embeddable":true,"href":"https:\/\/antoniolongarito.com\/stock\/wp-json\/wp\/v2\/product_cat?post=4226"},{"taxonomy":"product_tag","embeddable":true,"href":"https:\/\/antoniolongarito.com\/stock\/wp-json\/wp\/v2\/product_tag?post=4226"}],"curies":[{"name":"wp","href":"https:\/\/api.w.org\/{rel}","templated":true}]}}