{"id":4499,"date":"2021-03-03T16:37:25","date_gmt":"2021-03-03T16:37:25","guid":{"rendered":"https:\/\/antoniolongarito.com\/stock\/?post_type=product&#038;p=4499"},"modified":"2023-06-06T17:04:45","modified_gmt":"2023-06-06T17:04:45","slug":"emperador-dark-7207","status":"publish","type":"product","link":"https:\/\/antoniolongarito.com\/stock\/product\/emperador-dark-7207\/","title":{"rendered":"Emperador Dark # ME7207.2\/1"},"content":{"rendered":"<p>Esta \u00e9 uma grande fam\u00edlia de imperadores! De natureza complexa, na transi\u00e7\u00e3o dos calc\u00e1rios e m\u00e1rmores, tem caracter\u00edsticas singulares como a textura brech\u00f3ide e a variedade de tons castanhos, que distinguem diferentes emperadores. S\u00e3o profusamente ornamentados com veios calc\u00edticos ou arg\u00edlicos de cor muito contrastante com a matriz, dos brancos cristalinos aos bege e laranja vivo. Na sua forma\u00e7\u00e3o incluem-se processos de metamorfismo a baixa press\u00e3o que os transformam em dolomias conferindo-lhe propriedades f\u00edsico-mec\u00e2nicas semelhantes \u00e0s de m\u00e1rmores cl\u00e1ssicos, bem como alto brilho no polimento. De resto, por apresentar baixa porosidade e matriz fina pode receber todo o tipo de acabamentos, do amaciado ao serrado, ainda que se distinga pelo acabamento polido.<\/p>\n<p><strong>APLICA\u00c7\u00d5ES<\/strong><\/p>\n<ul>\n<li>Piso exterior: N\u00e3o<\/li>\n<li>Fachada: Sim<\/li>\n<li>Piso interior: Sim*<\/li>\n<li>Revestimento interior: Sim<\/li>\n<li>Casa de Banho: Sim*<\/li>\n<li>Lareira: Sim*<\/li>\n<li>Mobili\u00e1rio: Sim<\/li>\n<li>Bancada da cozinha: N\u00e3o<\/li>\n<\/ul>\n<p>(*com tratamento e assentamento especializado)<\/p>\n<p><strong>DESEMPENHO T\u00c9CNICO<\/strong><\/p>\n<ul>\n<li>Resist\u00eancia \u00e0 abras\u00e3o: Baixa<\/li>\n<li>Resist\u00eancia \u00e0 mancha: Baixa a Moderada<\/li>\n<li>Resist\u00eancia \u00e0 geada e ao calor: Baixa a Moderada<\/li>\n<li>Resist\u00eancia aos raios UV: Moderada<\/li>\n<\/ul>\n<p><strong>CUIDADOS E MANUTEN\u00c7\u00c3O<\/strong><\/p>\n<p>Por ser especialmente vulner\u00e1vel a l\u00edquidos e atmosferas \u00e1cidas, limpar com detergentes neutros. Entre os v\u00e1rios carbonatos, apresenta menor porosidade, o que reduz o risco de mancha e amplia a gama de aplica\u00e7\u00f5es em ambientes h\u00famidos. Evite produtos abrasivos ou que possam riscar, como areias e metais. Os tratamentos de selagem e impermeabiliza\u00e7\u00e3o s\u00e3o recomendados nas aplica\u00e7\u00f5es exteriores, em maci\u00e7os para estatu\u00e1ria ou aplica\u00e7\u00e3o em maci\u00e7os, todavia os tons matizes n\u00e3o saem penalizados com a exposi\u00e7\u00e3o no exterior, apenas se acentuam os seus contrastes naturais.<\/p>\n","protected":false},"excerpt":{"rendered":"<p>Esta \u00e9 uma grande fam\u00edlia de imperadores! De natureza complexa, na transi\u00e7\u00e3o dos calc\u00e1rios e m\u00e1rmores, tem caracter\u00edsticas singulares como a textura brech\u00f3ide e a variedade de tons castanhos, que distinguem diferentes emperadores. S\u00e3o profusamente ornamentados com veios calc\u00edticos ou arg\u00edlicos de cor muito contrastante com a matriz, dos brancos&hellip;<\/p>\n","protected":false},"featured_media":4501,"template":"","meta":[],"product_cat":[216],"product_tag":[],"acf":[],"_links":{"self":[{"href":"https:\/\/antoniolongarito.com\/stock\/wp-json\/wp\/v2\/product\/4499"}],"collection":[{"href":"https:\/\/antoniolongarito.com\/stock\/wp-json\/wp\/v2\/product"}],"about":[{"href":"https:\/\/antoniolongarito.com\/stock\/wp-json\/wp\/v2\/types\/product"}],"wp:featuredmedia":[{"embeddable":true,"href":"https:\/\/antoniolongarito.com\/stock\/wp-json\/wp\/v2\/media\/4501"}],"wp:attachment":[{"href":"https:\/\/antoniolongarito.com\/stock\/wp-json\/wp\/v2\/media?parent=4499"}],"wp:term":[{"taxonomy":"product_cat","embeddable":true,"href":"https:\/\/antoniolongarito.com\/stock\/wp-json\/wp\/v2\/product_cat?post=4499"},{"taxonomy":"product_tag","embeddable":true,"href":"https:\/\/antoniolongarito.com\/stock\/wp-json\/wp\/v2\/product_tag?post=4499"}],"curies":[{"name":"wp","href":"https:\/\/api.w.org\/{rel}","templated":true}]}}