{"id":4538,"date":"2021-03-04T10:06:10","date_gmt":"2021-03-04T10:06:10","guid":{"rendered":"https:\/\/antoniolongarito.com\/stock\/?post_type=product&#038;p=4538"},"modified":"2023-09-29T08:48:14","modified_gmt":"2023-09-29T08:48:14","slug":"sahara-noir-8070","status":"publish","type":"product","link":"https:\/\/antoniolongarito.com\/stock\/product\/sahara-noir-8070\/","title":{"rendered":"Sahara Noir #SN8070.2"},"content":{"rendered":"<p>Glamouroso e discreto, este \u00e9 um material que evoluiu com o tempo e com a tecnologia. A natureza da matriz negra sedimentar carbonosa, raramente uniforme na natureza, fica suavizada pelo polimento e tratamento de superf\u00edcie, que confere \u00e0 matriz um tom intenso. Altamente contrastantes, os veios brancos de calcite muito cristalina s\u00e3o, na verdade, preenchimentos de fraturas naturais, geradas na estrutura mineral por movimentos tect\u00f3nicos. No processo de forma\u00e7\u00e3o, aquelas fraturas cristalizadas s\u00e3o seladas naturalmente por argila e \u00f3xidos de ferro, que d\u00e3o uma assinatura dourada \u00e0 matriz negra.<\/p>\n<p><strong>APLICA\u00c7\u00d5ES<\/strong><\/p>\n<ul>\n<li>Piso exterior: N\u00e3o<\/li>\n<li>Fachada: N\u00e3o<\/li>\n<li>Piso interior: N\u00e3o<\/li>\n<li>Revestimento interior: Sim<\/li>\n<li>Casa de Banho: Sim*<\/li>\n<li>Lareira: Sim*<\/li>\n<li>Mobili\u00e1rio: Sim<\/li>\n<li>Bancada da cozinha: N\u00e3o<\/li>\n<\/ul>\n<p>(*com tratamento e assentamento especializado)<\/p>\n<p><strong>DESEMPENHO T\u00c9CNICO<\/strong><\/p>\n<ul>\n<li>Resist\u00eancia \u00e0 abras\u00e3o: Baixa<\/li>\n<li>Resist\u00eancia \u00e0 mancha: Baixa<\/li>\n<li>Resist\u00eancia \u00e0 geada e ao calor: Baixa a Moderada<\/li>\n<li>Resist\u00eancia aos raios UV: Baixa<\/li>\n<\/ul>\n<p><strong>CUIDADOS E MANUTEN\u00c7\u00c3O<\/strong><\/p>\n<p>Por ser vulner\u00e1vel a l\u00edquidos e a atmosferas \u00e1cidas, limpe com detergentes neutros e evite a exposi\u00e7\u00e3o a aeross\u00f3is marinhos. Com exposi\u00e7\u00e3o muito incidente aos raios UV podem formar-se manchas e irregularidades na matriz negra. Evite produtos abrasivos ou que possam riscar, como areias e metais. Os tratamentos de selagem e impermeabiliza\u00e7\u00e3o s\u00e3o recomendados nas aplica\u00e7\u00f5es exteriores, e em ambientes h\u00famidos.<\/p>\n","protected":false},"excerpt":{"rendered":"<p>Glamouroso e discreto, este \u00e9 um material que evoluiu com o tempo e com a tecnologia. A natureza da matriz negra sedimentar carbonosa, raramente uniforme na natureza, fica suavizada pelo polimento e tratamento de superf\u00edcie, que confere \u00e0 matriz um tom intenso. Altamente contrastantes, os veios brancos de calcite muito&hellip;<\/p>\n","protected":false},"featured_media":4551,"template":"","meta":[],"product_cat":[216],"product_tag":[],"acf":[],"_links":{"self":[{"href":"https:\/\/antoniolongarito.com\/stock\/wp-json\/wp\/v2\/product\/4538"}],"collection":[{"href":"https:\/\/antoniolongarito.com\/stock\/wp-json\/wp\/v2\/product"}],"about":[{"href":"https:\/\/antoniolongarito.com\/stock\/wp-json\/wp\/v2\/types\/product"}],"wp:featuredmedia":[{"embeddable":true,"href":"https:\/\/antoniolongarito.com\/stock\/wp-json\/wp\/v2\/media\/4551"}],"wp:attachment":[{"href":"https:\/\/antoniolongarito.com\/stock\/wp-json\/wp\/v2\/media?parent=4538"}],"wp:term":[{"taxonomy":"product_cat","embeddable":true,"href":"https:\/\/antoniolongarito.com\/stock\/wp-json\/wp\/v2\/product_cat?post=4538"},{"taxonomy":"product_tag","embeddable":true,"href":"https:\/\/antoniolongarito.com\/stock\/wp-json\/wp\/v2\/product_tag?post=4538"}],"curies":[{"name":"wp","href":"https:\/\/api.w.org\/{rel}","templated":true}]}}