{"id":4581,"date":"2021-03-04T14:52:30","date_gmt":"2021-03-04T14:52:30","guid":{"rendered":"https:\/\/antoniolongarito.com\/stock\/?post_type=product&#038;p=4581"},"modified":"2022-08-05T16:04:35","modified_gmt":"2022-08-05T16:04:35","slug":"negro-marquina-7415","status":"publish","type":"product","link":"https:\/\/antoniolongarito.com\/stock\/product\/negro-marquina-7415\/","title":{"rendered":"Negro Marquina # NM7415.2"},"content":{"rendered":"<p>Fort\u00edssimo contraste, branco e preto, assim se define este calc\u00e1rio negra, fossil\u00edfero, de matriz carbonosa, com varia\u00e7\u00f5es t\u00e9nues cinzentas escuras. A textura fossil\u00edfera irregular \u00e9 suavizada pelo bom polimento e o tratamento de superf\u00edcie. Os veios brancos de calcite, t\u00eam reflexos cristalinos e apresentam formas variadas: lineares, onduladas, at\u00e9 \u00e0s pontua\u00e7\u00f5es e contornos fosseis singulares. Todos estes elementos d\u00e3o enorme destaque \u00e0 matriz negra, refor\u00e7ando a intensidade da matriz negra.<\/p>\n<p><strong>APLICA\u00c7\u00d5ES<\/strong><\/p>\n<ul>\n<li>Piso exterior: N\u00e3o<\/li>\n<li>Fachada: N\u00e3o<\/li>\n<li>Piso interior: Sim*<\/li>\n<li>Revestimento interior: Sim<\/li>\n<li>Casa de Banho: Sim*<\/li>\n<li>Lareira: Sim*<\/li>\n<li>Mobili\u00e1rio: Sim<\/li>\n<li>Bancada da cozinha: N\u00e3o<\/li>\n<\/ul>\n<p>(*com tratamento e assentamento especializado)<\/p>\n<p><strong>DESEMPENHO T\u00c9CNICO<\/strong><\/p>\n<ul>\n<li>Resist\u00eancia \u00e0 abras\u00e3o: Baixa<\/li>\n<li>Resist\u00eancia \u00e0 mancha: Baixa<\/li>\n<li>Resist\u00eancia \u00e0 geada e ao calor: Baixa a Moderada<\/li>\n<li>Resist\u00eancia aos raios UV: Baixa<\/li>\n<\/ul>\n<p><strong>CUIDADOS E MANUTEN\u00c7\u00c3O<\/strong><\/p>\n<p>Por ser vulner\u00e1vel a l\u00edquidos e a atmosferas \u00e1cidas, limpe com detergentes neutros. Com exposi\u00e7\u00e3o muito incidente aos raios UV podem formar-se manchas e irregularidades na matriz negra. Evite produtos abrasivos ou que possam riscar, como areias e metais. Os tratamentos de selagem e impermeabiliza\u00e7\u00e3o s\u00e3o recomendados nas aplica\u00e7\u00f5es exteriores e em ambientes h\u00famidos.<\/p>\n","protected":false},"excerpt":{"rendered":"<p>Fort\u00edssimo contraste, branco e preto, assim se define este calc\u00e1rio negra, fossil\u00edfero, de matriz carbonosa, com varia\u00e7\u00f5es t\u00e9nues cinzentas escuras. A textura fossil\u00edfera irregular \u00e9 suavizada pelo bom polimento e o tratamento de superf\u00edcie. Os veios brancos de calcite, t\u00eam reflexos cristalinos e apresentam formas variadas: lineares, onduladas, at\u00e9 \u00e0s&hellip;<\/p>\n","protected":false},"featured_media":4582,"template":"","meta":[],"product_cat":[216],"product_tag":[],"acf":[],"_links":{"self":[{"href":"https:\/\/antoniolongarito.com\/stock\/wp-json\/wp\/v2\/product\/4581"}],"collection":[{"href":"https:\/\/antoniolongarito.com\/stock\/wp-json\/wp\/v2\/product"}],"about":[{"href":"https:\/\/antoniolongarito.com\/stock\/wp-json\/wp\/v2\/types\/product"}],"wp:featuredmedia":[{"embeddable":true,"href":"https:\/\/antoniolongarito.com\/stock\/wp-json\/wp\/v2\/media\/4582"}],"wp:attachment":[{"href":"https:\/\/antoniolongarito.com\/stock\/wp-json\/wp\/v2\/media?parent=4581"}],"wp:term":[{"taxonomy":"product_cat","embeddable":true,"href":"https:\/\/antoniolongarito.com\/stock\/wp-json\/wp\/v2\/product_cat?post=4581"},{"taxonomy":"product_tag","embeddable":true,"href":"https:\/\/antoniolongarito.com\/stock\/wp-json\/wp\/v2\/product_tag?post=4581"}],"curies":[{"name":"wp","href":"https:\/\/api.w.org\/{rel}","templated":true}]}}