{"id":4681,"date":"2021-03-05T12:44:06","date_gmt":"2021-03-05T12:44:06","guid":{"rendered":"https:\/\/antoniolongarito.com\/stock\/?post_type=product&#038;p=4681"},"modified":"2021-05-14T11:32:16","modified_gmt":"2021-05-14T11:32:16","slug":"travertino-bl7","status":"publish","type":"product","link":"https:\/\/antoniolongarito.com\/stock\/product\/travertino-bl7\/","title":{"rendered":"Travertino # TVR7.2"},"content":{"rendered":"<p>A pedra do Coliseu Romano, das\u00a0<em>villae\u00a0<\/em>e termas do grande Imp\u00e9rio \u00e9 o travertino. Um calc\u00e1rio bandado, poroso, formado por evapora\u00e7\u00e3o de \u00e1guas calc\u00e1rias, ou por precipita\u00e7\u00e3o, num fen\u00f3meno equivalente \u00e0 forma\u00e7\u00e3o de estalactites e estalagmites que ocorre hoje em algumas grutas ou nascentes. A tonalidade das suas bandas pode variar conforme as condi\u00e7\u00f5es do ambiente de forma\u00e7\u00e3o. Muitas vezes s\u00e3o enriquecidas por compostos org\u00e2nicos ou \u00f3xidos de ferro que refor\u00e7am os tons cinza ou laranja. O travertino cl\u00e1ssico tem tons claros, variam do bege ao castanho e s\u00e3o levemente brilhantes, admitindo polimento. Este quando associado ao tratamento superficial com resinas faz destacar o seu brilho natural e a textura bandada e rendilhada.<\/p>\n<p><strong>APLICA\u00c7\u00d5ES:<\/strong><\/p>\n<ul>\n<li>Piso exterior: N\u00e3o<\/li>\n<li>Fachada: Sim<\/li>\n<li>Piso interior: Sim*<\/li>\n<li>Revestimento interior: Sim<\/li>\n<li>Casa de Banho: Sim*<\/li>\n<li>Lareira: Sim*<\/li>\n<li>Mobili\u00e1rio: Sim<\/li>\n<li>Bancada da cozinha: N\u00e3o<\/li>\n<\/ul>\n<p>(*com tratamento e assentamento especializado)<\/p>\n<p><strong>DESEMPENHO T\u00c9CNICO<\/strong><\/p>\n<ul>\n<li>Resist\u00eancia \u00e0 abras\u00e3o: Baixa<\/li>\n<li>Resist\u00eancia \u00e0 mancha: Baixa a Moderada<\/li>\n<li>Resist\u00eancia \u00e0 geada e ao calor: Baixa a Moderada<\/li>\n<li>Resist\u00eancia aos raios UV: Moderada<\/li>\n<\/ul>\n<p><strong>CUIDADOS E MANUTEN\u00c7\u00c3O<\/strong><\/p>\n<p>Esta pedra \u00e9 beneficiada por resinas superficiais que selam poros, reduzindo a absor\u00e7\u00e3o e melhorando o polimento brilhante. Valoriza ainda o desempenho mec\u00e2nico e resist\u00eancia ao \u00e1cido. Sem este tratamento \u00e9 vulner\u00e1vel a l\u00edquidos e atmosferas \u00e1cidas, deve ser limpa com detergentes neutros, devendo-se evitar a exposi\u00e7\u00e3o ao fumo e a produtos abrasivos ou que possam riscar a superf\u00edcie.<\/p>\n","protected":false},"excerpt":{"rendered":"<p>A pedra do Coliseu Romano, das\u00a0villae\u00a0e termas do grande Imp\u00e9rio \u00e9 o travertino. Um calc\u00e1rio bandado, poroso, formado por evapora\u00e7\u00e3o de \u00e1guas calc\u00e1rias, ou por precipita\u00e7\u00e3o, num fen\u00f3meno equivalente \u00e0 forma\u00e7\u00e3o de estalactites e estalagmites que ocorre hoje em algumas grutas ou nascentes. A tonalidade das suas bandas pode variar&hellip;<\/p>\n","protected":false},"featured_media":4684,"template":"","meta":[],"product_cat":[216],"product_tag":[],"acf":[],"_links":{"self":[{"href":"https:\/\/antoniolongarito.com\/stock\/wp-json\/wp\/v2\/product\/4681"}],"collection":[{"href":"https:\/\/antoniolongarito.com\/stock\/wp-json\/wp\/v2\/product"}],"about":[{"href":"https:\/\/antoniolongarito.com\/stock\/wp-json\/wp\/v2\/types\/product"}],"wp:featuredmedia":[{"embeddable":true,"href":"https:\/\/antoniolongarito.com\/stock\/wp-json\/wp\/v2\/media\/4684"}],"wp:attachment":[{"href":"https:\/\/antoniolongarito.com\/stock\/wp-json\/wp\/v2\/media?parent=4681"}],"wp:term":[{"taxonomy":"product_cat","embeddable":true,"href":"https:\/\/antoniolongarito.com\/stock\/wp-json\/wp\/v2\/product_cat?post=4681"},{"taxonomy":"product_tag","embeddable":true,"href":"https:\/\/antoniolongarito.com\/stock\/wp-json\/wp\/v2\/product_tag?post=4681"}],"curies":[{"name":"wp","href":"https:\/\/api.w.org\/{rel}","templated":true}]}}