{"id":4685,"date":"2021-03-05T14:46:51","date_gmt":"2021-03-05T14:46:51","guid":{"rendered":"https:\/\/antoniolongarito.com\/stock\/?post_type=product&#038;p=4685"},"modified":"2023-10-17T15:43:11","modified_gmt":"2023-10-17T15:43:11","slug":"azul-labrador-253-2","status":"publish","type":"product","link":"https:\/\/antoniolongarito.com\/stock\/product\/azul-labrador-253-2\/","title":{"rendered":"Azul Labrador # AL.OB253.2"},"content":{"rendered":"<p>Rocha magm\u00e1tica, granular, com textura cristalina uniforme de gr\u00e3o m\u00e9dio a grosseiro, constitu\u00edda essencialmente por minerais cinza-prata, de brilho v\u00edtreo a ceroso, os tons mais claros devem-se aos feldspatos, as cores azuladas devem-se \u00e0s plagi\u00f3clases labradorites que apresentam iridesc\u00eancia, com reflexos policrom\u00e1ticos. Inclui, em menor quantidade, minerais mais escuros, como biotites e horneblendas e ainda minerais de brilho met\u00e1lico como as magnetites. Formada a grande profundidade, superior \u00e0 dos granitos e com menor conte\u00fado de quartzo, \u00e9 classificada como um sienito, de brilho ceroso-prateado e reflexo azul.<\/p>\n<p><strong>\u00a0<\/strong><strong>APLICA\u00c7\u00d5ES:<\/strong><\/p>\n<ul>\n<li>Piso exterior: Sim<\/li>\n<li>Fachada: Sim<\/li>\n<li>Piso interior: Sim<\/li>\n<li>Revestimento interior: Sim<\/li>\n<li>Casa de Banho: Sim<\/li>\n<li>Lareira: Sim<\/li>\n<li>Mobili\u00e1rio: Sim<\/li>\n<li>Bancada da cozinha: Sim<\/li>\n<li>Retroilumina\u00e7\u00e3o: N\u00e3o<\/li>\n<\/ul>\n<p><strong>DESEMPENHO T\u00c9CNICO:<\/strong><\/p>\n<ul>\n<li>Resist\u00eancia \u00e0 abras\u00e3o: Alta a Moderada<\/li>\n<li>Resist\u00eancia \u00e0 mancha: Alta<\/li>\n<li>Resist\u00eancia \u00e0 Geada e ao Calor: Alta<\/li>\n<li>Resist\u00eancia aos Raios UV: Alta a Moderada<\/li>\n<\/ul>\n<p><strong>CUIDADOS E MANUTEN\u00c7\u00c3O<\/strong><\/p>\n<p>Tal como os granitos, esta rocha n\u00e3o mancha, n\u00e3o fratura, nem risca. T\u00eam muito baixa suscetibilidade aos l\u00edquidos ou atmosferas acidas ou alcalinas, pode ser limpa com a generalidade dos detergentes e desinfetantes. Porque t\u00eam elevada dureza o seu polimento persiste e a superf\u00edcie mant\u00e9m-se muito brilhante.<\/p>\n","protected":false},"excerpt":{"rendered":"<p>Rocha magm\u00e1tica, granular, com textura cristalina uniforme de gr\u00e3o m\u00e9dio a grosseiro, constitu\u00edda essencialmente por minerais cinza-prata, de brilho v\u00edtreo a ceroso, os tons mais claros devem-se aos feldspatos, as cores azuladas devem-se \u00e0s plagi\u00f3clases labradorites que apresentam iridesc\u00eancia, com reflexos policrom\u00e1ticos. Inclui, em menor quantidade, minerais mais escuros, como&hellip;<\/p>\n","protected":false},"featured_media":6613,"template":"","meta":[],"product_cat":[215],"product_tag":[],"acf":[],"_links":{"self":[{"href":"https:\/\/antoniolongarito.com\/stock\/wp-json\/wp\/v2\/product\/4685"}],"collection":[{"href":"https:\/\/antoniolongarito.com\/stock\/wp-json\/wp\/v2\/product"}],"about":[{"href":"https:\/\/antoniolongarito.com\/stock\/wp-json\/wp\/v2\/types\/product"}],"wp:featuredmedia":[{"embeddable":true,"href":"https:\/\/antoniolongarito.com\/stock\/wp-json\/wp\/v2\/media\/6613"}],"wp:attachment":[{"href":"https:\/\/antoniolongarito.com\/stock\/wp-json\/wp\/v2\/media?parent=4685"}],"wp:term":[{"taxonomy":"product_cat","embeddable":true,"href":"https:\/\/antoniolongarito.com\/stock\/wp-json\/wp\/v2\/product_cat?post=4685"},{"taxonomy":"product_tag","embeddable":true,"href":"https:\/\/antoniolongarito.com\/stock\/wp-json\/wp\/v2\/product_tag?post=4685"}],"curies":[{"name":"wp","href":"https:\/\/api.w.org\/{rel}","templated":true}]}}