{"id":4693,"date":"2021-03-05T15:02:44","date_gmt":"2021-03-05T15:02:44","guid":{"rendered":"https:\/\/antoniolongarito.com\/stock\/?post_type=product&#038;p=4693"},"modified":"2021-06-18T16:33:42","modified_gmt":"2021-06-18T16:33:42","slug":"steel-grey-358-2-2","status":"publish","type":"product","link":"https:\/\/antoniolongarito.com\/stock\/product\/steel-grey-358-2-2\/","title":{"rendered":"Steel Grey # AL.SGE358.2"},"content":{"rendered":"<p>Rocha magm\u00e1tica, granular, com textura cristalina pouco uniforme de gr\u00e3o grosseiro, constitu\u00edda essencialmente por minerais cinza acastanhados, de brilho v\u00edtreo a ceroso. Os tons mais claros correspondem aos feldspatos e ao quartzo, os tons escuros \u00e0s horneblendas e biotites. Inclui, em menor quantidade, minerais de brilho met\u00e1lico como as ilmenites. Formada a grande profundidade, superior \u00e0 dos granitos, \u00e9 classificada como quartzo monzonito, por ter conte\u00fados semelhantes de quartzo e feldspato.<\/p>\n<p><strong>APLICA\u00c7\u00d5ES<\/strong><\/p>\n<ul>\n<li>Piso exterior: Sim<\/li>\n<li>Fachada: Sim<\/li>\n<li>Piso interior: Sim<\/li>\n<li>Revestimento interior: Sim<\/li>\n<li>Casa de Banho: Sim<\/li>\n<li>Lareira: Sim<\/li>\n<li>Mobili\u00e1rio: Sim<\/li>\n<li>Bancada da cozinha: Sim<\/li>\n<li>Retroilumina\u00e7\u00e3o: N\u00e3o<\/li>\n<\/ul>\n<p><strong>DESEMPENHO T\u00c9CNICO<\/strong><\/p>\n<ul>\n<li>Resist\u00eancia \u00e0 abras\u00e3o: Alta<\/li>\n<li>Resist\u00eancia \u00e0 mancha: Alta<\/li>\n<li>Resist\u00eancia \u00e0 Geada e ao Calor: Alta<\/li>\n<li>Resist\u00eancia aos Raios UV: Alta<\/li>\n<\/ul>\n<p><strong>CUIDADOS E MANUTEN\u00c7\u00c3O<\/strong><\/p>\n<p>Tal como os granitos, esta rocha n\u00e3o mancha, n\u00e3o fratura, nem risca. T\u00eam muito baixa suscetibilidade aos l\u00edquidos ou atmosferas acidas ou alcalinas, pode ser limpa com a generalidade dos detergentes e desinfetantes. Porque t\u00eam elevada dureza o seu polimento persiste e a superf\u00edcie mant\u00e9m-se muito brilhante. \u00c9 resistentes \u00e0s varia\u00e7\u00f5es e extremos t\u00e9rmicos e, porque possui boa condutividade t\u00e9rmica, a sua aplica\u00e7\u00e3o como isolante ou em sistemas radiantes \u00e9 aconselhada.<\/p>\n","protected":false},"excerpt":{"rendered":"<p>Rocha magm\u00e1tica, granular, com textura cristalina pouco uniforme de gr\u00e3o grosseiro, constitu\u00edda essencialmente por minerais cinza acastanhados, de brilho v\u00edtreo a ceroso. Os tons mais claros correspondem aos feldspatos e ao quartzo, os tons escuros \u00e0s horneblendas e biotites. Inclui, em menor quantidade, minerais de brilho met\u00e1lico como as ilmenites.&hellip;<\/p>\n","protected":false},"featured_media":4690,"template":"","meta":[],"product_cat":[215],"product_tag":[],"acf":[],"_links":{"self":[{"href":"https:\/\/antoniolongarito.com\/stock\/wp-json\/wp\/v2\/product\/4693"}],"collection":[{"href":"https:\/\/antoniolongarito.com\/stock\/wp-json\/wp\/v2\/product"}],"about":[{"href":"https:\/\/antoniolongarito.com\/stock\/wp-json\/wp\/v2\/types\/product"}],"wp:featuredmedia":[{"embeddable":true,"href":"https:\/\/antoniolongarito.com\/stock\/wp-json\/wp\/v2\/media\/4690"}],"wp:attachment":[{"href":"https:\/\/antoniolongarito.com\/stock\/wp-json\/wp\/v2\/media?parent=4693"}],"wp:term":[{"taxonomy":"product_cat","embeddable":true,"href":"https:\/\/antoniolongarito.com\/stock\/wp-json\/wp\/v2\/product_cat?post=4693"},{"taxonomy":"product_tag","embeddable":true,"href":"https:\/\/antoniolongarito.com\/stock\/wp-json\/wp\/v2\/product_tag?post=4693"}],"curies":[{"name":"wp","href":"https:\/\/api.w.org\/{rel}","templated":true}]}}