{"id":4698,"date":"2021-03-05T15:15:04","date_gmt":"2021-03-05T15:15:04","guid":{"rendered":"https:\/\/antoniolongarito.com\/stock\/?post_type=product&#038;p=4698"},"modified":"2021-10-19T13:05:27","modified_gmt":"2021-10-19T13:05:27","slug":"teakwood-tw-02","status":"publish","type":"product","link":"https:\/\/antoniolongarito.com\/stock\/product\/teakwood-tw-02\/","title":{"rendered":"Teakwood # TW.2"},"content":{"rendered":"<p>Arenito levemente bandado, com intercala\u00e7\u00e3o de bandas de cor bege-dourada e cinza-azulada, com uma grada\u00e7\u00e3o vis\u00edvel de tons. \u00c9 constitu\u00eddo essencialmente por quartzo, formado num ambiente sedimentar, com deposi\u00e7\u00e3o c\u00edclica de gr\u00e3os e posterior compacta\u00e7\u00e3o a mais baixa press\u00e3o e temperatura. Tal como no movimento das areias na praia percebe-se esse ritmo de deposi\u00e7\u00e3o pela sua textura bandada. Apresenta porosidade muito fina, que lhe d\u00e1 um toque superficial suave.<\/p>\n<p><strong>APLICA\u00c7\u00d5ES<\/strong><\/p>\n<ul>\n<li>Piso exterior: Sim<\/li>\n<li>Fachada: Sim<\/li>\n<li>Piso interior: Sim<\/li>\n<li>Revestimento interior: Sim<\/li>\n<li>Casa de Banho: Sim<\/li>\n<li>Lareira: Sim<\/li>\n<li>Mobili\u00e1rio: Sim<\/li>\n<li>Bancada da cozinha: Sim<\/li>\n<li>Retroilumina\u00e7\u00e3o: N\u00e3o<\/li>\n<\/ul>\n<p><strong>DESEMPENHO T\u00c9CNICO<\/strong><\/p>\n<ul>\n<li>Resist\u00eancia \u00e0 abras\u00e3o: Alta<\/li>\n<li>Resist\u00eancia \u00e0 mancha: Alta<\/li>\n<li>Resist\u00eancia \u00e0 Geada e ao Calor: Alta<\/li>\n<li>Resist\u00eancia aos Raios UV: Alta<\/li>\n<\/ul>\n<p><strong>CUIDADOS E MANUTEN\u00c7\u00c3O<\/strong><\/p>\n<p>Re\u00fane as propriedades de um granito, como resist\u00eancia mec\u00e2nica e qu\u00edmica e a textura fluida e leve de um m\u00e1rmore bandado. \u00c9 pouco sens\u00edvel \u00e0 acidez ou alcalinidade, mas como \u00e9 poroso tende a manchar em contacto com \u00f3leos ou l\u00edquidos muito concentrados. Pode ser limpo com a generalidade dos detergentes e desinfetantes.<\/p>\n","protected":false},"excerpt":{"rendered":"<p>Arenito levemente bandado, com intercala\u00e7\u00e3o de bandas de cor bege-dourada e cinza-azulada, com uma grada\u00e7\u00e3o vis\u00edvel de tons. \u00c9 constitu\u00eddo essencialmente por quartzo, formado num ambiente sedimentar, com deposi\u00e7\u00e3o c\u00edclica de gr\u00e3os e posterior compacta\u00e7\u00e3o a mais baixa press\u00e3o e temperatura. Tal como no movimento das areias na praia percebe-se&hellip;<\/p>\n","protected":false},"featured_media":4700,"template":"","meta":[],"product_cat":[215],"product_tag":[],"acf":[],"_links":{"self":[{"href":"https:\/\/antoniolongarito.com\/stock\/wp-json\/wp\/v2\/product\/4698"}],"collection":[{"href":"https:\/\/antoniolongarito.com\/stock\/wp-json\/wp\/v2\/product"}],"about":[{"href":"https:\/\/antoniolongarito.com\/stock\/wp-json\/wp\/v2\/types\/product"}],"wp:featuredmedia":[{"embeddable":true,"href":"https:\/\/antoniolongarito.com\/stock\/wp-json\/wp\/v2\/media\/4700"}],"wp:attachment":[{"href":"https:\/\/antoniolongarito.com\/stock\/wp-json\/wp\/v2\/media?parent=4698"}],"wp:term":[{"taxonomy":"product_cat","embeddable":true,"href":"https:\/\/antoniolongarito.com\/stock\/wp-json\/wp\/v2\/product_cat?post=4698"},{"taxonomy":"product_tag","embeddable":true,"href":"https:\/\/antoniolongarito.com\/stock\/wp-json\/wp\/v2\/product_tag?post=4698"}],"curies":[{"name":"wp","href":"https:\/\/api.w.org\/{rel}","templated":true}]}}