{"id":4919,"date":"2021-03-24T10:08:55","date_gmt":"2021-03-24T10:08:55","guid":{"rendered":"https:\/\/antoniolongarito.com\/stock\/?post_type=product&#038;p=4919"},"modified":"2021-07-26T11:35:27","modified_gmt":"2021-07-26T11:35:27","slug":"onyx-luxuria-spider-1038021l001","status":"publish","type":"product","link":"https:\/\/antoniolongarito.com\/stock\/product\/onyx-luxuria-spider-1038021l001\/","title":{"rendered":"Onyx Luxuria Spider # 1038021L001"},"content":{"rendered":"<p>Pela natureza mineral trata-se de um m\u00e1rmore criptocristalino calc\u00edtico, precipitado em ambiente termal, pouco profundo e juvenil, com idades concomitantes aos primeiros vest\u00edgios do Homem. Porque cristalizou em ambiente livre exibe propriedades \u00f3ticas de excecional translucidez, a qual permite aplica\u00e7\u00f5es \u00edmpares de retroilumina\u00e7\u00e3o. Por a\u00e7\u00e3o de movimentos na bacia de forma\u00e7\u00e3o, apresenta uma textura venular, que resulta do preenchimento cristalino de fraturas tardias. As cores est\u00e3o relacionadas com elementos crom\u00f3foros presentes no ambiente de forma\u00e7\u00e3o, que n\u00e3o alteram a estrutura mineral, apenas refor\u00e7am o contraste dos tons, mais intensos e exuberantes, sobretudo quando retroiluminados.<\/p>\n<p><strong>APLICA\u00c7\u00d5ES<\/strong><\/p>\n<ul>\n<li>Piso exterior: N\u00e3o<\/li>\n<li>Fachada: Sim*<\/li>\n<li>Piso interior: Sim*<\/li>\n<li>Revestimento interior: Sim<\/li>\n<li>Casa de Banho: Sim<\/li>\n<li>Lareira: Sim*<\/li>\n<li>Mobili\u00e1rio: Sim<\/li>\n<li>Bancada da cozinha: N\u00e3o<\/li>\n<li>Retroilumina\u00e7\u00e3o: Sim*<\/li>\n<\/ul>\n<p>(*com tratamento e assentamento especializado)<\/p>\n<p><strong>DESEMPENHO T\u00c9CNICO:<\/strong><\/p>\n<ul>\n<li>Resist\u00eancia \u00e0 abras\u00e3o: Moderada a Baixa<\/li>\n<li>Resist\u00eancia \u00e0 mancha: Moderada a Baixa<\/li>\n<li>Resist\u00eancia ao Calor e Geada: Moderada<\/li>\n<li>Resist\u00eancia aos Raios UV: Moderada<\/li>\n<\/ul>\n<p><strong>CUIDADOS E MANUTEN\u00c7\u00c3O<\/strong><\/p>\n<p>A estrutura cristalina dos dois polimorfos de carbonato de c\u00e1lcio garante taxas de porosidade e de absor\u00e7\u00e3o muito baixas, tornando estas superf\u00edcies quase imperme\u00e1veis. Composicionalmente s\u00e3o muito sens\u00edveis aos \u00e1cidos, podendo manchar quando expostos a l\u00edquidos ou atmosferas \u00e1cidas ou muito alcalinas. \u00c9 ainda um material com baixa dureza, pode riscar com areias, metal ou vidro. Deve ser limpo com pano n\u00e3o abrasivo e detergente neutro.<\/p>\n","protected":false},"excerpt":{"rendered":"<p>Pela natureza mineral trata-se de um m\u00e1rmore criptocristalino calc\u00edtico, precipitado em ambiente termal, pouco profundo e juvenil, com idades concomitantes aos primeiros vest\u00edgios do Homem. Porque cristalizou em ambiente livre exibe propriedades \u00f3ticas de excecional translucidez, a qual permite aplica\u00e7\u00f5es \u00edmpares de retroilumina\u00e7\u00e3o. Por a\u00e7\u00e3o de movimentos na bacia de&hellip;<\/p>\n","protected":false},"featured_media":4920,"template":"","meta":[],"product_cat":[217],"product_tag":[],"acf":[],"_links":{"self":[{"href":"https:\/\/antoniolongarito.com\/stock\/wp-json\/wp\/v2\/product\/4919"}],"collection":[{"href":"https:\/\/antoniolongarito.com\/stock\/wp-json\/wp\/v2\/product"}],"about":[{"href":"https:\/\/antoniolongarito.com\/stock\/wp-json\/wp\/v2\/types\/product"}],"wp:featuredmedia":[{"embeddable":true,"href":"https:\/\/antoniolongarito.com\/stock\/wp-json\/wp\/v2\/media\/4920"}],"wp:attachment":[{"href":"https:\/\/antoniolongarito.com\/stock\/wp-json\/wp\/v2\/media?parent=4919"}],"wp:term":[{"taxonomy":"product_cat","embeddable":true,"href":"https:\/\/antoniolongarito.com\/stock\/wp-json\/wp\/v2\/product_cat?post=4919"},{"taxonomy":"product_tag","embeddable":true,"href":"https:\/\/antoniolongarito.com\/stock\/wp-json\/wp\/v2\/product_tag?post=4919"}],"curies":[{"name":"wp","href":"https:\/\/api.w.org\/{rel}","templated":true}]}}