{"id":4935,"date":"2021-03-24T11:14:52","date_gmt":"2021-03-24T11:14:52","guid":{"rendered":"https:\/\/antoniolongarito.com\/stock\/?post_type=product&#038;p=4935"},"modified":"2023-01-31T14:20:10","modified_gmt":"2023-01-31T14:20:10","slug":"verde-guatemala-2004317l004","status":"publish","type":"product","link":"https:\/\/antoniolongarito.com\/stock\/product\/verde-guatemala-2004317l004\/","title":{"rendered":"Verde Guatemala # 2004317L004"},"content":{"rendered":"<p>Serpentinito gerado por processos de alta press\u00e3o e temperatura, superiores aos da forma\u00e7\u00e3o dos m\u00e1rmores convencionais, mas com a natureza qu\u00edmica dos granitos e quartzitos, incluindo silicatos do grupo da serpentina, a que se devem os m\u00faltiplos tons de verdes da matriz, que conserva as formas minerais originais, presentes em fundos oce\u00e2nicos. Podem ainda surgir com maior ou menor contraste apontamentos brancos, de brilho v\u00edtreo correspondendo a minerais carbonatados como as calcites e as dolomites.<\/p>\n<p><strong>APLICA\u00c7\u00d5ES<\/strong><\/p>\n<ul>\n<li>Piso exterior: N\u00e3o<\/li>\n<li>Fachada: N\u00e3o<\/li>\n<li>Piso interior: Sim*<\/li>\n<li>Revestimento interior: Sim<\/li>\n<li>Casa de Banho: N\u00e3o<\/li>\n<li>Lareira: N\u00e3o<\/li>\n<li>Mobili\u00e1rio: Sim<\/li>\n<li>Bancada da cozinha: N\u00e3o<\/li>\n<li>Retroilumina\u00e7\u00e3o: N\u00e3o<br \/>\n(*com tratamento e assentamento especializado)<\/li>\n<\/ul>\n<p><strong>DESEMPENHO T\u00c9CNICO<\/strong><\/p>\n<ul>\n<li>Resist\u00eancia \u00e0 abras\u00e3o: Baixa a Moderada<\/li>\n<li>Resist\u00eancia \u00e0 mancha: Baixa a Moderada<\/li>\n<li>Resist\u00eancia \u00e0 Geada e Calor: Moderada<\/li>\n<li>Resist\u00eancia aos raios UV: Baixa a Moderada<\/li>\n<\/ul>\n<p><strong>CUIDADOS E MANUTEN\u00c7\u00c3O<\/strong><br \/>\nO serpentinito tem as particularidades do m\u00e1rmore no que respeita a cuidados e manuten\u00e7\u00e3o, apesar de pouco poroso \u00e9 especialmente vulner\u00e1vel a \u00e1cidos dom\u00e9sticos como vinagre, mostarda, citrinos, etc., que podem causar manchas quando entram em contacto com a superf\u00edcie e n\u00e3o forem imediatamente limpos. Para evitar estas rea\u00e7\u00f5es aconselha-se um tratamento impermeabilizante. Para a limpeza di\u00e1ria recomenda-se um detergente de pH neutro. Como n\u00e3o \u00e9 uma pedra dura, risca e sofre abras\u00e3o com a utiliza\u00e7\u00e3o continuada, pode ser novamente polida, todavia, o \u201cenvelhecimento\u201d real\u00e7a o brilho natural, sendo este esteticamente muito apreciado.<\/p>\n","protected":false},"excerpt":{"rendered":"<p>Serpentinito gerado por processos de alta press\u00e3o e temperatura, superiores aos da forma\u00e7\u00e3o dos m\u00e1rmores convencionais, mas com a natureza qu\u00edmica dos granitos e quartzitos, incluindo silicatos do grupo da serpentina, a que se devem os m\u00faltiplos tons de verdes da matriz, que conserva as formas minerais originais, presentes em&hellip;<\/p>\n","protected":false},"featured_media":4936,"template":"","meta":[],"product_cat":[215],"product_tag":[],"acf":[],"_links":{"self":[{"href":"https:\/\/antoniolongarito.com\/stock\/wp-json\/wp\/v2\/product\/4935"}],"collection":[{"href":"https:\/\/antoniolongarito.com\/stock\/wp-json\/wp\/v2\/product"}],"about":[{"href":"https:\/\/antoniolongarito.com\/stock\/wp-json\/wp\/v2\/types\/product"}],"wp:featuredmedia":[{"embeddable":true,"href":"https:\/\/antoniolongarito.com\/stock\/wp-json\/wp\/v2\/media\/4936"}],"wp:attachment":[{"href":"https:\/\/antoniolongarito.com\/stock\/wp-json\/wp\/v2\/media?parent=4935"}],"wp:term":[{"taxonomy":"product_cat","embeddable":true,"href":"https:\/\/antoniolongarito.com\/stock\/wp-json\/wp\/v2\/product_cat?post=4935"},{"taxonomy":"product_tag","embeddable":true,"href":"https:\/\/antoniolongarito.com\/stock\/wp-json\/wp\/v2\/product_tag?post=4935"}],"curies":[{"name":"wp","href":"https:\/\/api.w.org\/{rel}","templated":true}]}}