{"id":5120,"date":"2021-04-06T13:44:46","date_gmt":"2021-04-06T13:44:46","guid":{"rendered":"https:\/\/antoniolongarito.com\/stock\/?post_type=product&#038;p=5120"},"modified":"2023-03-23T12:57:01","modified_gmt":"2023-03-23T12:57:01","slug":"azul-macaubas-1008514l002","status":"publish","type":"product","link":"https:\/\/antoniolongarito.com\/stock\/product\/azul-macaubas-1008514l002\/","title":{"rendered":"Azul Macaubas # 1008514L002"},"content":{"rendered":"<p><span style=\"vertical-align: inherit\">Quartzito bandado, com matriz cristalina, de brilho v\u00edtreo e cor branco-azulado, com forte pleocro\u00edsmo, ou seja, conforme varia o \u00e2ngulo de observa\u00e7\u00e3o, o reflexo e os tons mudam. A cor azul deve-se ao mineral dumortierite, que assina o exotismo e a singularidade desta pedra. A e<\/span><span style=\"vertical-align: inherit\">strutura levemente dobrada e fraturada promove geometrias fluidas e descontinuidades ins\u00f3litas. De natureza silicatada, formada por metamorfismo, re\u00fane as melhores propriedades de um granito, a resist\u00eancia mec\u00e2nica e qu\u00edmica, e a leveza de um m\u00e1rmore de tons azuis.<\/span><\/p>\n<p><strong><span style=\"vertical-align: inherit\">APLICA\u00c7\u00d5ES<\/span><\/strong><\/p>\n<ul>\n<li><span style=\"vertical-align: inherit\">Piso exterior: Sim<\/span><\/li>\n<li><span style=\"vertical-align: inherit\">Fachada: Sim<\/span><\/li>\n<li><span style=\"vertical-align: inherit\">Piso interior: Sim<\/span><\/li>\n<li><span style=\"vertical-align: inherit\">Revestimento interior: Sim<\/span><\/li>\n<li><span style=\"vertical-align: inherit\">Casa de Banho: Sim<\/span><\/li>\n<li><span style=\"vertical-align: inherit\">Lareira: sim<\/span><\/li>\n<li><span style=\"vertical-align: inherit\">Mobili\u00e1rio: Sim<\/span><\/li>\n<li><span style=\"vertical-align: inherit\">Bancada da cozinha: Sim<\/span><\/li>\n<li><span style=\"vertical-align: inherit\">Retroilumina\u00e7\u00e3o: Sim<\/span><\/li>\n<\/ul>\n<p><strong><span style=\"vertical-align: inherit\">DESEMPENHO T\u00c9CNICO<\/span><\/strong><\/p>\n<ul>\n<li><span style=\"vertical-align: inherit\">Resist\u00eancia \u00e0 abras\u00e3o: Alta<\/span><\/li>\n<li><span style=\"vertical-align: inherit\">Resist\u00eancia \u00e0 mancha: Alta<\/span><\/li>\n<li><span style=\"vertical-align: inherit\">Resist\u00eancia \u00e0 Geada e ao Calor: Alta<\/span><\/li>\n<li><span style=\"vertical-align: inherit\">Resist\u00eancia aos Raios UV: Alta<\/span><\/li>\n<\/ul>\n<p><strong><span style=\"vertical-align: inherit\">CUIDADOS E MANUTEN\u00c7\u00c3O<\/span><\/strong><\/p>\n<p><span style=\"vertical-align: inherit\">Tal como os granitos n\u00e3o mancham, n\u00e3o fraturam, nem riscam. Entre os padr\u00f5es texturais apresentam uma fractura\u00e7\u00e3o fina, com preenchimento mineral, que sela toda a matriz com uma leve impregna\u00e7\u00e3o com \u00f3xidos, que conferem tons dourados e rubros \u00e0 matriz, pr\u00f3prios do exotismo deste material. S\u00e3o pouco sens\u00edveis aos l\u00edquidos e atmosferas \u00e1cidas ou alcalinas, podem ser limpos com a generalidade dos detergentes e desinfetantes. O seu polimento persiste e a superf\u00edcie mant\u00e9m-se muito brilhante e com o tom azul vivo.<\/span><\/p>\n","protected":false},"excerpt":{"rendered":"<p>Quartzito bandado, com matriz cristalina, de brilho v\u00edtreo e cor branco-azulado, com forte pleocro\u00edsmo, ou seja, conforme varia o \u00e2ngulo de observa\u00e7\u00e3o, o reflexo e os tons mudam. A cor azul deve-se ao mineral dumortierite, que assina o exotismo e a singularidade desta pedra. A estrutura levemente dobrada e fraturada&hellip;<\/p>\n","protected":false},"featured_media":5122,"template":"","meta":[],"product_cat":[215],"product_tag":[],"acf":[],"_links":{"self":[{"href":"https:\/\/antoniolongarito.com\/stock\/wp-json\/wp\/v2\/product\/5120"}],"collection":[{"href":"https:\/\/antoniolongarito.com\/stock\/wp-json\/wp\/v2\/product"}],"about":[{"href":"https:\/\/antoniolongarito.com\/stock\/wp-json\/wp\/v2\/types\/product"}],"wp:featuredmedia":[{"embeddable":true,"href":"https:\/\/antoniolongarito.com\/stock\/wp-json\/wp\/v2\/media\/5122"}],"wp:attachment":[{"href":"https:\/\/antoniolongarito.com\/stock\/wp-json\/wp\/v2\/media?parent=5120"}],"wp:term":[{"taxonomy":"product_cat","embeddable":true,"href":"https:\/\/antoniolongarito.com\/stock\/wp-json\/wp\/v2\/product_cat?post=5120"},{"taxonomy":"product_tag","embeddable":true,"href":"https:\/\/antoniolongarito.com\/stock\/wp-json\/wp\/v2\/product_tag?post=5120"}],"curies":[{"name":"wp","href":"https:\/\/api.w.org\/{rel}","templated":true}]}}