{"id":5156,"date":"2021-04-07T08:17:56","date_gmt":"2021-04-07T08:17:56","guid":{"rendered":"https:\/\/antoniolongarito.com\/stock\/?post_type=product&#038;p=5156"},"modified":"2022-09-29T14:26:51","modified_gmt":"2022-09-29T14:26:51","slug":"taupe-white-2002619l001","status":"publish","type":"product","link":"https:\/\/antoniolongarito.com\/stock\/product\/taupe-white-2002619l001\/","title":{"rendered":"Taupe White # 2002619L001"},"content":{"rendered":"<div class=\"woocommerce-tabs tabs-accordion wc-tabs-wrapper\">\n<div id=\"tab-desc_tab\" class=\"woocommerce-Tabs-panel woocommerce-Tabs-panel--desc_tab panel entry-content wc-tab\" role=\"tabpanel\" aria-labelledby=\"tab-title-desc_tab\">\n<p>Granito de textura granular heterog\u00e9nea, com grande varia\u00e7\u00e3o no tamanho, na forma dos gr\u00e3os, alinhados segundo bandas. O quartzo domina os tons mais claros, com brilho v\u00edtreo, os feldspatos determinam a cor creme-acastanhada e as micas s\u00e3o respons\u00e1veis pelo movimento que esta pedra aparenta, bem como, pelos reflexos met\u00e1licos escuros. Este granito tem uma singularidade composicional, um mineral semiprecioso que \u00e9 a granada de cor rosa-acastanhada, brilho v\u00edtreo, e forma arredondada. A presen\u00e7a deste mineral e o alinhamento dos gr\u00e3os conferem a este granito uma assinatura ex\u00f3tica.<\/p>\n<p><strong>APLICA\u00c7\u00d5ES:<\/strong><\/p>\n<ul>\n<li>Piso exterior: Sim<\/li>\n<li>Fachada: Sim<\/li>\n<li>Piso interior: Sim<\/li>\n<li>Revestimento interior: Sim<\/li>\n<li>Casa de Banho: Sim<\/li>\n<li>Lareira: Sim<\/li>\n<li>Mobili\u00e1rio: Sim<\/li>\n<li>Bancada da cozinha: Sim<\/li>\n<li>Retroilumina\u00e7\u00e3o: N\u00e3o<\/li>\n<\/ul>\n<p><strong>DESEMPENHO T\u00c9CNICO:<\/strong><\/p>\n<ul>\n<li>Resist\u00eancia \u00e0 abras\u00e3o: Alta<\/li>\n<li>Resist\u00eancia \u00e0 mancha: Alta<\/li>\n<li>Resist\u00eancia \u00e0 Geada e ao Calor: Alta<\/li>\n<li>Resist\u00eancia aos Raios UV: Moderado<\/li>\n<\/ul>\n<p><strong>CUIDADOS E MANUTEN\u00c7\u00c3O<\/strong><\/p>\n<p>Os granitos n\u00e3o mancham, n\u00e3o fraturam, nem riscam. T\u00eam muito baixa suscetibilidade aos l\u00edquidos ou atmosferas acidas ou alcalinas, podem ser limpos com a generalidade dos detergentes e desinfetantes. Porque t\u00eam elevada dureza o seu polimento persiste e a superf\u00edcie mant\u00e9m-se brilhante. Os granitos s\u00e3o muito resistentes \u00e0s varia\u00e7\u00f5es e extremos t\u00e9rmicos e, porque possuem adequada condutividade t\u00e9rmica, a sua aplica\u00e7\u00e3o como isolante ou em sistemas radiantes \u00e9 largamente aconselhada.<\/p>\n<\/div>\n<\/div>\n","protected":false},"excerpt":{"rendered":"<p>Granito de textura granular heterog\u00e9nea, com grande varia\u00e7\u00e3o no tamanho, na forma dos gr\u00e3os, alinhados segundo bandas. O quartzo domina os tons mais claros, com brilho v\u00edtreo, os feldspatos determinam a cor creme-acastanhada e as micas s\u00e3o respons\u00e1veis pelo movimento que esta pedra aparenta, bem como, pelos reflexos met\u00e1licos escuros.&hellip;<\/p>\n","protected":false},"featured_media":6447,"template":"","meta":[],"product_cat":[215],"product_tag":[],"acf":[],"_links":{"self":[{"href":"https:\/\/antoniolongarito.com\/stock\/wp-json\/wp\/v2\/product\/5156"}],"collection":[{"href":"https:\/\/antoniolongarito.com\/stock\/wp-json\/wp\/v2\/product"}],"about":[{"href":"https:\/\/antoniolongarito.com\/stock\/wp-json\/wp\/v2\/types\/product"}],"wp:featuredmedia":[{"embeddable":true,"href":"https:\/\/antoniolongarito.com\/stock\/wp-json\/wp\/v2\/media\/6447"}],"wp:attachment":[{"href":"https:\/\/antoniolongarito.com\/stock\/wp-json\/wp\/v2\/media?parent=5156"}],"wp:term":[{"taxonomy":"product_cat","embeddable":true,"href":"https:\/\/antoniolongarito.com\/stock\/wp-json\/wp\/v2\/product_cat?post=5156"},{"taxonomy":"product_tag","embeddable":true,"href":"https:\/\/antoniolongarito.com\/stock\/wp-json\/wp\/v2\/product_tag?post=5156"}],"curies":[{"name":"wp","href":"https:\/\/api.w.org\/{rel}","templated":true}]}}