{"id":5340,"date":"2021-04-14T09:51:40","date_gmt":"2021-04-14T09:51:40","guid":{"rendered":"https:\/\/antoniolongarito.com\/stock\/?post_type=product&#038;p=5340"},"modified":"2024-08-05T14:27:27","modified_gmt":"2024-08-05T14:27:27","slug":"lilac-2002620l001","status":"publish","type":"product","link":"https:\/\/antoniolongarito.com\/stock\/product\/lilac-2002620l001\/","title":{"rendered":"Lilac # 2002620L001 &#8211; FORA DE STOCK"},"content":{"rendered":"<p>Este \u00e9 um m\u00e1rmore cl\u00e1ssico entre os cl\u00e1ssicos. A pedra de elei\u00e7\u00e3o para decora\u00e7\u00f5es serenas e elegantes. Com brilho e luminosidade que fazem jus ao significado original da palavra grega. Combina o alto polimento com texturas suaves e not\u00e1veis, de transi\u00e7\u00e3o gradual com a matriz, e com alto contraste para os veios. Esta combina\u00e7\u00e3o deve-se \u00e0 g\u00e9nese metam\u00f3rfica, em profundidade e com alta press\u00e3o e temperatura, reformulando rochas pr\u00e9-existentes, neste caso, calc\u00e1rios muito cristalinos. Os aspetos texturais devem-se \u00e0 presen\u00e7a de minerais reativos, do grupo das argilas e dos sulfuretos, que se v\u00e3o equilibrando ao longo do tempo de forma\u00e7\u00e3o, passando a integrar destacadamente a matriz calc\u00edtica.<\/p>\n<p><strong>APLICA\u00c7\u00d5ES<\/strong><\/p>\n<ul>\n<li>Piso exterior: Sim*<\/li>\n<li>Fachada: Sim*<\/li>\n<li>Piso interior: Sim*<\/li>\n<li>Revestimento interior: Sim<\/li>\n<li>Casa de Banho: Sim<\/li>\n<li>Lareira: Sim*<\/li>\n<li>Mobili\u00e1rio: Sim<\/li>\n<li>Bancada da cozinha: N\u00e3o<\/li>\n<li>Retroilumina\u00e7\u00e3o: N\u00e3o<\/li>\n<\/ul>\n<p>(*com tratamento e assentamento especializado)<\/p>\n<p><strong>DESEMPENHO T\u00c9CNICO<\/strong><\/p>\n<ul>\n<li>Resist\u00eancia \u00e0 abras\u00e3o: Baixa a Moderada<\/li>\n<li>Resist\u00eancia \u00e0 mancha: Moderada<\/li>\n<li>Resist\u00eancia \u00e0 Geada e Calor: Moderada<\/li>\n<li>Resist\u00eancia aos raios UV: Moderada a Alta<\/li>\n<\/ul>\n<p><strong>CUIDADOS E MANUTEN\u00c7\u00c3O<\/strong><\/p>\n<p>O m\u00e1rmore apesar de muito pouco poroso \u00e9 especialmente vulner\u00e1vel a \u00e1cidos dom\u00e9sticos como vinagre, mostarda, citrinos, etc. Se n\u00e3o forem imediatamente limpos, os l\u00edquidos \u00e1cidos podem causar manchas quando entram em contacto com a superf\u00edcie. Para evitar isto aconselha-se um tratamento impermeabilizante. Para a limpeza di\u00e1ria recomenda-se um detergente de pH neutro. Como apresenta baixa dureza, pode riscar e sofrer abras\u00e3o com uma utiliza\u00e7\u00e3o continuada, perdendo o polimento sem perder o brilho natural. Considera-se este \u201cenvelhecimento\u201d uma particularidade est\u00e9tica \u00fanica destes m\u00e1rmores.<\/p>\n","protected":false},"excerpt":{"rendered":"<p>Este \u00e9 um m\u00e1rmore cl\u00e1ssico entre os cl\u00e1ssicos. A pedra de elei\u00e7\u00e3o para decora\u00e7\u00f5es serenas e elegantes. Com brilho e luminosidade que fazem jus ao significado original da palavra grega. Combina o alto polimento com texturas suaves e not\u00e1veis, de transi\u00e7\u00e3o gradual com a matriz, e com alto contraste para&hellip;<\/p>\n","protected":false},"featured_media":5343,"template":"","meta":[],"product_cat":[216],"product_tag":[],"acf":[],"_links":{"self":[{"href":"https:\/\/antoniolongarito.com\/stock\/wp-json\/wp\/v2\/product\/5340"}],"collection":[{"href":"https:\/\/antoniolongarito.com\/stock\/wp-json\/wp\/v2\/product"}],"about":[{"href":"https:\/\/antoniolongarito.com\/stock\/wp-json\/wp\/v2\/types\/product"}],"wp:featuredmedia":[{"embeddable":true,"href":"https:\/\/antoniolongarito.com\/stock\/wp-json\/wp\/v2\/media\/5343"}],"wp:attachment":[{"href":"https:\/\/antoniolongarito.com\/stock\/wp-json\/wp\/v2\/media?parent=5340"}],"wp:term":[{"taxonomy":"product_cat","embeddable":true,"href":"https:\/\/antoniolongarito.com\/stock\/wp-json\/wp\/v2\/product_cat?post=5340"},{"taxonomy":"product_tag","embeddable":true,"href":"https:\/\/antoniolongarito.com\/stock\/wp-json\/wp\/v2\/product_tag?post=5340"}],"curies":[{"name":"wp","href":"https:\/\/api.w.org\/{rel}","templated":true}]}}