{"id":5389,"date":"2021-04-16T09:17:10","date_gmt":"2021-04-16T09:17:10","guid":{"rendered":"https:\/\/antoniolongarito.com\/stock\/?post_type=product&#038;p=5389"},"modified":"2022-10-04T15:13:48","modified_gmt":"2022-10-04T15:13:48","slug":"crema-antuerpia-1005515l001","status":"publish","type":"product","link":"https:\/\/antoniolongarito.com\/stock\/product\/crema-antuerpia-1005515l001\/","title":{"rendered":"Crema Antu\u00e9rpia # 1005515L001"},"content":{"rendered":"<p><strong>APLICA\u00c7\u00d5ES<\/strong><\/p>\n<ul>\n<li>Piso exterior: N\u00e3o<\/li>\n<li>Fachada: Sim<\/li>\n<li>Piso interior: Sim*<\/li>\n<li>Revestimento interior: Sim<\/li>\n<li>Casa de Banho: Sim<\/li>\n<li>Lareira: Sim*<\/li>\n<li>Mobili\u00e1rio: Sim<\/li>\n<li>Bancada da cozinha: N\u00e3o<\/li>\n<\/ul>\n<p>(*com tratamento e assentamento especializado)<\/p>\n<p><strong>DESEMPENHO T\u00c9CNICO<\/strong><\/p>\n<ul>\n<li>Resist\u00eancia \u00e0 abras\u00e3o: Baixa<\/li>\n<li>Resist\u00eancia \u00e0 mancha: Moderado<\/li>\n<li>Resist\u00eancia \u00e0 geada e ao calor: Baixa<\/li>\n<li>Resist\u00eancia aos raios UV: Moderado<\/li>\n<\/ul>\n<p><strong>CUIDADOS E MANUTEN\u00c7\u00c3O<\/strong><\/p>\n<p>Por ser especialmente vulner\u00e1vel a l\u00edquidos e atmosferas \u00e1cidas, limpar com detergentes neutros. Entre os v\u00e1rios carbonatos apresenta menor porosidade, o que reduz o risco de mancha e amplia a gama de aplica\u00e7\u00f5es em ambientes h\u00famidos. Evite produtos abrasivos ou que possam riscar, como areias e metais.<\/p>\n","protected":false},"excerpt":{"rendered":"<p>APLICA\u00c7\u00d5ES Piso exterior: N\u00e3o Fachada: Sim Piso interior: Sim* Revestimento interior: Sim Casa de Banho: Sim Lareira: Sim* Mobili\u00e1rio: Sim Bancada da cozinha: N\u00e3o (*com tratamento e assentamento especializado) DESEMPENHO T\u00c9CNICO Resist\u00eancia \u00e0 abras\u00e3o: Baixa Resist\u00eancia \u00e0 mancha: Moderado Resist\u00eancia \u00e0 geada e ao calor: Baixa Resist\u00eancia aos raios UV:&hellip;<\/p>\n","protected":false},"featured_media":5391,"template":"","meta":[],"product_cat":[216],"product_tag":[],"acf":[],"_links":{"self":[{"href":"https:\/\/antoniolongarito.com\/stock\/wp-json\/wp\/v2\/product\/5389"}],"collection":[{"href":"https:\/\/antoniolongarito.com\/stock\/wp-json\/wp\/v2\/product"}],"about":[{"href":"https:\/\/antoniolongarito.com\/stock\/wp-json\/wp\/v2\/types\/product"}],"wp:featuredmedia":[{"embeddable":true,"href":"https:\/\/antoniolongarito.com\/stock\/wp-json\/wp\/v2\/media\/5391"}],"wp:attachment":[{"href":"https:\/\/antoniolongarito.com\/stock\/wp-json\/wp\/v2\/media?parent=5389"}],"wp:term":[{"taxonomy":"product_cat","embeddable":true,"href":"https:\/\/antoniolongarito.com\/stock\/wp-json\/wp\/v2\/product_cat?post=5389"},{"taxonomy":"product_tag","embeddable":true,"href":"https:\/\/antoniolongarito.com\/stock\/wp-json\/wp\/v2\/product_tag?post=5389"}],"curies":[{"name":"wp","href":"https:\/\/api.w.org\/{rel}","templated":true}]}}