{"id":5428,"date":"2021-04-16T14:03:34","date_gmt":"2021-04-16T14:03:34","guid":{"rendered":"https:\/\/antoniolongarito.com\/stock\/?post_type=product&#038;p=5428"},"modified":"2023-09-21T09:36:58","modified_gmt":"2023-09-21T09:36:58","slug":"arabescato-orobico-grigio-2002613l001","status":"publish","type":"product","link":"https:\/\/antoniolongarito.com\/stock\/product\/arabescato-orobico-grigio-2002613l001\/","title":{"rendered":"Arabescato Orobico Grigio # 2002613L001 &#8211; RESERVADAS"},"content":{"rendered":"<p>Dolomite bandada e intensamente brechificada, de matriz microcristalina com varia\u00e7\u00e3o de tons muito pronunciada nas cores cinza, castanha e creme. Esta varia\u00e7\u00e3o deve-se ao conte\u00fado org\u00e2nico que marca acentuadamente algumas bandas, e \u00e9 refor\u00e7ado pela presen\u00e7a de fosseis, sobretudo nos n\u00edveis mais claros. Podem reconhecer-se formas irregulares e veios dourados, preenchidos com \u00f3xidos de ferro e ainda finos estilolitos, brancos e transl\u00facidos, que correspondem a fissuras crenuladas, seladas por carbonatos de c\u00e1lcio.<\/p>\n<p><strong>APLICA\u00c7\u00d5ES<\/strong><\/p>\n<ul>\n<li>Piso exterior: N\u00e3o<\/li>\n<li>Fachada: N\u00e3o<\/li>\n<li>Piso interior: Sim*<\/li>\n<li>Revestimento interior: Sim<\/li>\n<li>Casa de Banho: Sim*<\/li>\n<li>Lareira: Sim*<\/li>\n<li>Mobili\u00e1rio: Sim<\/li>\n<li>Bancada da cozinha: N\u00e3o<\/li>\n<\/ul>\n<p>(*com tratamento e assentamento especializado)<\/p>\n<p><strong>DESEMPENHO T\u00c9CNICO<\/strong><\/p>\n<ul>\n<li>Resist\u00eancia \u00e0 abras\u00e3o: Baixa a Moderada<\/li>\n<li>Resist\u00eancia \u00e0 mancha: Baixa<\/li>\n<li>Resist\u00eancia \u00e0 geada e ao calor: Baixa a Moderada<\/li>\n<li>Resist\u00eancia aos raios UV: Baixa<\/li>\n<\/ul>\n<p><strong>CUIDADOS E MANUTEN\u00c7\u00c3O<\/strong><\/p>\n<p>Por ser vulner\u00e1vel a l\u00edquidos e a atmosferas \u00e1cidas deve limpar-se com detergentes neutros. Com exposi\u00e7\u00e3o muito incidente aos raios UV podem formar-se manchas e irregularidades na matriz. Evite produtos abrasivos ou objetos angulosos que possam riscar, como areias e metais. Os tratamentos de selagem e impermeabiliza\u00e7\u00e3o s\u00e3o recomendados nas aplica\u00e7\u00f5es exteriores e em ambientes h\u00famidos.<\/p>\n","protected":false},"excerpt":{"rendered":"<p>Dolomite bandada e intensamente brechificada, de matriz microcristalina com varia\u00e7\u00e3o de tons muito pronunciada nas cores cinza, castanha e creme. Esta varia\u00e7\u00e3o deve-se ao conte\u00fado org\u00e2nico que marca acentuadamente algumas bandas, e \u00e9 refor\u00e7ado pela presen\u00e7a de fosseis, sobretudo nos n\u00edveis mais claros. Podem reconhecer-se formas irregulares e veios dourados,&hellip;<\/p>\n","protected":false},"featured_media":5430,"template":"","meta":[],"product_cat":[216],"product_tag":[],"acf":[],"_links":{"self":[{"href":"https:\/\/antoniolongarito.com\/stock\/wp-json\/wp\/v2\/product\/5428"}],"collection":[{"href":"https:\/\/antoniolongarito.com\/stock\/wp-json\/wp\/v2\/product"}],"about":[{"href":"https:\/\/antoniolongarito.com\/stock\/wp-json\/wp\/v2\/types\/product"}],"wp:featuredmedia":[{"embeddable":true,"href":"https:\/\/antoniolongarito.com\/stock\/wp-json\/wp\/v2\/media\/5430"}],"wp:attachment":[{"href":"https:\/\/antoniolongarito.com\/stock\/wp-json\/wp\/v2\/media?parent=5428"}],"wp:term":[{"taxonomy":"product_cat","embeddable":true,"href":"https:\/\/antoniolongarito.com\/stock\/wp-json\/wp\/v2\/product_cat?post=5428"},{"taxonomy":"product_tag","embeddable":true,"href":"https:\/\/antoniolongarito.com\/stock\/wp-json\/wp\/v2\/product_tag?post=5428"}],"curies":[{"name":"wp","href":"https:\/\/api.w.org\/{rel}","templated":true}]}}