{"id":5459,"date":"2021-04-19T08:56:12","date_gmt":"2021-04-19T08:56:12","guid":{"rendered":"https:\/\/antoniolongarito.com\/stock\/?post_type=product&#038;p=5459"},"modified":"2023-06-30T15:06:07","modified_gmt":"2023-06-30T15:06:07","slug":"matrix-1035011l001","status":"publish","type":"product","link":"https:\/\/antoniolongarito.com\/stock\/product\/matrix-1035011l001\/","title":{"rendered":"Matrix # 1035011L001"},"content":{"rendered":"<p>Formado num ambiente de mistura, esta \u00e9 uma pedra que conserva as melhores propriedades de um granito, da resist\u00eancia mec\u00e2nica \u00e0 qu\u00edmica e alia o exotismo textural de um quartzito bandado, neste caso com planos de xistosidade negros e luzentes, dobrados e intercetadas por minerais com maior contraste de dureza. Em geologia chama-se micaxisto mosqueado, de matriz mic\u00e1cea suave, potenciada pelo acabamento <em>leather<\/em> e com pontua\u00e7\u00f5es de biotite alongada e com distribui\u00e7\u00e3o desordenada que marcam bem o estilo irreverente deste material.<\/p>\n<p><strong>APLICA\u00c7\u00d5ES<\/strong><\/p>\n<ul>\n<li>Piso exterior: N\u00e3o<\/li>\n<li>Fachada: Sim<\/li>\n<li>Piso interior: N\u00e3o<\/li>\n<li>Revestimento interior: Sim<\/li>\n<li>Casa de Banho: Sim<\/li>\n<li>Lareira: Sim<\/li>\n<li>Mobili\u00e1rio: Sim<\/li>\n<li>Bancada da cozinha: N\u00e3o<\/li>\n<li>Retroilumina\u00e7\u00e3o: N\u00e3o<\/li>\n<\/ul>\n<p><strong>DESEMPENHO T\u00c9CNICO<\/strong><\/p>\n<ul>\n<li>Resist\u00eancia \u00e0 abras\u00e3o: Alta<\/li>\n<li>Resist\u00eancia \u00e0 mancha: Alta<\/li>\n<li>Resist\u00eancia \u00e0 Geada e ao Calor: Alta<\/li>\n<li>Resist\u00eancia aos Raios UV: Alta<\/li>\n<\/ul>\n<p><strong>CUIDADOS E MANUTEN\u00c7\u00c3O<\/strong><\/p>\n<p>Tal como os granitos n\u00e3o mancham, mas apresentam planos de fratura preferencial, e em determinadas orienta\u00e7\u00f5es podem riscar. Entre os padr\u00f5es texturais apresentam xistosidades e pontua\u00e7\u00f5es que sugerem riscas e manchas, todavia, s\u00e3o naturais e pr\u00f3prias do exotismo deste material. S\u00e3o pouco sens\u00edveis aos l\u00edquidos e atmosferas \u00e1cidas ou alcalinas, podem ser limpos com a generalidade dos detergentes e desinfetantes. Porque t\u00eam alto contraste de dureza adequam-se bem a acabamentos polido, <em>leather<\/em> ou amaciado. O seu polimento persiste e a superf\u00edcie mant\u00e9m-se por muito tempo ou, pode receber novo polimento, se estiver sujeito a maior abras\u00e3o.<\/p>\n","protected":false},"excerpt":{"rendered":"<p>Formado num ambiente de mistura, esta \u00e9 uma pedra que conserva as melhores propriedades de um granito, da resist\u00eancia mec\u00e2nica \u00e0 qu\u00edmica e alia o exotismo textural de um quartzito bandado, neste caso com planos de xistosidade negros e luzentes, dobrados e intercetadas por minerais com maior contraste de dureza.&hellip;<\/p>\n","protected":false},"featured_media":5460,"template":"","meta":[],"product_cat":[215],"product_tag":[],"acf":[],"_links":{"self":[{"href":"https:\/\/antoniolongarito.com\/stock\/wp-json\/wp\/v2\/product\/5459"}],"collection":[{"href":"https:\/\/antoniolongarito.com\/stock\/wp-json\/wp\/v2\/product"}],"about":[{"href":"https:\/\/antoniolongarito.com\/stock\/wp-json\/wp\/v2\/types\/product"}],"wp:featuredmedia":[{"embeddable":true,"href":"https:\/\/antoniolongarito.com\/stock\/wp-json\/wp\/v2\/media\/5460"}],"wp:attachment":[{"href":"https:\/\/antoniolongarito.com\/stock\/wp-json\/wp\/v2\/media?parent=5459"}],"wp:term":[{"taxonomy":"product_cat","embeddable":true,"href":"https:\/\/antoniolongarito.com\/stock\/wp-json\/wp\/v2\/product_cat?post=5459"},{"taxonomy":"product_tag","embeddable":true,"href":"https:\/\/antoniolongarito.com\/stock\/wp-json\/wp\/v2\/product_tag?post=5459"}],"curies":[{"name":"wp","href":"https:\/\/api.w.org\/{rel}","templated":true}]}}