{"id":5501,"date":"2021-04-19T14:13:37","date_gmt":"2021-04-19T14:13:37","guid":{"rendered":"https:\/\/antoniolongarito.com\/stock\/?post_type=product&#038;p=5501"},"modified":"2023-03-20T10:23:30","modified_gmt":"2023-03-20T10:23:30","slug":"onyx-rosa-1038021l001","status":"publish","type":"product","link":"https:\/\/antoniolongarito.com\/stock\/product\/onyx-rosa-1038021l001\/","title":{"rendered":"Onyx Rosa # 1038021L001"},"content":{"rendered":"<p>Pela natureza mineral trata-se de um m\u00e1rmore criptocristalino, calc\u00edtico e aragon\u00edtico, precipitado em ambiente termal, pouco profundo e juvenil, com idades concomitantes aos primeiros vest\u00edgios do Homem. Porque cristalizou em ambiente livre, e por ter sido pouco afetado por varia\u00e7\u00f5es de press\u00e3o e temperatura, exibe propriedades \u00f3ticas de excecional translucidez, as quais permitem aplica\u00e7\u00f5es \u00edmpares de retroilumina\u00e7\u00e3o. A cor est\u00e1 relacionada com um elemento crom\u00f3foro presente no ambiente de forma\u00e7\u00e3o, que n\u00e3o altera a estrutura mineral, apenas refor\u00e7a os tons mais suaves ou intensos. A textura \u00e9 levemente colapsada, apresentando uma fractura\u00e7\u00e3o natural, selada por \u00f3xidos que contrastam com a matriz rosa e assinam padr\u00f5es t\u00edpicos deste \u00f3nix.<\/p>\n<p><strong>APLICA\u00c7\u00d5ES<\/strong><\/p>\n<ul>\n<li>Piso exterior: N\u00e3o<\/li>\n<li>Fachada: Sim*<\/li>\n<li>Piso interior: Sim*<\/li>\n<li>Revestimento interior: Sim<\/li>\n<li>Casa de Banho: Sim<\/li>\n<li>Lareira: Sim*<\/li>\n<li>Mobili\u00e1rio: Sim<\/li>\n<li>Bancada da cozinha: N\u00e3o<\/li>\n<li>Retroilumina\u00e7\u00e3o: Sim*<\/li>\n<\/ul>\n<p>(*com tratamento e assentamento especializado)<\/p>\n<p><strong>DESEMPENHO T\u00c9CNICO:<\/strong><\/p>\n<ul>\n<li>Resist\u00eancia \u00e0 abras\u00e3o: Moderada a Baixa<\/li>\n<li>Resist\u00eancia \u00e0 mancha: Moderada a Baixa<\/li>\n<li>Resist\u00eancia ao Calor e Geada: Moderada<\/li>\n<li>Resist\u00eancia aos Raios UV: Moderada<\/li>\n<\/ul>\n<p><strong>CUIDADOS E MANUTEN\u00c7\u00c3O<\/strong><\/p>\n<p>A estrutura cristalina dos dois polimorfos de carbonato de c\u00e1lcio garante taxas de porosidade e de absor\u00e7\u00e3o muito baixas, tornando estas superf\u00edcies quase imperme\u00e1veis. Composicionalmente s\u00e3o muito sens\u00edveis aos \u00e1cidos, podendo manchar quando expostos a l\u00edquidos ou atmosferas \u00e1cidas ou muito alcalinas. \u00c9 ainda um material com baixa dureza, pode riscar com areias, metal ou vidro. Deve ser limpo com pano n\u00e3o abrasivo e detergente neutro.<\/p>\n","protected":false},"excerpt":{"rendered":"<p>Pela natureza mineral trata-se de um m\u00e1rmore criptocristalino, calc\u00edtico e aragon\u00edtico, precipitado em ambiente termal, pouco profundo e juvenil, com idades concomitantes aos primeiros vest\u00edgios do Homem. Porque cristalizou em ambiente livre, e por ter sido pouco afetado por varia\u00e7\u00f5es de press\u00e3o e temperatura, exibe propriedades \u00f3ticas de excecional translucidez,&hellip;<\/p>\n","protected":false},"featured_media":5504,"template":"","meta":[],"product_cat":[217],"product_tag":[],"acf":[],"_links":{"self":[{"href":"https:\/\/antoniolongarito.com\/stock\/wp-json\/wp\/v2\/product\/5501"}],"collection":[{"href":"https:\/\/antoniolongarito.com\/stock\/wp-json\/wp\/v2\/product"}],"about":[{"href":"https:\/\/antoniolongarito.com\/stock\/wp-json\/wp\/v2\/types\/product"}],"wp:featuredmedia":[{"embeddable":true,"href":"https:\/\/antoniolongarito.com\/stock\/wp-json\/wp\/v2\/media\/5504"}],"wp:attachment":[{"href":"https:\/\/antoniolongarito.com\/stock\/wp-json\/wp\/v2\/media?parent=5501"}],"wp:term":[{"taxonomy":"product_cat","embeddable":true,"href":"https:\/\/antoniolongarito.com\/stock\/wp-json\/wp\/v2\/product_cat?post=5501"},{"taxonomy":"product_tag","embeddable":true,"href":"https:\/\/antoniolongarito.com\/stock\/wp-json\/wp\/v2\/product_tag?post=5501"}],"curies":[{"name":"wp","href":"https:\/\/api.w.org\/{rel}","templated":true}]}}