{"id":5522,"date":"2021-04-20T08:28:40","date_gmt":"2021-04-20T08:28:40","guid":{"rendered":"https:\/\/antoniolongarito.com\/stock\/?post_type=product&#038;p=5522"},"modified":"2021-10-19T15:32:06","modified_gmt":"2021-10-19T15:32:06","slug":"black-cosmic-2002613l001","status":"publish","type":"product","link":"https:\/\/antoniolongarito.com\/stock\/product\/black-cosmic-2002613l001\/","title":{"rendered":"Black Cosmic # 2002613L001"},"content":{"rendered":"<p>Formado num ambiente de mistura, esta \u00e9 uma pedra que conserva as melhores propriedades de um granito, da resist\u00eancia mec\u00e2nica \u00e0 qu\u00edmica e que alia o exotismo textural e mineral\u00f3gico de um quartzito bandado, com cores e gradientes do negro ao cinza prateado e dourado. Em geologia chama-se migmatito, apresenta alto contraste de dureza entre os seus minerais, veios de quartzo e matriz mic\u00e1cea, microfraturas e dobras, pontua\u00e7\u00f5es de minerais semipreciosos, como as granadas em pontua\u00e7\u00f5es rosa v\u00edtreo, ousado e inesperado.<\/p>\n<p><strong>APLICA\u00c7\u00d5ES<\/strong><\/p>\n<ul>\n<li>Piso exterior: Sim<\/li>\n<li>Fachada: Sim<\/li>\n<li>Piso interior: Sim*<\/li>\n<li>Revestimento interior: Sim<\/li>\n<li>Casa de Banho: Sim<\/li>\n<li>Lareira: Sim*<\/li>\n<li>Mobili\u00e1rio: Sim<\/li>\n<li>Bancada da cozinha: N\u00e3o<\/li>\n<li>Retroilumina\u00e7\u00e3o: Sim*<\/li>\n<\/ul>\n<p>(*com tratamento e assentamento especializado)<\/p>\n<p><strong>DESEMPENHO T\u00c9CNICO<\/strong><\/p>\n<ul>\n<li>Resist\u00eancia \u00e0 abras\u00e3o: Alta<\/li>\n<li>Resist\u00eancia \u00e0 mancha: Alta<\/li>\n<li>Resist\u00eancia \u00e0 Geada e ao Calor: Alta<\/li>\n<li>Resist\u00eancia aos Raios UV: Alta a Moderada<\/li>\n<\/ul>\n<p><strong>CUIDADOS E MANUTEN\u00c7\u00c3O<\/strong><\/p>\n<p>Tal como os granitos n\u00e3o mancham, n\u00e3o fraturam, nem riscam. Entre os padr\u00f5es texturais apresentam veios e alinhamentos que sugerem riscas ou manchas, todavia, s\u00e3o pr\u00f3prias do exotismo deste material. S\u00e3o pouco sens\u00edveis aos l\u00edquidos e atmosferas acidas ou alcalinas, podem ser limpos com a generalidade dos detergentes e desinfetantes.<\/p>\n","protected":false},"excerpt":{"rendered":"<p>Formado num ambiente de mistura, esta \u00e9 uma pedra que conserva as melhores propriedades de um granito, da resist\u00eancia mec\u00e2nica \u00e0 qu\u00edmica e que alia o exotismo textural e mineral\u00f3gico de um quartzito bandado, com cores e gradientes do negro ao cinza prateado e dourado. Em geologia chama-se migmatito, apresenta&hellip;<\/p>\n","protected":false},"featured_media":6641,"template":"","meta":[],"product_cat":[215],"product_tag":[],"acf":[],"_links":{"self":[{"href":"https:\/\/antoniolongarito.com\/stock\/wp-json\/wp\/v2\/product\/5522"}],"collection":[{"href":"https:\/\/antoniolongarito.com\/stock\/wp-json\/wp\/v2\/product"}],"about":[{"href":"https:\/\/antoniolongarito.com\/stock\/wp-json\/wp\/v2\/types\/product"}],"wp:featuredmedia":[{"embeddable":true,"href":"https:\/\/antoniolongarito.com\/stock\/wp-json\/wp\/v2\/media\/6641"}],"wp:attachment":[{"href":"https:\/\/antoniolongarito.com\/stock\/wp-json\/wp\/v2\/media?parent=5522"}],"wp:term":[{"taxonomy":"product_cat","embeddable":true,"href":"https:\/\/antoniolongarito.com\/stock\/wp-json\/wp\/v2\/product_cat?post=5522"},{"taxonomy":"product_tag","embeddable":true,"href":"https:\/\/antoniolongarito.com\/stock\/wp-json\/wp\/v2\/product_tag?post=5522"}],"curies":[{"name":"wp","href":"https:\/\/api.w.org\/{rel}","templated":true}]}}