{"id":5546,"date":"2021-04-20T11:06:16","date_gmt":"2021-04-20T11:06:16","guid":{"rendered":"https:\/\/antoniolongarito.com\/stock\/?post_type=product&#038;p=5546"},"modified":"2025-10-17T09:51:58","modified_gmt":"2025-10-17T09:51:58","slug":"bronze-armani-gt1-b3-ba8914","status":"publish","type":"product","link":"https:\/\/antoniolongarito.com\/stock\/product\/bronze-armani-gt1-b3-ba8914\/","title":{"rendered":"Bronze Armani # GT1.B3+BA8914"},"content":{"rendered":"<p>Dolomite microcristalina, de muito baixa porosidade, tal como os m\u00e1rmores.\u00a0 Matriz com varia\u00e7\u00e3o de tons castanhos-bronze, mais claros e escuros conforme o conte\u00fado org\u00e2nico. Podem reconhecer-se veios e estilolitos, ou estruturas crenuladas, que lembram as costuras de uma\u00a0 fazenda fina &#8211; elementos naturais que real\u00e7am um padr\u00e3o subtil e elegante.<\/p>\n<p><strong>APLICA\u00c7\u00d5ES<\/strong><\/p>\n<ul>\n<li>Piso exterior: N\u00e3o<\/li>\n<li>Fachada: N\u00e3o<\/li>\n<li>Piso interior: Sim*<\/li>\n<li>Revestimento interior: Sim<\/li>\n<li>Casa de Banho: Sim*<\/li>\n<li>Lareira: Sim*<\/li>\n<li>Mobili\u00e1rio: Sim<\/li>\n<li>Bancada da cozinha: N\u00e3o<\/li>\n<\/ul>\n<p>(*com tratamento e assentamento especializado)<\/p>\n<p><strong>DESEMPENHO T\u00c9CNICO<\/strong><\/p>\n<ul>\n<li>Resist\u00eancia \u00e0 abras\u00e3o: Baixa a Moderada<\/li>\n<li>Resist\u00eancia \u00e0 mancha: Baixa<\/li>\n<li>Resist\u00eancia \u00e0 geada e ao calor: Baixa a Moderada<\/li>\n<li>Resist\u00eancia aos raios UV: Baixa<\/li>\n<\/ul>\n<p><strong>CUIDADOS E MANUTEN\u00c7\u00c3O<\/strong><\/p>\n<p>Por ser vulner\u00e1vel a l\u00edquidos e a atmosferas \u00e1cidas, deve limpar-se com detergentes neutros. Com exposi\u00e7\u00e3o muito incidente aos raios UV podem formar-se manchas e irregularidades na matriz. Evite produtos abrasivos ou objetos angulosos que possam riscar, como areias e metais. Os tratamentos de selagem e impermeabiliza\u00e7\u00e3o s\u00e3o recomendados nas aplica\u00e7\u00f5es exteriores e em ambientes h\u00famidos.<\/p>\n","protected":false},"excerpt":{"rendered":"<p>Dolomite microcristalina, de muito baixa porosidade, tal como os m\u00e1rmores.\u00a0 Matriz com varia\u00e7\u00e3o de tons castanhos-bronze, mais claros e escuros conforme o conte\u00fado org\u00e2nico. Podem reconhecer-se veios e estilolitos, ou estruturas crenuladas, que lembram as costuras de uma\u00a0 fazenda fina &#8211; elementos naturais que real\u00e7am um padr\u00e3o subtil e elegante.&hellip;<\/p>\n","protected":false},"featured_media":5822,"template":"","meta":[],"product_cat":[216],"product_tag":[],"acf":[],"_links":{"self":[{"href":"https:\/\/antoniolongarito.com\/stock\/wp-json\/wp\/v2\/product\/5546"}],"collection":[{"href":"https:\/\/antoniolongarito.com\/stock\/wp-json\/wp\/v2\/product"}],"about":[{"href":"https:\/\/antoniolongarito.com\/stock\/wp-json\/wp\/v2\/types\/product"}],"wp:featuredmedia":[{"embeddable":true,"href":"https:\/\/antoniolongarito.com\/stock\/wp-json\/wp\/v2\/media\/5822"}],"wp:attachment":[{"href":"https:\/\/antoniolongarito.com\/stock\/wp-json\/wp\/v2\/media?parent=5546"}],"wp:term":[{"taxonomy":"product_cat","embeddable":true,"href":"https:\/\/antoniolongarito.com\/stock\/wp-json\/wp\/v2\/product_cat?post=5546"},{"taxonomy":"product_tag","embeddable":true,"href":"https:\/\/antoniolongarito.com\/stock\/wp-json\/wp\/v2\/product_tag?post=5546"}],"curies":[{"name":"wp","href":"https:\/\/api.w.org\/{rel}","templated":true}]}}