{"id":5785,"date":"2021-04-26T14:30:07","date_gmt":"2021-04-26T14:30:07","guid":{"rendered":"https:\/\/antoniolongarito.com\/stock\/?post_type=product&#038;p=5785"},"modified":"2021-05-03T16:14:16","modified_gmt":"2021-05-03T16:14:16","slug":"white-storm-c-tg127997","status":"publish","type":"product","link":"https:\/\/antoniolongarito.com\/stock\/product\/white-storm-c-tg127997\/","title":{"rendered":"White Storm # C.TG127997"},"content":{"rendered":"<p>Este m\u00e1rmore combina bem o alto polimento com texturas suaves, de transi\u00e7\u00e3o gradual e levemente bandada, aliando o intenso brilho cristalino. Estes atributos devem-se \u00e0 g\u00e9nese metam\u00f3rfica, em profundidade, com alta press\u00e3o e alta temperatura, reformulando rochas pr\u00e9-existentes, neste caso, calc\u00e1rios e dolomites. Aspetos texturais como bandas e pontua\u00e7\u00f5es s\u00e3o de calcites de uma segunda gera\u00e7\u00e3o mineral que, na presen\u00e7a de outros minerais mais reativos, do grupo das argilas, dos \u00f3xidos ou dos sulfuretos, ganham uma colora\u00e7\u00e3o mais escura, que se destaca da matriz clara.<\/p>\n<p><strong>APLICA\u00c7\u00d5ES<\/strong><\/p>\n<ul>\n<li>Piso exterior: N\u00e3o<\/li>\n<li>Fachada: Sim*<\/li>\n<li>Piso interior: Sim*<\/li>\n<li>Revestimento interior: Sim<\/li>\n<li>Casa de Banho: Sim<\/li>\n<li>Lareira: Sim*<\/li>\n<li>Mobili\u00e1rio: Sim<\/li>\n<li>Bancada da cozinha: N\u00e3o<\/li>\n<li>Retroilumina\u00e7\u00e3o: Sim*<\/li>\n<\/ul>\n<p>(*com tratamento e assentamento especializado)<\/p>\n<p><strong>DESEMPENHO T\u00c9CNICO<\/strong><\/p>\n<ul>\n<li>Resist\u00eancia \u00e0 abras\u00e3o: Baixa<\/li>\n<li>Resist\u00eancia \u00e0 mancha: Moderada<\/li>\n<li>Resist\u00eancia \u00e0 Geada e Calor: Moderada<\/li>\n<li>Resist\u00eancia aos raios UV: Moderada a Alta<\/li>\n<\/ul>\n<p><strong>CUIDADOS E MANUTEN\u00c7\u00c3O<\/strong><\/p>\n<p>O m\u00e1rmore apesar de muito pouco poroso \u00e9 especialmente vulner\u00e1vel a \u00e1cidos dom\u00e9sticos como vinagre, mostarda, citrinos, etc. Os l\u00edquidos \u00e1cidos podem causar manchas quando entram em contacto com a superf\u00edcie e n\u00e3o forem imediatamente limpos. Para evitar que isto aconte\u00e7a aconselha-se um tratamento impermeabilizante. Para a limpeza di\u00e1ria recomenda-se um detergente de pH neutro. Como n\u00e3o \u00e9 uma pedra natural dura, risca e sofre abras\u00e3o com a utiliza\u00e7\u00e3o continuada, perdendo o polimento, sem perder o brilho natural. Considera-se este \u201cenvelhecimento\u201d uma particularidade est\u00e9tica \u00fanica destes m\u00e1rmores brancos.<\/p>\n","protected":false},"excerpt":{"rendered":"<p>Este m\u00e1rmore combina bem o alto polimento com texturas suaves, de transi\u00e7\u00e3o gradual e levemente bandada, aliando o intenso brilho cristalino. Estes atributos devem-se \u00e0 g\u00e9nese metam\u00f3rfica, em profundidade, com alta press\u00e3o e alta temperatura, reformulando rochas pr\u00e9-existentes, neste caso, calc\u00e1rios e dolomites. Aspetos texturais como bandas e pontua\u00e7\u00f5es s\u00e3o&hellip;<\/p>\n","protected":false},"featured_media":5786,"template":"","meta":[],"product_cat":[216],"product_tag":[],"acf":[],"_links":{"self":[{"href":"https:\/\/antoniolongarito.com\/stock\/wp-json\/wp\/v2\/product\/5785"}],"collection":[{"href":"https:\/\/antoniolongarito.com\/stock\/wp-json\/wp\/v2\/product"}],"about":[{"href":"https:\/\/antoniolongarito.com\/stock\/wp-json\/wp\/v2\/types\/product"}],"wp:featuredmedia":[{"embeddable":true,"href":"https:\/\/antoniolongarito.com\/stock\/wp-json\/wp\/v2\/media\/5786"}],"wp:attachment":[{"href":"https:\/\/antoniolongarito.com\/stock\/wp-json\/wp\/v2\/media?parent=5785"}],"wp:term":[{"taxonomy":"product_cat","embeddable":true,"href":"https:\/\/antoniolongarito.com\/stock\/wp-json\/wp\/v2\/product_cat?post=5785"},{"taxonomy":"product_tag","embeddable":true,"href":"https:\/\/antoniolongarito.com\/stock\/wp-json\/wp\/v2\/product_tag?post=5785"}],"curies":[{"name":"wp","href":"https:\/\/api.w.org\/{rel}","templated":true}]}}