{"id":5835,"date":"2021-05-07T08:22:22","date_gmt":"2021-05-07T08:22:22","guid":{"rendered":"https:\/\/antoniolongarito.com\/stock\/?post_type=product&#038;p=5835"},"modified":"2023-11-15T17:42:44","modified_gmt":"2023-11-15T17:42:44","slug":"selina-white-al-sw843-3","status":"publish","type":"product","link":"https:\/\/antoniolongarito.com\/stock\/product\/selina-white-al-sw843-3\/","title":{"rendered":"Selina White # AL.SW843.3"},"content":{"rendered":"<p>Granito de tom claro, textura equigranular de gr\u00e3o m\u00e9dio, pontualmente com megacristais dispersos. Na sua maioria \u00e9 constitu\u00eddo por feldspatos, nas cores branca e creme, por quartzo cinza-claro e brilho v\u00edtreo, e por duas micas, com predom\u00ednio biot\u00edtico, que se reconhece pelas pontua\u00e7\u00f5es negras brilhantes. Tem a particularidade de apresentar megacristais de feldspato pot\u00e1ssico, com formas geom\u00e9tricas perfeitas, com brilho v\u00edtreo a nacarado, cor rosada, e efeitos zonados.<\/p>\n<p><strong>APLICA\u00c7\u00d5ES<\/strong><\/p>\n<ul>\n<li>Piso exterior: Sim<\/li>\n<li>Fachada: Sim<\/li>\n<li>Piso interior: Sim<\/li>\n<li>Revestimento interior: Sim<\/li>\n<li>Casa de Banho: Sim<\/li>\n<li>Lareira: Sim<\/li>\n<li>Mobili\u00e1rio: Sim<\/li>\n<li>Bancada da cozinha: Sim<\/li>\n<li>Retroilumina\u00e7\u00e3o: N\u00e3o<\/li>\n<\/ul>\n<p><strong>DESEMPENHO T\u00c9CNICO:<\/strong><\/p>\n<ul>\n<li>Resist\u00eancia \u00e0 abras\u00e3o: Alta<\/li>\n<li>Resist\u00eancia \u00e0 mancha: Alta<\/li>\n<li>Resist\u00eancia \u00e0 Geada e ao Calor: Alta<\/li>\n<li>Resist\u00eancia aos Raios UV: Alta a Moderada<\/li>\n<\/ul>\n<p><strong>CUIDADOS E MANUTEN\u00c7\u00c3O<\/strong><\/p>\n<p>Dureza e resist\u00eancia s\u00e3o as propriedades fundamentais deste granito. Estas garantem a durabilidade das suas aplica\u00e7\u00f5es, mesmo nos desempenhos t\u00e9cnicos mais exigentes. Os granitos n\u00e3o mancham, n\u00e3o fraturam, nem riscam. T\u00eam muito baixa suscetibilidade qu\u00edmica aos l\u00edquidos ou atmosferas \u00e1cidas ou alcalinas, podem ser limpos com a generalidade dos detergentes e desinfetantes. Porque t\u00eam elevada dureza o seu polimento persiste e a superf\u00edcie mant\u00e9m-se brilhante. Os granitos s\u00e3o muito resistentes \u00e0s varia\u00e7\u00f5es e extremos t\u00e9rmicos e, porque possuem boa condutividade t\u00e9rmica, a sua aplica\u00e7\u00e3o como isolante ou em sistemas radiantes \u00e9 largamente aconselhada.<\/p>\n","protected":false},"excerpt":{"rendered":"<p>Granito de tom claro, textura equigranular de gr\u00e3o m\u00e9dio, pontualmente com megacristais dispersos. Na sua maioria \u00e9 constitu\u00eddo por feldspatos, nas cores branca e creme, por quartzo cinza-claro e brilho v\u00edtreo, e por duas micas, com predom\u00ednio biot\u00edtico, que se reconhece pelas pontua\u00e7\u00f5es negras brilhantes. Tem a particularidade de apresentar&hellip;<\/p>\n","protected":false},"featured_media":5836,"template":"","meta":[],"product_cat":[215],"product_tag":[],"acf":[],"_links":{"self":[{"href":"https:\/\/antoniolongarito.com\/stock\/wp-json\/wp\/v2\/product\/5835"}],"collection":[{"href":"https:\/\/antoniolongarito.com\/stock\/wp-json\/wp\/v2\/product"}],"about":[{"href":"https:\/\/antoniolongarito.com\/stock\/wp-json\/wp\/v2\/types\/product"}],"wp:featuredmedia":[{"embeddable":true,"href":"https:\/\/antoniolongarito.com\/stock\/wp-json\/wp\/v2\/media\/5836"}],"wp:attachment":[{"href":"https:\/\/antoniolongarito.com\/stock\/wp-json\/wp\/v2\/media?parent=5835"}],"wp:term":[{"taxonomy":"product_cat","embeddable":true,"href":"https:\/\/antoniolongarito.com\/stock\/wp-json\/wp\/v2\/product_cat?post=5835"},{"taxonomy":"product_tag","embeddable":true,"href":"https:\/\/antoniolongarito.com\/stock\/wp-json\/wp\/v2\/product_tag?post=5835"}],"curies":[{"name":"wp","href":"https:\/\/api.w.org\/{rel}","templated":true}]}}