{"id":6330,"date":"2021-07-19T16:21:56","date_gmt":"2021-07-19T16:21:56","guid":{"rendered":"https:\/\/antoniolongarito.com\/stock\/?post_type=product&#038;p=6330"},"modified":"2024-08-08T15:57:09","modified_gmt":"2024-08-08T15:57:09","slug":"black-and-gold-gt1-b9-bg10004094-2","status":"publish","type":"product","link":"https:\/\/antoniolongarito.com\/stock\/product\/black-and-gold-gt1-b9-bg10004094-2\/","title":{"rendered":"Black and Gold # GT1.B9.BG10004094.2"},"content":{"rendered":"<p>Contraste luxuriante, o deste calc\u00e1rio negro, de gr\u00e3o fino levemente metamorfoseado, na transi\u00e7\u00e3o para os m\u00e1rmores. Padr\u00e3o textural venular calc\u00edtico, com ondula\u00e7\u00f5es laranja-douradas e veios brancos retil\u00edneos, truncando os anteriores e preenchendo fissuras com espessura vari\u00e1vel. S\u00e3o recorrentes ainda microfraturas ou estrias de compress\u00e3o, chamadas estil\u00f3litos, com preenchimento mineral denso, de cor amarela opaca que parece tingir a matriz escura.<\/p>\n<p><strong>APLICA\u00c7\u00d5ES<\/strong><\/p>\n<ul>\n<li>Piso exterior: N\u00e3o<\/li>\n<li>Fachada: Sim<\/li>\n<li>Piso interior: Sim*<\/li>\n<li>Revestimento interior: Sim<\/li>\n<li>Casa de Banho: Sim*<\/li>\n<li>Lareira: Sim*<\/li>\n<li>Mobili\u00e1rio: Sim<\/li>\n<li>Bancada da cozinha: N\u00e3o<\/li>\n<\/ul>\n<p>(*com tratamento e assentamento especializado)<\/p>\n<p><strong>DESEMPENHO T\u00c9CNICO<\/strong><\/p>\n<ul>\n<li>Resist\u00eancia \u00e0 abras\u00e3o: Baixa<\/li>\n<li>Resist\u00eancia \u00e0 mancha: Baixa a Moderada<\/li>\n<li>Resist\u00eancia \u00e0 geada e ao calor: Baixa a Moderada<\/li>\n<li>Resist\u00eancia aos raios UV: Moderada<\/li>\n<\/ul>\n<p><strong>CUIDADOS E MANUTEN\u00c7\u00c3O<\/strong><\/p>\n<p>Por ser especialmente vulner\u00e1vel a l\u00edquidos e atmosferas \u00e1cidas, limpar com detergentes neutros. Entre os v\u00e1rios carbonatos, apresenta menor porosidade, o que reduz o risco de mancha e amplia a gama de aplica\u00e7\u00f5es em ambientes h\u00famidos. Evite produtos abrasivos ou que possam riscar, como areias e metais. Os tratamentos de selagem e impermeabiliza\u00e7\u00e3o s\u00e3o recomendados nas aplica\u00e7\u00f5es exteriores, em maci\u00e7os para estatu\u00e1ria ou aplica\u00e7\u00e3o em maci\u00e7os, todavia os tons matizes n\u00e3o saem penalizados com a exposi\u00e7\u00e3o no exterior, apenas se acentuam os seus contrastes naturais.<\/p>\n","protected":false},"excerpt":{"rendered":"<p>Contraste luxuriante, o deste calc\u00e1rio negro, de gr\u00e3o fino levemente metamorfoseado, na transi\u00e7\u00e3o para os m\u00e1rmores. Padr\u00e3o textural venular calc\u00edtico, com ondula\u00e7\u00f5es laranja-douradas e veios brancos retil\u00edneos, truncando os anteriores e preenchendo fissuras com espessura vari\u00e1vel. S\u00e3o recorrentes ainda microfraturas ou estrias de compress\u00e3o, chamadas estil\u00f3litos, com preenchimento mineral denso,&hellip;<\/p>\n","protected":false},"featured_media":6331,"template":"","meta":[],"product_cat":[216],"product_tag":[],"acf":[],"_links":{"self":[{"href":"https:\/\/antoniolongarito.com\/stock\/wp-json\/wp\/v2\/product\/6330"}],"collection":[{"href":"https:\/\/antoniolongarito.com\/stock\/wp-json\/wp\/v2\/product"}],"about":[{"href":"https:\/\/antoniolongarito.com\/stock\/wp-json\/wp\/v2\/types\/product"}],"wp:featuredmedia":[{"embeddable":true,"href":"https:\/\/antoniolongarito.com\/stock\/wp-json\/wp\/v2\/media\/6331"}],"wp:attachment":[{"href":"https:\/\/antoniolongarito.com\/stock\/wp-json\/wp\/v2\/media?parent=6330"}],"wp:term":[{"taxonomy":"product_cat","embeddable":true,"href":"https:\/\/antoniolongarito.com\/stock\/wp-json\/wp\/v2\/product_cat?post=6330"},{"taxonomy":"product_tag","embeddable":true,"href":"https:\/\/antoniolongarito.com\/stock\/wp-json\/wp\/v2\/product_tag?post=6330"}],"curies":[{"name":"wp","href":"https:\/\/api.w.org\/{rel}","templated":true}]}}