{"id":6463,"date":"2021-09-03T14:49:05","date_gmt":"2021-09-03T14:49:05","guid":{"rendered":"https:\/\/antoniolongarito.com\/stock\/?post_type=product&#038;p=6463"},"modified":"2024-08-05T14:30:19","modified_gmt":"2024-08-05T14:30:19","slug":"nero-bellezza-3004721l001","status":"publish","type":"product","link":"https:\/\/antoniolongarito.com\/stock\/product\/nero-bellezza-3004721l001\/","title":{"rendered":"Nero Bellezza # 3004721L001 &#8211; FORA DE STOCK"},"content":{"rendered":"<p>Dolomite brecha, profusamente dobrada e crenulada, matriz microcristalina com varia\u00e7\u00e3o de tons negros e prata, intensamente contrastados com bandados dourados. Esta varia\u00e7\u00e3o crom\u00e1tica deve-se ao conte\u00fado de \u00f3xidos de ferro que marcam acentuadamente algumas bandas, e \u00e9 refor\u00e7ado pela textura dobrada atingindo ritmicamente os n\u00edveis mais claros e os mais escuros. Podem reconhecer-se uma fractura\u00e7\u00e3o fina, preenchida com calcite branca, que pararece abrir em leque, ainda sobre esta fractura\u00e7\u00e3o, veios dourados, irregulares selados por limonite e goethite.<\/p>\n<p><strong>APLICA\u00c7\u00d5ES<\/strong><\/p>\n<ul>\n<li>Piso exterior: N\u00e3o<\/li>\n<li>Fachada: N\u00e3o<\/li>\n<li>Piso interior: Sim*<\/li>\n<li>Revestimento interior: Sim<\/li>\n<li>Casa de Banho: Sim*<\/li>\n<li>Lareira: Sim*<\/li>\n<li>Mobili\u00e1rio: Sim<\/li>\n<li>Bancada da cozinha: N\u00e3o<\/li>\n<\/ul>\n<p>(*com tratamento e assentamento especializado)<\/p>\n<p><strong>DESEMPENHO T\u00c9CNICO<\/strong><\/p>\n<ul>\n<li>Resist\u00eancia \u00e0 abras\u00e3o: Baixa a Moderada<\/li>\n<li>Resist\u00eancia \u00e0 mancha: Baixa<\/li>\n<li>Resist\u00eancia \u00e0 geada e ao calor: Baixa<\/li>\n<li>Resist\u00eancia aos raios UV: Baixa<\/li>\n<\/ul>\n<p><strong>CUIDADOS E MANUTEN\u00c7\u00c3O<\/strong><\/p>\n<p>Por ser vulner\u00e1vel a l\u00edquidos e a atmosferas \u00e1cidas deve limpar-se com detergentes neutros. Com exposi\u00e7\u00e3o muito incidente aos raios UV podem formar-se manchas e irregularidades na matriz. Evite produtos abrasivos ou objetos angulosos que possam riscar, como areias e metais. Os tratamentos de selagem e impermeabiliza\u00e7\u00e3o s\u00e3o recomendados nas aplica\u00e7\u00f5es exteriores e em ambientes h\u00famidos.<\/p>\n","protected":false},"excerpt":{"rendered":"<p>Dolomite brecha, profusamente dobrada e crenulada, matriz microcristalina com varia\u00e7\u00e3o de tons negros e prata, intensamente contrastados com bandados dourados. Esta varia\u00e7\u00e3o crom\u00e1tica deve-se ao conte\u00fado de \u00f3xidos de ferro que marcam acentuadamente algumas bandas, e \u00e9 refor\u00e7ado pela textura dobrada atingindo ritmicamente os n\u00edveis mais claros e os mais&hellip;<\/p>\n","protected":false},"featured_media":6464,"template":"","meta":[],"product_cat":[216],"product_tag":[],"acf":[],"_links":{"self":[{"href":"https:\/\/antoniolongarito.com\/stock\/wp-json\/wp\/v2\/product\/6463"}],"collection":[{"href":"https:\/\/antoniolongarito.com\/stock\/wp-json\/wp\/v2\/product"}],"about":[{"href":"https:\/\/antoniolongarito.com\/stock\/wp-json\/wp\/v2\/types\/product"}],"wp:featuredmedia":[{"embeddable":true,"href":"https:\/\/antoniolongarito.com\/stock\/wp-json\/wp\/v2\/media\/6464"}],"wp:attachment":[{"href":"https:\/\/antoniolongarito.com\/stock\/wp-json\/wp\/v2\/media?parent=6463"}],"wp:term":[{"taxonomy":"product_cat","embeddable":true,"href":"https:\/\/antoniolongarito.com\/stock\/wp-json\/wp\/v2\/product_cat?post=6463"},{"taxonomy":"product_tag","embeddable":true,"href":"https:\/\/antoniolongarito.com\/stock\/wp-json\/wp\/v2\/product_tag?post=6463"}],"curies":[{"name":"wp","href":"https:\/\/api.w.org\/{rel}","templated":true}]}}