{"id":6466,"date":"2021-09-03T15:15:11","date_gmt":"2021-09-03T15:15:11","guid":{"rendered":"https:\/\/antoniolongarito.com\/stock\/?post_type=product&#038;p=6466"},"modified":"2024-03-19T09:15:53","modified_gmt":"2024-03-19T09:15:53","slug":"rosso-venato-3004721l001","status":"publish","type":"product","link":"https:\/\/antoniolongarito.com\/stock\/product\/rosso-venato-3004721l001\/","title":{"rendered":"Rosso Venato # 3004721L001"},"content":{"rendered":"<p>Este \u00e9 um m\u00e1rmore cl\u00e1ssico entre os cl\u00e1ssicos, com um travo rubro irreverente. M\u00e1rmore dolom\u00edtico de matriz branca e granula\u00e7\u00e3o muito fina, combina alto brilho e polimento com texturas suaves, pontua\u00e7\u00f5es transl\u00facidas de carbonato de c\u00e1lcio e texturas consp\u00edcuas, como os veios rubros, de espessura milim\u00e9trica. Esta combina\u00e7\u00e3o deve-se \u00e0 sua g\u00e9nese metam\u00f3rfica, em profundidade e com alta press\u00e3o e temperatura, reformulando rochas pr\u00e9-existentes, neste caso, calc\u00e1rios dolom\u00edticos muito cristalinos. Os aspetos texturais, nomeadamente os veios vermelhos ou borra de vinho, s\u00e3o preenchimentos minerais tardios, de \u00f3xidos de ferro, que colmataram fracturas impostas pelas tens\u00f5es que massa mineral pr\u00e9via sofreu, numa das \u00faltimas fases da sua forma\u00e7\u00e3o.<\/p>\n<p><strong>APLICA\u00c7\u00d5ES<\/strong><\/p>\n<ul>\n<li>Piso exterior: N\u00e3o<\/li>\n<li>Fachada: Sim*<\/li>\n<li>Piso interior: Sim*<\/li>\n<li>Revestimento interior: Sim<\/li>\n<li>Casa de Banho: Sim<\/li>\n<li>Lareira: Sim*<\/li>\n<li>Mobili\u00e1rio: Sim<\/li>\n<li>Bancada da cozinha: N\u00e3o<\/li>\n<li>Retroilumina\u00e7\u00e3o: N\u00e3o<\/li>\n<\/ul>\n<p>(*com tratamento e assentamento especializado)<\/p>\n<p><strong>DESEMPENHO T\u00c9CNICO<\/strong><\/p>\n<ul>\n<li>Resist\u00eancia \u00e0 abras\u00e3o: Baixa a Moderada<\/li>\n<li>Resist\u00eancia \u00e0 mancha: Moderada<\/li>\n<li>Resist\u00eancia \u00e0 Geada e Calor: Moderada<\/li>\n<li>Resist\u00eancia aos raios UV: Moderada a Alta<\/li>\n<\/ul>\n<p><strong>CUIDADOS E MANUTEN\u00c7\u00c3O<\/strong><\/p>\n<p>O m\u00e1rmore apesar de muito pouco poroso \u00e9 especialmente vulner\u00e1vel a \u00e1cidos dom\u00e9sticos como vinagre, mostarda, citrinos, etc. Os l\u00edquidos \u00e1cidos podem causar manchas quando entram em contacto com a superf\u00edcie se n\u00e3o forem imediatamente limpos. Para evitar isto aconselha-se um tratamento impermeabilizante. Para a limpeza di\u00e1ria recomenda-se um detergente de pH neutro. Como n\u00e3o \u00e9 uma pedra natural dura, risca e sofre abras\u00e3o com a utiliza\u00e7\u00e3o continuada, perdendo o polimento sem, contudo, perder o brilho natural. Considera-se este \u201cenvelhecimento\u201d uma particularidade est\u00e9tica \u00fanica.<\/p>\n","protected":false},"excerpt":{"rendered":"<p>Este \u00e9 um m\u00e1rmore cl\u00e1ssico entre os cl\u00e1ssicos, com um travo rubro irreverente. M\u00e1rmore dolom\u00edtico de matriz branca e granula\u00e7\u00e3o muito fina, combina alto brilho e polimento com texturas suaves, pontua\u00e7\u00f5es transl\u00facidas de carbonato de c\u00e1lcio e texturas consp\u00edcuas, como os veios rubros, de espessura milim\u00e9trica. Esta combina\u00e7\u00e3o deve-se \u00e0&hellip;<\/p>\n","protected":false},"featured_media":6532,"template":"","meta":[],"product_cat":[216],"product_tag":[],"acf":[],"_links":{"self":[{"href":"https:\/\/antoniolongarito.com\/stock\/wp-json\/wp\/v2\/product\/6466"}],"collection":[{"href":"https:\/\/antoniolongarito.com\/stock\/wp-json\/wp\/v2\/product"}],"about":[{"href":"https:\/\/antoniolongarito.com\/stock\/wp-json\/wp\/v2\/types\/product"}],"wp:featuredmedia":[{"embeddable":true,"href":"https:\/\/antoniolongarito.com\/stock\/wp-json\/wp\/v2\/media\/6532"}],"wp:attachment":[{"href":"https:\/\/antoniolongarito.com\/stock\/wp-json\/wp\/v2\/media?parent=6466"}],"wp:term":[{"taxonomy":"product_cat","embeddable":true,"href":"https:\/\/antoniolongarito.com\/stock\/wp-json\/wp\/v2\/product_cat?post=6466"},{"taxonomy":"product_tag","embeddable":true,"href":"https:\/\/antoniolongarito.com\/stock\/wp-json\/wp\/v2\/product_tag?post=6466"}],"curies":[{"name":"wp","href":"https:\/\/api.w.org\/{rel}","templated":true}]}}