{"id":6512,"date":"2021-09-24T16:35:07","date_gmt":"2021-09-24T16:35:07","guid":{"rendered":"https:\/\/antoniolongarito.com\/stock\/?post_type=product&#038;p=6512"},"modified":"2024-07-10T16:38:36","modified_gmt":"2024-07-10T16:38:36","slug":"black-amani-2002621l001","status":"publish","type":"product","link":"https:\/\/antoniolongarito.com\/stock\/product\/black-amani-2002621l001\/","title":{"rendered":"Black Amani # 2002621L001 &#8211; FORA DE STOCK"},"content":{"rendered":"<p>Dolomite microcristalina, de muito baixa porosidade, similar aos m\u00e1rmores.\u00a0 Matriz com varia\u00e7\u00e3o de tons castanho escuro e bronze, mais intensos conforme o conte\u00fado org\u00e2nico. Podem reconhecer-se veios brancos e estilolitos laranja, ou estruturas crenuladas, que lembram as costuras de uma\u00a0 fazenda fina, texturas naturais que real\u00e7am um padr\u00e3o subtil e elegante.<\/p>\n<p><strong>APLICA\u00c7\u00d5ES<\/strong><\/p>\n<ul>\n<li>Piso exterior: N\u00e3o<\/li>\n<li>Fachada: N\u00e3o<\/li>\n<li>Piso interior: Sim*<\/li>\n<li>Revestimento interior: Sim<\/li>\n<li>Casa de Banho: Sim*<\/li>\n<li>Lareira: N\u00e3o<\/li>\n<li>Mobili\u00e1rio: Sim<\/li>\n<li>Bancada da cozinha: Sim<\/li>\n<\/ul>\n<p>(*com tratamento e assentamento especializado)<\/p>\n<p><strong>DESEMPENHO T\u00c9CNICO<\/strong><\/p>\n<ul>\n<li>Resist\u00eancia \u00e0 abras\u00e3o: Baixa a Moderada<\/li>\n<li>Resist\u00eancia \u00e0 mancha: Moderada a Alta<\/li>\n<li>Resist\u00eancia \u00e0 geada e ao calor: Baixa a Moderada<\/li>\n<li>Resist\u00eancia aos raios UV: Baixa<\/li>\n<\/ul>\n<p><strong>CUIDADOS E MANUTEN\u00c7\u00c3O<\/strong><\/p>\n<p>Tipicamente vulner\u00e1vel a l\u00edquidos e a atmosferas \u00e1cidas, com o tratamento &#8220;A ZERO BACT PLUS&#8221; a resist\u00eancia qu\u00edmica da superf\u00edcie aumenta largamente, deixando de ser suscet\u00edvel \u00e0s manchas com vinho ou citrinos, por exemplo. O tratamento ainda reduz consideravelmente a prolifera\u00e7\u00e3o microbiana. Recomenda-se a limpeza com produtos pouco abrasivos. Com a exposi\u00e7\u00e3o continuada a raios UV pode ocorrer alguma descolora\u00e7\u00e3o da matriz.<\/p>\n","protected":false},"excerpt":{"rendered":"<p>Dolomite microcristalina, de muito baixa porosidade, similar aos m\u00e1rmores.\u00a0 Matriz com varia\u00e7\u00e3o de tons castanho escuro e bronze, mais intensos conforme o conte\u00fado org\u00e2nico. Podem reconhecer-se veios brancos e estilolitos laranja, ou estruturas crenuladas, que lembram as costuras de uma\u00a0 fazenda fina, texturas naturais que real\u00e7am um padr\u00e3o subtil e&hellip;<\/p>\n","protected":false},"featured_media":6513,"template":"","meta":[],"product_cat":[216],"product_tag":[],"acf":[],"_links":{"self":[{"href":"https:\/\/antoniolongarito.com\/stock\/wp-json\/wp\/v2\/product\/6512"}],"collection":[{"href":"https:\/\/antoniolongarito.com\/stock\/wp-json\/wp\/v2\/product"}],"about":[{"href":"https:\/\/antoniolongarito.com\/stock\/wp-json\/wp\/v2\/types\/product"}],"wp:featuredmedia":[{"embeddable":true,"href":"https:\/\/antoniolongarito.com\/stock\/wp-json\/wp\/v2\/media\/6513"}],"wp:attachment":[{"href":"https:\/\/antoniolongarito.com\/stock\/wp-json\/wp\/v2\/media?parent=6512"}],"wp:term":[{"taxonomy":"product_cat","embeddable":true,"href":"https:\/\/antoniolongarito.com\/stock\/wp-json\/wp\/v2\/product_cat?post=6512"},{"taxonomy":"product_tag","embeddable":true,"href":"https:\/\/antoniolongarito.com\/stock\/wp-json\/wp\/v2\/product_tag?post=6512"}],"curies":[{"name":"wp","href":"https:\/\/api.w.org\/{rel}","templated":true}]}}