{"id":6557,"date":"2021-10-05T19:45:14","date_gmt":"2021-10-05T19:45:14","guid":{"rendered":"https:\/\/antoniolongarito.com\/stock\/?post_type=product&#038;p=6557"},"modified":"2021-10-05T20:04:41","modified_gmt":"2021-10-05T20:04:41","slug":"serpeggiante-grigio-2002614l002","status":"publish","type":"product","link":"https:\/\/antoniolongarito.com\/stock\/product\/serpeggiante-grigio-2002614l002\/","title":{"rendered":"Serpeggiante Grigio # 2002614L002"},"content":{"rendered":"<p>Calc\u00e1rio bandado, de matriz fina e alto conte\u00fado org\u00e2nico respons\u00e1vel pela cor cinza-prata. A tonalidade das suas bandas varia conforme as condi\u00e7\u00f5es do ambiente de forma\u00e7\u00e3o, mais ou menos enriquecido por compostos org\u00e2nicos que refor\u00e7am os tons mais escuros. O tratamento superficial com resinas conserva o seu brilho natural e a textura bandada.<\/p>\n<p><strong>APLICA\u00c7\u00d5ES<\/strong><\/p>\n<ul>\n<li>Piso exterior: N\u00e3o<\/li>\n<li>Fachada: Sim<\/li>\n<li>Piso interior: Sim*<\/li>\n<li>Revestimento interior: Sim<\/li>\n<li>Casa de Banho: Sim<\/li>\n<li>Lareira: Sim*<\/li>\n<li>Mobili\u00e1rio: Sim<\/li>\n<li>Bancada da cozinha: N\u00e3o<\/li>\n<\/ul>\n<p>(*com tratamento e assentamento especializado)<\/p>\n<p><strong>DESEMPENHO T\u00c9CNICO<\/strong><\/p>\n<ul>\n<li>Resist\u00eancia \u00e0 abras\u00e3o: Baixa<\/li>\n<li>Resist\u00eancia \u00e0 mancha: Moderada<\/li>\n<li>Resist\u00eancia \u00e0 geada e ao calor: Baixa<\/li>\n<li>Resist\u00eancia aos raios UV: Baixa a Moderada<\/li>\n<\/ul>\n<p><strong>CUIDADOS E MANUTEN\u00c7\u00c3O<\/strong><\/p>\n<p>Por ser especialmente vulner\u00e1vel a l\u00edquidos e atmosferas \u00e1cidas, limpar com detergentes neutros. Entre os v\u00e1rios carbonatos apresenta menor porosidade, o que reduz o risco de mancha e amplia a gama de aplica\u00e7\u00f5es em ambientes h\u00famidos. Devem evitar-se produtos abrasivos ou que possam riscar, como areias e metais.<\/p>\n","protected":false},"excerpt":{"rendered":"<p>Calc\u00e1rio bandado, de matriz fina e alto conte\u00fado org\u00e2nico respons\u00e1vel pela cor cinza-prata. A tonalidade das suas bandas varia conforme as condi\u00e7\u00f5es do ambiente de forma\u00e7\u00e3o, mais ou menos enriquecido por compostos org\u00e2nicos que refor\u00e7am os tons mais escuros. O tratamento superficial com resinas conserva o seu brilho natural e&hellip;<\/p>\n","protected":false},"featured_media":6558,"template":"","meta":[],"product_cat":[216],"product_tag":[],"acf":[],"_links":{"self":[{"href":"https:\/\/antoniolongarito.com\/stock\/wp-json\/wp\/v2\/product\/6557"}],"collection":[{"href":"https:\/\/antoniolongarito.com\/stock\/wp-json\/wp\/v2\/product"}],"about":[{"href":"https:\/\/antoniolongarito.com\/stock\/wp-json\/wp\/v2\/types\/product"}],"wp:featuredmedia":[{"embeddable":true,"href":"https:\/\/antoniolongarito.com\/stock\/wp-json\/wp\/v2\/media\/6558"}],"wp:attachment":[{"href":"https:\/\/antoniolongarito.com\/stock\/wp-json\/wp\/v2\/media?parent=6557"}],"wp:term":[{"taxonomy":"product_cat","embeddable":true,"href":"https:\/\/antoniolongarito.com\/stock\/wp-json\/wp\/v2\/product_cat?post=6557"},{"taxonomy":"product_tag","embeddable":true,"href":"https:\/\/antoniolongarito.com\/stock\/wp-json\/wp\/v2\/product_tag?post=6557"}],"curies":[{"name":"wp","href":"https:\/\/api.w.org\/{rel}","templated":true}]}}