{"id":6620,"date":"2021-10-15T16:37:27","date_gmt":"2021-10-15T16:37:27","guid":{"rendered":"https:\/\/antoniolongarito.com\/stock\/?post_type=product&#038;p=6620"},"modified":"2022-12-30T10:12:31","modified_gmt":"2022-12-30T10:12:31","slug":"pretone_gt1-b11-al-p85-2","status":"publish","type":"product","link":"https:\/\/antoniolongarito.com\/stock\/product\/pretone_gt1-b11-al-p85-2\/","title":{"rendered":"Pretone # GT1.B11+AL.P85.2"},"content":{"rendered":"<p>Formado num ambiente de mistura, esta \u00e9 uma pedra natural que conserva as melhores propriedades de um granito, da resist\u00eancia mec\u00e2nica \u00e0 qu\u00edmica e que alia o exotismo textural e mineral\u00f3gico de um quartzito, em bandas, cores e gradientes cinza prateados e dourados. Em geologia chama-se migmatito, apresenta alto contraste de dureza entre os seus minerais, veios de quartzo numa matriz mic\u00e1cea, alinhamentos e dobras, pontua\u00e7\u00f5es de granadas e quiastolites, que d\u00e3o um toque rosa v\u00edtreo, ousado e inesperado.<\/p>\n<p><strong>APLICA\u00c7\u00d5ES<\/strong><\/p>\n<ul>\n<li>Piso exterior: Sim<\/li>\n<li>Fachada: Sim<\/li>\n<li>Piso interior: Sim<\/li>\n<li>Revestimento interior: Sim<\/li>\n<li>Casa de Banho: Sim<\/li>\n<li>Lareira: Sim<\/li>\n<li>Mobili\u00e1rio: Sim<\/li>\n<li>Bancada da cozinha: Sim<\/li>\n<li>Retroilumina\u00e7\u00e3o: Sim*<\/li>\n<\/ul>\n<p>(*com instala\u00e7\u00e3o especializada)<\/p>\n<p><strong>DESEMPENHO T\u00c9CNICO<\/strong><\/p>\n<ul>\n<li>Resist\u00eancia \u00e0 abras\u00e3o: Alta<\/li>\n<li>Resist\u00eancia \u00e0 mancha: Alta<\/li>\n<li>Resist\u00eancia \u00e0 Geada e ao Calor: Alta<\/li>\n<li>Resist\u00eancia aos Raios UV: Alta a Moderada<\/li>\n<\/ul>\n<p><strong>CUIDADOS E MANUTEN\u00c7\u00c3O<\/strong><\/p>\n<p>Tal como os granitos n\u00e3o mancham, n\u00e3o fraturam, nem riscam. Entre os padr\u00f5es texturais apresentam veios e alinhamentos que sugerem riscas ou manchas, todavia, s\u00e3o pr\u00f3prias do exotismo deste material. S\u00e3o pouco sens\u00edveis aos l\u00edquidos e atmosferas \u00e1cidas ou alcalinas, podem ser limpos com a generalidade dos detergentes e desinfetantes. O seu polimento persiste e a superf\u00edcie mant\u00e9m-se brilhante.<\/p>\n","protected":false},"excerpt":{"rendered":"<p>Formado num ambiente de mistura, esta \u00e9 uma pedra natural que conserva as melhores propriedades de um granito, da resist\u00eancia mec\u00e2nica \u00e0 qu\u00edmica e que alia o exotismo textural e mineral\u00f3gico de um quartzito, em bandas, cores e gradientes cinza prateados e dourados. Em geologia chama-se migmatito, apresenta alto contraste&hellip;<\/p>\n","protected":false},"featured_media":6621,"template":"","meta":[],"product_cat":[215,216],"product_tag":[],"acf":[],"_links":{"self":[{"href":"https:\/\/antoniolongarito.com\/stock\/wp-json\/wp\/v2\/product\/6620"}],"collection":[{"href":"https:\/\/antoniolongarito.com\/stock\/wp-json\/wp\/v2\/product"}],"about":[{"href":"https:\/\/antoniolongarito.com\/stock\/wp-json\/wp\/v2\/types\/product"}],"wp:featuredmedia":[{"embeddable":true,"href":"https:\/\/antoniolongarito.com\/stock\/wp-json\/wp\/v2\/media\/6621"}],"wp:attachment":[{"href":"https:\/\/antoniolongarito.com\/stock\/wp-json\/wp\/v2\/media?parent=6620"}],"wp:term":[{"taxonomy":"product_cat","embeddable":true,"href":"https:\/\/antoniolongarito.com\/stock\/wp-json\/wp\/v2\/product_cat?post=6620"},{"taxonomy":"product_tag","embeddable":true,"href":"https:\/\/antoniolongarito.com\/stock\/wp-json\/wp\/v2\/product_tag?post=6620"}],"curies":[{"name":"wp","href":"https:\/\/api.w.org\/{rel}","templated":true}]}}