{"id":6663,"date":"2021-10-27T13:39:47","date_gmt":"2021-10-27T13:39:47","guid":{"rendered":"https:\/\/antoniolongarito.com\/stock\/?post_type=product&#038;p=6663"},"modified":"2024-01-25T15:39:44","modified_gmt":"2024-01-25T15:39:44","slug":"elegant-brown-gt1-b3-eb8362","status":"publish","type":"product","link":"https:\/\/antoniolongarito.com\/stock\/product\/elegant-brown-gt1-b3-eb8362\/","title":{"rendered":"Elegant Brown # GT1.B3.EB8362"},"content":{"rendered":"<p>Lidito bandado, com intercala\u00e7\u00e3o de n\u00edveis castanhos cobreados, creme, cinza e azul, de brilho v\u00edtreo a sedoso. Matriz de gr\u00e3o muito fino, com arranjo obl\u00edquo, moderadamente ondulado e fissurado, com bandas brechificadas e recristalizadas. Rocha silicatada formada pela deposi\u00e7\u00e3o e compacta\u00e7\u00e3o de minerais de argila no fundo de um lago pouco profundo, ao longo de um extenso per\u00edodo de tempo, sujeito a diferentes condi\u00e7\u00f5es ambientais, como a varia\u00e7\u00e3o da temperatura, da concentra\u00e7\u00e3o de oxig\u00e9nio, de mat\u00e9ria org\u00e2nica e de \u00f3xidos de ferro. Essa varia\u00e7\u00e3o est\u00e1 bem marcada na grada\u00e7\u00e3o das cores e na intensidade dos tons mais escuros. Pela a\u00e7\u00e3o tect\u00f3nica a bacia de deposi\u00e7\u00e3o ter\u00e1 sofrido movimentos e tens\u00f5es que inclinaram as bandas, as foram quebrando e posteriormente se foram selando com nova deposi\u00e7\u00e3o mineral.<\/p>\n<p><strong>APLICA\u00c7\u00d5ES<\/strong><\/p>\n<ul>\n<li>Piso exterior: N\u00e3o<\/li>\n<li>Fachada: Sim<\/li>\n<li>Piso interior: Sim<\/li>\n<li>Revestimento interior: Sim<\/li>\n<li>Casa de Banho: Sim<\/li>\n<li>Lareira: Sim<\/li>\n<li>Mobili\u00e1rio: Sim<\/li>\n<li>Bancada da cozinha: N\u00e3o<\/li>\n<li>Retroilumina\u00e7\u00e3o: N\u00e3o<\/li>\n<\/ul>\n<p><strong>DESEMPENHO T\u00c9CNICO<\/strong><\/p>\n<ul>\n<li>Resist\u00eancia \u00e0 abras\u00e3o: Moderada<\/li>\n<li>Resist\u00eancia \u00e0 mancha: Moderada<\/li>\n<li>Resist\u00eancia \u00e0 Geada e ao Calor: Alta<\/li>\n<li>Resist\u00eancia aos Raios UV: Alta<\/li>\n<\/ul>\n<p><strong>CUIDADOS E MANUTEN\u00c7\u00c3O<\/strong><\/p>\n<p>Tal como os granitos n\u00e3o fratura, mas pode riscar. Entre os padr\u00f5es texturais apresenta uma fissura\u00e7\u00e3o fina, com preenchimento mineral que sela toda a matriz. \u00c9 pouco sens\u00edvel \u00e0 acidez ou alcalinidade, contudo, pode manchar quando em contacto com \u00f3leos e gorduras. Deve evitar-se a limpeza com sab\u00f5es e detergentes desengordurantes, recomendando-se o uso apenas de pano h\u00famido.<\/p>\n","protected":false},"excerpt":{"rendered":"<p>Lidito bandado, com intercala\u00e7\u00e3o de n\u00edveis castanhos cobreados, creme, cinza e azul, de brilho v\u00edtreo a sedoso. Matriz de gr\u00e3o muito fino, com arranjo obl\u00edquo, moderadamente ondulado e fissurado, com bandas brechificadas e recristalizadas. Rocha silicatada formada pela deposi\u00e7\u00e3o e compacta\u00e7\u00e3o de minerais de argila no fundo de um lago&hellip;<\/p>\n","protected":false},"featured_media":6667,"template":"","meta":[],"product_cat":[215],"product_tag":[],"acf":[],"_links":{"self":[{"href":"https:\/\/antoniolongarito.com\/stock\/wp-json\/wp\/v2\/product\/6663"}],"collection":[{"href":"https:\/\/antoniolongarito.com\/stock\/wp-json\/wp\/v2\/product"}],"about":[{"href":"https:\/\/antoniolongarito.com\/stock\/wp-json\/wp\/v2\/types\/product"}],"wp:featuredmedia":[{"embeddable":true,"href":"https:\/\/antoniolongarito.com\/stock\/wp-json\/wp\/v2\/media\/6667"}],"wp:attachment":[{"href":"https:\/\/antoniolongarito.com\/stock\/wp-json\/wp\/v2\/media?parent=6663"}],"wp:term":[{"taxonomy":"product_cat","embeddable":true,"href":"https:\/\/antoniolongarito.com\/stock\/wp-json\/wp\/v2\/product_cat?post=6663"},{"taxonomy":"product_tag","embeddable":true,"href":"https:\/\/antoniolongarito.com\/stock\/wp-json\/wp\/v2\/product_tag?post=6663"}],"curies":[{"name":"wp","href":"https:\/\/api.w.org\/{rel}","templated":true}]}}