{"id":6674,"date":"2021-10-27T16:05:31","date_gmt":"2021-10-27T16:05:31","guid":{"rendered":"https:\/\/antoniolongarito.com\/stock\/?post_type=product&#038;p=6674"},"modified":"2025-03-20T15:35:59","modified_gmt":"2025-03-20T15:35:59","slug":"onyx-white-1038021l005","status":"publish","type":"product","link":"https:\/\/antoniolongarito.com\/stock\/product\/onyx-white-1038021l005\/","title":{"rendered":"Onyx White # 2004022L001"},"content":{"rendered":"<p>Pela natureza mineral trata-se de um \u00f3nix ou m\u00e1rmore criptocristalino, calc\u00edtico e aragon\u00edtico, precipitado em ambiente termal, pouco profundo e juvenil, com a mesma idade dos primeiros vest\u00edgios do Homem. Porque cristalizou em ambiente livre, pouco afetado por varia\u00e7\u00f5es de press\u00e3o e temperatura, exibe propriedades \u00f3ticas excecionais como a translucidez, que permite aplica\u00e7\u00f5es de retroilumina\u00e7\u00e3o. A varia\u00e7\u00e3o da cor branca e creme para tons mais escuros, mais marcados em contornos conc\u00eantricos, est\u00e1 relacionada com maiores concentra\u00e7\u00f5es de mat\u00e9ria org\u00e2nica e \u00f3xidos de ferro presentes no ambiente de forma\u00e7\u00e3o numa determinada fase do processo. Apresenta uma varia\u00e7\u00e3o textural muito assinal\u00e1vel, pode dizer-se que s\u00e3o dois onixes num s\u00f3, por um lado \u00e9 conc\u00eantrica e levemente colapsada, por outro lado \u00e9 mais uniforme interrompida por n\u00edveis conc\u00eantricos mais escuros. Esta duplicidade textural torna-se ainda mais exuber\u00e2ncia com retroilumina\u00e7\u00e3o.<\/p>\n<p><strong>APLICA\u00c7\u00d5ES<\/strong><\/p>\n<ul>\n<li>Piso exterior: N\u00e3o<\/li>\n<li>Fachada: Sim*<\/li>\n<li>Piso interior: Sim*<\/li>\n<li>Revestimento interior: Sim<\/li>\n<li>Casa de Banho: Sim<\/li>\n<li>Lareira: Sim*<\/li>\n<li>Mobili\u00e1rio: Sim<\/li>\n<li>Bancada da cozinha: N\u00e3o<\/li>\n<li>Retroilumina\u00e7\u00e3o: Sim*<\/li>\n<\/ul>\n<p>(*com tratamento e assentamento especializado)<\/p>\n<p><strong>DESEMPENHO T\u00c9CNICO<\/strong><\/p>\n<ul>\n<li>Resist\u00eancia \u00e0 abras\u00e3o: Moderada a Baixa<\/li>\n<li>Resist\u00eancia \u00e0 mancha: Moderada a Baixa<\/li>\n<li>Resist\u00eancia ao Calor e Geada: Moderada<\/li>\n<li>Resist\u00eancia aos Raios UV: Moderada<\/li>\n<\/ul>\n<p><strong>CUIDADOS E MANUTEN\u00c7\u00c3O<\/strong><\/p>\n<p>A estrutura cristalina dos dois polimorfos de carbonato de c\u00e1lcio\u00a0garante taxas de porosidade e de absor\u00e7\u00e3o muito baixas, tornando estas superf\u00edcies quase imperme\u00e1veis. Composicionalmente s\u00e3o muito sens\u00edveis aos \u00e1cidos, podendo manchar quando expostos a l\u00edquidos ou atmosferas \u00e1cidas ou muito alcalinas. \u00c9 ainda um material com baixa dureza, pode riscar com areias, metal ou vidro. Deve ser limpo com pano n\u00e3o abrasivo e detergente neutro.<\/p>\n","protected":false},"excerpt":{"rendered":"<p>Pela natureza mineral trata-se de um \u00f3nix ou m\u00e1rmore criptocristalino, calc\u00edtico e aragon\u00edtico, precipitado em ambiente termal, pouco profundo e juvenil, com a mesma idade dos primeiros vest\u00edgios do Homem. Porque cristalizou em ambiente livre, pouco afetado por varia\u00e7\u00f5es de press\u00e3o e temperatura, exibe propriedades \u00f3ticas excecionais como a translucidez,&hellip;<\/p>\n","protected":false},"featured_media":7188,"template":"","meta":[],"product_cat":[217],"product_tag":[],"acf":[],"_links":{"self":[{"href":"https:\/\/antoniolongarito.com\/stock\/wp-json\/wp\/v2\/product\/6674"}],"collection":[{"href":"https:\/\/antoniolongarito.com\/stock\/wp-json\/wp\/v2\/product"}],"about":[{"href":"https:\/\/antoniolongarito.com\/stock\/wp-json\/wp\/v2\/types\/product"}],"wp:featuredmedia":[{"embeddable":true,"href":"https:\/\/antoniolongarito.com\/stock\/wp-json\/wp\/v2\/media\/7188"}],"wp:attachment":[{"href":"https:\/\/antoniolongarito.com\/stock\/wp-json\/wp\/v2\/media?parent=6674"}],"wp:term":[{"taxonomy":"product_cat","embeddable":true,"href":"https:\/\/antoniolongarito.com\/stock\/wp-json\/wp\/v2\/product_cat?post=6674"},{"taxonomy":"product_tag","embeddable":true,"href":"https:\/\/antoniolongarito.com\/stock\/wp-json\/wp\/v2\/product_tag?post=6674"}],"curies":[{"name":"wp","href":"https:\/\/api.w.org\/{rel}","templated":true}]}}