{"id":6678,"date":"2021-10-27T16:23:41","date_gmt":"2021-10-27T16:23:41","guid":{"rendered":"https:\/\/antoniolongarito.com\/stock\/?post_type=product&#038;p=6678"},"modified":"2023-02-27T14:16:34","modified_gmt":"2023-02-27T14:16:34","slug":"new-ice-jade-1038021l001","status":"publish","type":"product","link":"https:\/\/antoniolongarito.com\/stock\/product\/new-ice-jade-1038021l001\/","title":{"rendered":"New Ice Jade # 1038021L001"},"content":{"rendered":"<p>M\u00e1rmore bandado, com intercala\u00e7\u00e3o de n\u00edveis negros-esverdeados de anfibolitos. Varia\u00e7\u00e3o de tons verdes claros a verdes mais intensos, de brilho nacarado e florescente. Os dom\u00ednios negros correspondem a silicatos como clorites, anf\u00edbolas e piroxenas, que incluem variedades minerais como a nefrite e a jade\u00edte ou, mais vulgarmente, a jade (um silicato-gema), conhecido pelos tons verdes e pelo alto polimento, usado em joalharia e estatu\u00e1ria ornamental.<\/p>\n<p><strong>APLICA\u00c7\u00d5ES<\/strong><\/p>\n<ul>\n<li>Piso exterior: Sim*<\/li>\n<li>Fachada: Sim*<\/li>\n<li>Piso interior: Sim*<\/li>\n<li>Revestimento interior: Sim<\/li>\n<li>Casa de Banho: Sim<\/li>\n<li>Lareira: Sim*<\/li>\n<li>Mobili\u00e1rio: Sim<\/li>\n<li>Bancada da cozinha: N\u00e3o<\/li>\n<li>Retroilumina\u00e7\u00e3o: N\u00e3o<\/li>\n<\/ul>\n<p>(*com tratamento e assentamento especializado)<\/p>\n<p><strong>DESEMPENHO T\u00c9CNICO<\/strong><\/p>\n<ul>\n<li>Resist\u00eancia \u00e0 abras\u00e3o: Baixa a Moderada<\/li>\n<li>Resist\u00eancia \u00e0 mancha: Moderada<\/li>\n<li>Resist\u00eancia \u00e0 Geada e Calor: Moderada<\/li>\n<li>Resist\u00eancia aos raios UV: Moderada a Alta<\/li>\n<\/ul>\n<p><strong>CUIDADOS E MANUTEN\u00c7\u00c3O<\/strong><\/p>\n<p>O m\u00e1rmore apesar de pouco poroso \u00e9 especialmente vulner\u00e1vel a \u00e1cidos dom\u00e9sticos como vinagre, mostarda, citrinos, etc. Os l\u00edquidos \u00e1cidos podem causar manchas quando entram em contacto com a superf\u00edcie se n\u00e3o forem imediatamente limpos. Para evitar isto aconselha-se um tratamento impermeabilizante. Para a limpeza di\u00e1ria recomenda-se um detergente de pH neutro. Como n\u00e3o \u00e9 uma pedra natural dura, risca e sofre abras\u00e3o com a utiliza\u00e7\u00e3o continuada, perdendo o polimento, contudo, n\u00e3o perder o brilho natural.<\/p>\n","protected":false},"excerpt":{"rendered":"<p>M\u00e1rmore bandado, com intercala\u00e7\u00e3o de n\u00edveis negros-esverdeados de anfibolitos. Varia\u00e7\u00e3o de tons verdes claros a verdes mais intensos, de brilho nacarado e florescente. Os dom\u00ednios negros correspondem a silicatos como clorites, anf\u00edbolas e piroxenas, que incluem variedades minerais como a nefrite e a jade\u00edte ou, mais vulgarmente, a jade (um&hellip;<\/p>\n","protected":false},"featured_media":6683,"template":"","meta":[],"product_cat":[216],"product_tag":[],"acf":[],"_links":{"self":[{"href":"https:\/\/antoniolongarito.com\/stock\/wp-json\/wp\/v2\/product\/6678"}],"collection":[{"href":"https:\/\/antoniolongarito.com\/stock\/wp-json\/wp\/v2\/product"}],"about":[{"href":"https:\/\/antoniolongarito.com\/stock\/wp-json\/wp\/v2\/types\/product"}],"wp:featuredmedia":[{"embeddable":true,"href":"https:\/\/antoniolongarito.com\/stock\/wp-json\/wp\/v2\/media\/6683"}],"wp:attachment":[{"href":"https:\/\/antoniolongarito.com\/stock\/wp-json\/wp\/v2\/media?parent=6678"}],"wp:term":[{"taxonomy":"product_cat","embeddable":true,"href":"https:\/\/antoniolongarito.com\/stock\/wp-json\/wp\/v2\/product_cat?post=6678"},{"taxonomy":"product_tag","embeddable":true,"href":"https:\/\/antoniolongarito.com\/stock\/wp-json\/wp\/v2\/product_tag?post=6678"}],"curies":[{"name":"wp","href":"https:\/\/api.w.org\/{rel}","templated":true}]}}