{"id":6691,"date":"2021-11-03T16:42:00","date_gmt":"2021-11-03T16:42:00","guid":{"rendered":"https:\/\/antoniolongarito.com\/stock\/?post_type=product&#038;p=6691"},"modified":"2024-07-10T17:07:53","modified_gmt":"2024-07-10T17:07:53","slug":"crema-emperador-2002615l004","status":"publish","type":"product","link":"https:\/\/antoniolongarito.com\/stock\/product\/crema-emperador-2002615l004\/","title":{"rendered":"Crema Emperador # 2002615L004 -FORA DE STOCK"},"content":{"rendered":"<p>Esta \u00e9 uma grande fam\u00edlia de imperadores! De natureza complexa, na transi\u00e7\u00e3o dos calc\u00e1rios para os m\u00e1rmores, trata-se de uma dolomite, com caracter\u00edsticas singulares como a textura brech\u00f3ide e uma varia\u00e7\u00e3o alargada de tons creme at\u00e9 aos castanhos. S\u00e3o profusamente ornamentados com veios calc\u00edticos de cor muito contrastante da matriz, dos brancos cristalinos aos bege e laranja vivo. Na sua forma\u00e7\u00e3o incluem-se processos de metamorfismo a baixa press\u00e3o, conferindo propriedades f\u00edsico-mec\u00e2nicas semelhantes \u00e0s dos m\u00e1rmores convencionais, tais como o alto brilho no polimento.<\/p>\n<p><strong>APLICA\u00c7\u00d5ES<\/strong><\/p>\n<ul>\n<li>Piso exterior: N\u00e3o<\/li>\n<li>Fachada: Sim<\/li>\n<li>Piso interior: Sim*<\/li>\n<li>Revestimento interior: Sim<\/li>\n<li>Casa de Banho: Sim*<\/li>\n<li>Lareira: Sim*<\/li>\n<li>Mobili\u00e1rio: Sim<\/li>\n<li>Bancada da cozinha: N\u00e3o<\/li>\n<\/ul>\n<p>(*com tratamento e assentamento especializado)<\/p>\n<p><strong>DESEMPENHO T\u00c9CNICO<\/strong><\/p>\n<ul>\n<li>Resist\u00eancia \u00e0 abras\u00e3o: Baixa<\/li>\n<li>Resist\u00eancia \u00e0 mancha: Baixa a Moderada<\/li>\n<li>Resist\u00eancia \u00e0 geada e ao calor: Baixa a Moderada<\/li>\n<li>Resist\u00eancia aos raios UV: Moderada<\/li>\n<\/ul>\n<p><strong>CUIDADOS E MANUTEN\u00c7\u00c3O<\/strong><\/p>\n<p>Por ser especialmente vulner\u00e1vel a l\u00edquidos e atmosferas \u00e1cidas, recomenda-se a limpeza com detergentes neutros. Entre os v\u00e1rios carbonatos, apresenta menor porosidade, o que reduz o risco de mancha e amplia a gama de aplica\u00e7\u00f5es em ambientes h\u00famidos. Evite produtos abrasivos ou que possam riscar, como areias e metais. Os tratamentos de selagem e impermeabiliza\u00e7\u00e3o s\u00e3o recomendados nas aplica\u00e7\u00f5es exteriores, em maci\u00e7os para estatu\u00e1ria ou aplica\u00e7\u00e3o em maci\u00e7os, todavia os tons matizes n\u00e3o saem penalizados com a exposi\u00e7\u00e3o no exterior, apenas se acentuam os seus contrastes naturais.<\/p>\n","protected":false},"excerpt":{"rendered":"<p>Esta \u00e9 uma grande fam\u00edlia de imperadores! De natureza complexa, na transi\u00e7\u00e3o dos calc\u00e1rios para os m\u00e1rmores, trata-se de uma dolomite, com caracter\u00edsticas singulares como a textura brech\u00f3ide e uma varia\u00e7\u00e3o alargada de tons creme at\u00e9 aos castanhos. S\u00e3o profusamente ornamentados com veios calc\u00edticos de cor muito contrastante da matriz,&hellip;<\/p>\n","protected":false},"featured_media":6692,"template":"","meta":[],"product_cat":[216],"product_tag":[],"acf":[],"_links":{"self":[{"href":"https:\/\/antoniolongarito.com\/stock\/wp-json\/wp\/v2\/product\/6691"}],"collection":[{"href":"https:\/\/antoniolongarito.com\/stock\/wp-json\/wp\/v2\/product"}],"about":[{"href":"https:\/\/antoniolongarito.com\/stock\/wp-json\/wp\/v2\/types\/product"}],"wp:featuredmedia":[{"embeddable":true,"href":"https:\/\/antoniolongarito.com\/stock\/wp-json\/wp\/v2\/media\/6692"}],"wp:attachment":[{"href":"https:\/\/antoniolongarito.com\/stock\/wp-json\/wp\/v2\/media?parent=6691"}],"wp:term":[{"taxonomy":"product_cat","embeddable":true,"href":"https:\/\/antoniolongarito.com\/stock\/wp-json\/wp\/v2\/product_cat?post=6691"},{"taxonomy":"product_tag","embeddable":true,"href":"https:\/\/antoniolongarito.com\/stock\/wp-json\/wp\/v2\/product_tag?post=6691"}],"curies":[{"name":"wp","href":"https:\/\/api.w.org\/{rel}","templated":true}]}}