{"id":6862,"date":"2022-02-16T12:39:06","date_gmt":"2022-02-16T12:39:06","guid":{"rendered":"https:\/\/antoniolongarito.com\/stock\/?post_type=product&#038;p=6862"},"modified":"2025-08-26T15:14:17","modified_gmt":"2025-08-26T15:14:17","slug":"bianco-nuvolato-1038021l003","status":"publish","type":"product","link":"https:\/\/antoniolongarito.com\/stock\/product\/bianco-nuvolato-1038021l003\/","title":{"rendered":"Bianco Nuvolato # 1038021L003 &#8211; FORA STOCK"},"content":{"rendered":"<p>M\u00e1rmore dolom\u00edtico, com texturas desmembradas de dolomite cristalina de cor cinza e bege, com gradua\u00e7\u00e3o suave e geometrias conc\u00eantricas, numa transi\u00e7\u00e3o brusca com a matriz branca de gr\u00e3o m\u00e9dio a fino, bem pronunciados. Esta textura deve-se \u00e0 g\u00e9nese metam\u00f3rfica, com baixa press\u00e3o e baixa temperatura, reformulando rochas pr\u00e9-existentes, e precipitando fluidos tardios de composi\u00e7\u00e3o dolom\u00edtica.<\/p>\n<p><strong>APLICA\u00c7\u00d5ES<\/strong><\/p>\n<ul>\n<li>Piso exterior: N\u00e3o<\/li>\n<li>Fachada: N\u00e3o<\/li>\n<li>Piso interior: Sim*<\/li>\n<li>Revestimento interior: Sim<\/li>\n<li>Casa de Banho: Sim<\/li>\n<li>Lareira: N\u00e3o<\/li>\n<li>Mobili\u00e1rio: Sim<\/li>\n<li>Bancada da cozinha: N\u00e3o<\/li>\n<li>Retroilumina\u00e7\u00e3o: Sim*<\/li>\n<\/ul>\n<p>(*com tratamento e assentamento especializado)<\/p>\n<p><strong>DESEMPENHO T\u00c9CNICO<\/strong><\/p>\n<ul>\n<li>Resist\u00eancia \u00e0 abras\u00e3o: Baixa a Moderada<\/li>\n<li>Resist\u00eancia \u00e0 mancha: Moderada<\/li>\n<li>Resist\u00eancia \u00e0 Geada e Calor: Baixa a Moderada<\/li>\n<li>Resist\u00eancia aos raios UV: Moderada<\/li>\n<\/ul>\n<p><strong>CUIDADOS E MANUTEN\u00c7\u00c3O<\/strong><\/p>\n<p>O m\u00e1rmore apesar de muito pouco poroso \u00e9 especialmente vulner\u00e1vel a \u00e1cidos dom\u00e9sticos como vinagre, mostarda, citrinos, etc. Os l\u00edquidos \u00e1cidos podem causar manchas quando entram em contacto com a superf\u00edcie se n\u00e3o forem imediatamente limpos. Para evitar isto aconselha-se um tratamento impermeabilizante. Para a limpeza di\u00e1ria recomenda-se um detergente de pH neutro. Como n\u00e3o \u00e9 uma pedra natural dura, risca e sofre abras\u00e3o com a utiliza\u00e7\u00e3o continuada, perdendo o polimento sem, contudo, perder o brilho natural.<\/p>\n","protected":false},"excerpt":{"rendered":"<p>M\u00e1rmore dolom\u00edtico, com texturas desmembradas de dolomite cristalina de cor cinza e bege, com gradua\u00e7\u00e3o suave e geometrias conc\u00eantricas, numa transi\u00e7\u00e3o brusca com a matriz branca de gr\u00e3o m\u00e9dio a fino, bem pronunciados. Esta textura deve-se \u00e0 g\u00e9nese metam\u00f3rfica, com baixa press\u00e3o e baixa temperatura, reformulando rochas pr\u00e9-existentes, e precipitando&hellip;<\/p>\n","protected":false},"featured_media":6863,"template":"","meta":[],"product_cat":[216],"product_tag":[],"acf":[],"_links":{"self":[{"href":"https:\/\/antoniolongarito.com\/stock\/wp-json\/wp\/v2\/product\/6862"}],"collection":[{"href":"https:\/\/antoniolongarito.com\/stock\/wp-json\/wp\/v2\/product"}],"about":[{"href":"https:\/\/antoniolongarito.com\/stock\/wp-json\/wp\/v2\/types\/product"}],"wp:featuredmedia":[{"embeddable":true,"href":"https:\/\/antoniolongarito.com\/stock\/wp-json\/wp\/v2\/media\/6863"}],"wp:attachment":[{"href":"https:\/\/antoniolongarito.com\/stock\/wp-json\/wp\/v2\/media?parent=6862"}],"wp:term":[{"taxonomy":"product_cat","embeddable":true,"href":"https:\/\/antoniolongarito.com\/stock\/wp-json\/wp\/v2\/product_cat?post=6862"},{"taxonomy":"product_tag","embeddable":true,"href":"https:\/\/antoniolongarito.com\/stock\/wp-json\/wp\/v2\/product_tag?post=6862"}],"curies":[{"name":"wp","href":"https:\/\/api.w.org\/{rel}","templated":true}]}}