{"id":6971,"date":"2022-03-10T15:28:03","date_gmt":"2022-03-10T15:28:03","guid":{"rendered":"https:\/\/antoniolongarito.com\/stock\/?post_type=product&#038;p=6971"},"modified":"2024-07-10T16:08:32","modified_gmt":"2024-07-10T16:08:32","slug":"opium-blue-4e-13502-22004022l001","status":"publish","type":"product","link":"https:\/\/antoniolongarito.com\/stock\/product\/opium-blue-4e-13502-22004022l001\/","title":{"rendered":"Opium Blue # O.4E-13502.2"},"content":{"rendered":"<p style=\"padding-left: 40px\">Quartzito catacl\u00e1stico, com matriz de brilho v\u00edtreo e cor azul-cinza, estrutura fortemente cataclasada, compartimentada por veios dourados, num contraste muito pronunciado com a matriz. Os veios t\u00eam preenchimento bandado de \u00f3xidos de ferro, que s\u00e3o depois selados e cristalizados por druzas de quartzo, com multiplos reflexos v\u00edtreos. De natureza silicatada, formado por sucessivos epis\u00f3dios metam\u00f3rficos, que resultam numa rocha que re\u00fane as melhores propriedades de um granito &#8211; a resist\u00eancia mec\u00e2nica e qu\u00edmica &#8211; e a intensidade crom\u00e1tica e luminosa de um onyx.<\/p>\n<p><strong>APLICA\u00c7\u00d5ES<\/strong><\/p>\n<ul>\n<li>Piso exterior: Sim<\/li>\n<li>Fachada: Sim<\/li>\n<li>Piso interior: Sim<\/li>\n<li>Revestimento interior: Sim<\/li>\n<li>Casa de Banho: Sim<\/li>\n<li>Lareira: Sim<\/li>\n<li>Mobili\u00e1rio: Sim<\/li>\n<li>Bancada da cozinha: Sim<\/li>\n<li>Retroilumina\u00e7\u00e3o: Sim<\/li>\n<\/ul>\n<p><strong>DESEMPENHO T\u00c9CNICO<\/strong><\/p>\n<ul>\n<li>Resist\u00eancia \u00e0 abras\u00e3o: Alta<\/li>\n<li>Resist\u00eancia \u00e0 mancha: Alta<\/li>\n<li>Resist\u00eancia \u00e0 Geada e ao Calor: Alta<\/li>\n<li>Resist\u00eancia aos Raios UV: Alta<\/li>\n<\/ul>\n<p><strong>CUIDADOS E MANUTEN\u00c7\u00c3O<\/strong><\/p>\n<p style=\"padding-left: 40px\">Tal como os granitos t\u00eam grande resist\u00eancia qu\u00edmica e mec\u00e2nica. Entre os padr\u00f5es texturais apresentam juntas, contornos e grada\u00e7\u00f5es nos tons dourados, com brilho met\u00e1lico, que podem sugerir riscas ou manchas, todavia, s\u00e3o padr\u00f5es pr\u00f3prios do exotismo deste material. Podem ser limpos com a generalidade dos detergentes e desinfetantes. O seu polimento persiste e a superf\u00edcie mant\u00e9m-se brilhante, mesmo sujeito a maior abras\u00e3o.<\/p>\n","protected":false},"excerpt":{"rendered":"<p>Quartzito catacl\u00e1stico, com matriz de brilho v\u00edtreo e cor azul-cinza, estrutura fortemente cataclasada, compartimentada por veios dourados, num contraste muito pronunciado com a matriz. Os veios t\u00eam preenchimento bandado de \u00f3xidos de ferro, que s\u00e3o depois selados e cristalizados por druzas de quartzo, com multiplos reflexos v\u00edtreos. De natureza silicatada,&hellip;<\/p>\n","protected":false},"featured_media":6975,"template":"","meta":[],"product_cat":[215],"product_tag":[],"acf":[],"_links":{"self":[{"href":"https:\/\/antoniolongarito.com\/stock\/wp-json\/wp\/v2\/product\/6971"}],"collection":[{"href":"https:\/\/antoniolongarito.com\/stock\/wp-json\/wp\/v2\/product"}],"about":[{"href":"https:\/\/antoniolongarito.com\/stock\/wp-json\/wp\/v2\/types\/product"}],"wp:featuredmedia":[{"embeddable":true,"href":"https:\/\/antoniolongarito.com\/stock\/wp-json\/wp\/v2\/media\/6975"}],"wp:attachment":[{"href":"https:\/\/antoniolongarito.com\/stock\/wp-json\/wp\/v2\/media?parent=6971"}],"wp:term":[{"taxonomy":"product_cat","embeddable":true,"href":"https:\/\/antoniolongarito.com\/stock\/wp-json\/wp\/v2\/product_cat?post=6971"},{"taxonomy":"product_tag","embeddable":true,"href":"https:\/\/antoniolongarito.com\/stock\/wp-json\/wp\/v2\/product_tag?post=6971"}],"curies":[{"name":"wp","href":"https:\/\/api.w.org\/{rel}","templated":true}]}}