{"id":6983,"date":"2022-04-21T18:01:39","date_gmt":"2022-04-21T18:01:39","guid":{"rendered":"https:\/\/antoniolongarito.com\/stock\/?post_type=product&#038;p=6983"},"modified":"2025-03-24T14:57:37","modified_gmt":"2025-03-24T14:57:37","slug":"port-laurent-1070122l001","status":"publish","type":"product","link":"https:\/\/antoniolongarito.com\/stock\/product\/port-laurent-1070122l001\/","title":{"rendered":"Port Laurent # 1070122L001"},"content":{"rendered":"<p>Dolomite de matriz castanho-bronze, textura fina, carbonosa, com veios de espessuras e de composi\u00e7\u00e3o mineral distintas e arranjo irregular. Altamente contrastantes, os veios brancos de calcite muito cristalina s\u00e3o preenchimentos de fraturas naturais e os veios dourados t\u00eam na sua composi\u00e7\u00e3o \u00f3xidos de ferro e argilas. No processo de forma\u00e7\u00e3o, aquelas fraturas teriam sido abertas por movimentos tect\u00f3nicos e seladas naturalmente em diferentes momentos. Isto d\u00e1 uma assinatura muito din\u00e2mica e exuberante a este material.<\/p>\n<p><strong>APLICA\u00c7\u00d5ES<\/strong><\/p>\n<ul>\n<li>Piso exterior: N\u00e3o<\/li>\n<li>Fachada: N\u00e3o<\/li>\n<li>Piso interior: N\u00e3o<\/li>\n<li>Revestimento interior: Sim<\/li>\n<li>Casa de Banho: Sim*<\/li>\n<li>Lareira: Sim*<\/li>\n<li>Mobili\u00e1rio: Sim<\/li>\n<li>Bancada da cozinha: N\u00e3o<\/li>\n<\/ul>\n<p>(*com tratamento e assentamento especializado)<\/p>\n<p><strong>DESEMPENHO T\u00c9CNICO<\/strong><\/p>\n<ul>\n<li>Resist\u00eancia \u00e0 abras\u00e3o: Baixa<\/li>\n<li>Resist\u00eancia \u00e0 mancha: Baixa<\/li>\n<li>Resist\u00eancia \u00e0 geada e ao calor: Baixa a Moderada<\/li>\n<li>Resist\u00eancia aos raios UV: Baixa<\/li>\n<\/ul>\n<p><strong>CUIDADOS E MANUTEN\u00c7\u00c3O<\/strong><\/p>\n<p>Por ser vulner\u00e1vel a l\u00edquidos e a atmosferas \u00e1cidas, limpe com detergentes neutros e evite a exposi\u00e7\u00e3o a fumo. Com exposi\u00e7\u00e3o muito incidente aos raios UV podem formar-se manchas e irregularidades na matriz negra. Evite produtos abrasivos ou que possam riscar, como areias e metais. Os tratamentos de selagem e impermeabiliza\u00e7\u00e3o s\u00e3o recomendados nas aplica\u00e7\u00f5es exteriores e em ambientes h\u00famidos.<\/p>\n","protected":false},"excerpt":{"rendered":"<p>Dolomite de matriz castanho-bronze, textura fina, carbonosa, com veios de espessuras e de composi\u00e7\u00e3o mineral distintas e arranjo irregular. Altamente contrastantes, os veios brancos de calcite muito cristalina s\u00e3o preenchimentos de fraturas naturais e os veios dourados t\u00eam na sua composi\u00e7\u00e3o \u00f3xidos de ferro e argilas. No processo de forma\u00e7\u00e3o,&hellip;<\/p>\n","protected":false},"featured_media":6985,"template":"","meta":[],"product_cat":[216],"product_tag":[],"acf":[],"_links":{"self":[{"href":"https:\/\/antoniolongarito.com\/stock\/wp-json\/wp\/v2\/product\/6983"}],"collection":[{"href":"https:\/\/antoniolongarito.com\/stock\/wp-json\/wp\/v2\/product"}],"about":[{"href":"https:\/\/antoniolongarito.com\/stock\/wp-json\/wp\/v2\/types\/product"}],"wp:featuredmedia":[{"embeddable":true,"href":"https:\/\/antoniolongarito.com\/stock\/wp-json\/wp\/v2\/media\/6985"}],"wp:attachment":[{"href":"https:\/\/antoniolongarito.com\/stock\/wp-json\/wp\/v2\/media?parent=6983"}],"wp:term":[{"taxonomy":"product_cat","embeddable":true,"href":"https:\/\/antoniolongarito.com\/stock\/wp-json\/wp\/v2\/product_cat?post=6983"},{"taxonomy":"product_tag","embeddable":true,"href":"https:\/\/antoniolongarito.com\/stock\/wp-json\/wp\/v2\/product_tag?post=6983"}],"curies":[{"name":"wp","href":"https:\/\/api.w.org\/{rel}","templated":true}]}}