{"id":6995,"date":"2022-05-02T14:31:02","date_gmt":"2022-05-02T14:31:02","guid":{"rendered":"https:\/\/antoniolongarito.com\/stock\/?post_type=product&#038;p=6995"},"modified":"2025-06-02T08:16:32","modified_gmt":"2025-06-02T08:16:32","slug":"ardosia-graffiti-a-3","status":"publish","type":"product","link":"https:\/\/antoniolongarito.com\/stock\/product\/ardosia-graffiti-a-3\/","title":{"rendered":"Ardosia Graffiti # A.3"},"content":{"rendered":"<p>De toque muito suave, xistosidade fina, compacta e homog\u00e9nea. As cores variam dentro dos tons escuros, o brilho \u00e9 nacarado a mate. Risca-se de forma not\u00e1vel, sendo essa marca uma caracter\u00edstica diagn\u00f3stica, hist\u00f3rica e cultural (incontorn\u00e1vel quadro de escola e &#8220;bloco de notas&#8221;).<\/p>\n<p>As ard\u00f3sias, ou lousas, s\u00e3o rochas silicatadas de gr\u00e3o extremamente fino, lamelar e orientados segundo planos de clivagem, por isso quebra &#8220;em lascas&#8221; t\u00e3o facilmente. A composi\u00e7\u00e3o mineral inclui maioritariamente micas (moscovite e biotite e ainda clorite se mostrar tons esverdeados). S\u00e3o de origem metassedimentar, ou seja, formadas a partir de argilas sujeitas a press\u00e3o e temperatura, neste caso de baixo grau,\u00a0 que orientou os seus minerais segundo planos que lhe d\u00e3o aspeto folheado, t\u00e3o caracter\u00edstico.<\/p>\n<p><strong>APLICA\u00c7\u00d5ES<\/strong><\/p>\n<ul>\n<li>Piso exterior: Sim<\/li>\n<li>Fachada: Sim<\/li>\n<li>Piso interior: Sim<\/li>\n<li>Revestimento interior: Sim<\/li>\n<li>Casa de Banho: Sim<\/li>\n<li>Lareira: Sim<\/li>\n<li>Mobili\u00e1rio: Sim<\/li>\n<li>Bancada da cozinha: Sim<\/li>\n<li>Aplica\u00e7\u00f5es retroiluminadas: N\u00e3o<\/li>\n<\/ul>\n<p><strong>DESEMPENHO T\u00c9CNICO<\/strong><\/p>\n<ul>\n<li>Resist\u00eancia \u00e0 abras\u00e3o: Baixa<\/li>\n<li>Resist\u00eancia \u00e0 mancha: Moderado<\/li>\n<li>Sensibilidade qu\u00edmica: Baixa<\/li>\n<li>Resistente ao Calor e Geada: Alto<\/li>\n<li>Resistente aos raios UV: Alto<\/li>\n<\/ul>\n<p><strong>CUIDADOS E MANUTEN\u00c7\u00c3O<\/strong><\/p>\n<p>Evite a abras\u00e3o com areias ou metais, porque este material risca com facilidade. Os \u00f3leos e os l\u00edquidos altamente pigmentados podem penetrar e manchar a ardosia, no entanto, n\u00e3o \u00e9 suscet\u00edvel a l\u00edquidos \u00e1cidos ou muito alcalinos, pelo que, pode ser limpa com a generalidade de detergentes e desinfetantes. \u00c9 resistente \u00e0 agressividade atmosf\u00e9rica e ao desgaste ambiental, n\u00e3o perde o brilho superficial ou mostra altera\u00e7\u00f5es na cor ou na estrutura quando exposta aos raios UV ou exposta a varia\u00e7\u00f5es e extremos de temperatura. Pode lascar quando sujeita a choques por impacto.<\/p>\n","protected":false},"excerpt":{"rendered":"<p>De toque muito suave, xistosidade fina, compacta e homog\u00e9nea. As cores variam dentro dos tons escuros, o brilho \u00e9 nacarado a mate. Risca-se de forma not\u00e1vel, sendo essa marca uma caracter\u00edstica diagn\u00f3stica, hist\u00f3rica e cultural (incontorn\u00e1vel quadro de escola e &#8220;bloco de notas&#8221;). As ard\u00f3sias, ou lousas, s\u00e3o rochas silicatadas&hellip;<\/p>\n","protected":false},"featured_media":6994,"template":"","meta":[],"product_cat":[215],"product_tag":[],"acf":[],"_links":{"self":[{"href":"https:\/\/antoniolongarito.com\/stock\/wp-json\/wp\/v2\/product\/6995"}],"collection":[{"href":"https:\/\/antoniolongarito.com\/stock\/wp-json\/wp\/v2\/product"}],"about":[{"href":"https:\/\/antoniolongarito.com\/stock\/wp-json\/wp\/v2\/types\/product"}],"wp:featuredmedia":[{"embeddable":true,"href":"https:\/\/antoniolongarito.com\/stock\/wp-json\/wp\/v2\/media\/6994"}],"wp:attachment":[{"href":"https:\/\/antoniolongarito.com\/stock\/wp-json\/wp\/v2\/media?parent=6995"}],"wp:term":[{"taxonomy":"product_cat","embeddable":true,"href":"https:\/\/antoniolongarito.com\/stock\/wp-json\/wp\/v2\/product_cat?post=6995"},{"taxonomy":"product_tag","embeddable":true,"href":"https:\/\/antoniolongarito.com\/stock\/wp-json\/wp\/v2\/product_tag?post=6995"}],"curies":[{"name":"wp","href":"https:\/\/api.w.org\/{rel}","templated":true}]}}