{"id":6996,"date":"2022-05-03T10:43:23","date_gmt":"2022-05-03T10:43:23","guid":{"rendered":"https:\/\/antoniolongarito.com\/stock\/?post_type=product&#038;p=6996"},"modified":"2024-10-28T09:15:16","modified_gmt":"2024-10-28T09:15:16","slug":"azul-noite-an53896-2","status":"publish","type":"product","link":"https:\/\/antoniolongarito.com\/stock\/product\/azul-noite-an53896-2\/","title":{"rendered":"Azul Noite # AN53896.2"},"content":{"rendered":"<p>Rocha magm\u00e1tica, granular, com textura cristalina uniforme de gr\u00e3o m\u00e9dio a grosseiro, constitu\u00edda essencialmente por minerais cinza azulados, de brilho v\u00edtreo a ceroso. Os tons mais claros devem-se aos feldspatos, as cores azuladas, mais t\u00edpicas, devem-se \u00e0s plagi\u00f3clases labradorites que apresentam intensa iridesc\u00eancia, com reflexos policrom\u00e1ticos. Inclui ainda minerais mais escuros como as horneblendas e as biotites e , em menor quantidade, os minerais de brilho met\u00e1lico, como as magnetites. Formada a grande profundidade, superior \u00e0 dos granitos, mas com menor conte\u00fado de quartzo, \u00e9 classificada como um sienito, de brilho ceroso-prateado e reflexo azul.<\/p>\n<p><strong>\u00a0<\/strong><strong>APLICA\u00c7\u00d5ES<\/strong><\/p>\n<ul>\n<li>Piso exterior: Sim<\/li>\n<li>Fachada: Sim<\/li>\n<li>Piso interior: Sim<\/li>\n<li>Revestimento interior: Sim<\/li>\n<li>Casa de Banho: Sim<\/li>\n<li>Lareira: Sim<\/li>\n<li>Mobili\u00e1rio: Sim<\/li>\n<li>Bancada da cozinha: Sim<\/li>\n<li>Retroilumina\u00e7\u00e3o: N\u00e3o<\/li>\n<\/ul>\n<p><strong>DESEMPENHO T\u00c9CNICO<\/strong><\/p>\n<ul>\n<li>Resist\u00eancia \u00e0 abras\u00e3o: Alta a Moderada<\/li>\n<li>Resist\u00eancia \u00e0 mancha: Alta<\/li>\n<li>Resist\u00eancia \u00e0 Geada e ao Calor: Alta<\/li>\n<li>Resist\u00eancia aos Raios UV: Alta a Moderada<\/li>\n<\/ul>\n<p><strong>CUIDADOS E MANUTEN\u00c7\u00c3O<\/strong><\/p>\n<p>Tal como os granitos, esta rocha n\u00e3o mancha, n\u00e3o fratura, nem risca. T\u00eam muito baixa suscetibilidade aos l\u00edquidos ou atmosferas acidas ou alcalinas, pode ser limpa com a generalidade dos detergentes e desinfetantes. Porque t\u00eam elevada dureza o seu polimento persiste e a superf\u00edcie mant\u00e9m-se muito brilhante.<\/p>\n","protected":false},"excerpt":{"rendered":"<p>Rocha magm\u00e1tica, granular, com textura cristalina uniforme de gr\u00e3o m\u00e9dio a grosseiro, constitu\u00edda essencialmente por minerais cinza azulados, de brilho v\u00edtreo a ceroso. Os tons mais claros devem-se aos feldspatos, as cores azuladas, mais t\u00edpicas, devem-se \u00e0s plagi\u00f3clases labradorites que apresentam intensa iridesc\u00eancia, com reflexos policrom\u00e1ticos. Inclui ainda minerais mais&hellip;<\/p>\n","protected":false},"featured_media":6999,"template":"","meta":[],"product_cat":[215],"product_tag":[],"acf":[],"_links":{"self":[{"href":"https:\/\/antoniolongarito.com\/stock\/wp-json\/wp\/v2\/product\/6996"}],"collection":[{"href":"https:\/\/antoniolongarito.com\/stock\/wp-json\/wp\/v2\/product"}],"about":[{"href":"https:\/\/antoniolongarito.com\/stock\/wp-json\/wp\/v2\/types\/product"}],"wp:featuredmedia":[{"embeddable":true,"href":"https:\/\/antoniolongarito.com\/stock\/wp-json\/wp\/v2\/media\/6999"}],"wp:attachment":[{"href":"https:\/\/antoniolongarito.com\/stock\/wp-json\/wp\/v2\/media?parent=6996"}],"wp:term":[{"taxonomy":"product_cat","embeddable":true,"href":"https:\/\/antoniolongarito.com\/stock\/wp-json\/wp\/v2\/product_cat?post=6996"},{"taxonomy":"product_tag","embeddable":true,"href":"https:\/\/antoniolongarito.com\/stock\/wp-json\/wp\/v2\/product_tag?post=6996"}],"curies":[{"name":"wp","href":"https:\/\/api.w.org\/{rel}","templated":true}]}}