{"id":7132,"date":"2022-10-04T15:30:01","date_gmt":"2022-10-04T15:30:01","guid":{"rendered":"https:\/\/antoniolongarito.com\/stock\/?post_type=product&#038;p=7132"},"modified":"2024-01-31T13:43:46","modified_gmt":"2024-01-31T13:43:46","slug":"calacatta-oro-1008516l001-2","status":"publish","type":"product","link":"https:\/\/antoniolongarito.com\/stock\/product\/calacatta-oro-1008516l001-2\/","title":{"rendered":"Calacatta Oro # 1008516L001"},"content":{"rendered":"<p>M\u00e1rmore brecha, calc\u00edtico, numa matriz dourada, levemente zonada, contornando clastos gigantes, l\u00edmpidos, com alto contraste, de cores branco e creme. Combina alto polimento com esta textura not\u00e1vel, que se deve \u00e0 g\u00e9nese metam\u00f3rfica, em profundidade e com alta press\u00e3o e temperatura, reformulando rochas pr\u00e9-existentes, neste caso, calc\u00e1rios muito cristalinos. Alguns dos aspetos texturais devem-se \u00e0 presen\u00e7a de minerais reativos, do grupo dos \u00f3xidos e dos sulfuretos, que se v\u00e3o equilibrando ao longo do tempo de forma\u00e7\u00e3o, mantendo todo o seu destaque na matriz.<\/p>\n<p><strong>APLICA\u00c7\u00d5ES<\/strong><\/p>\n<ul>\n<li>Piso exterior: Sim*<\/li>\n<li>Fachada: Sim*<\/li>\n<li>Piso interior: Sim*<\/li>\n<li>Revestimento interior: Sim<\/li>\n<li>Casa de Banho: Sim<\/li>\n<li>Lareira: Sim*<\/li>\n<li>Mobili\u00e1rio: Sim<\/li>\n<li>Bancada da cozinha: N\u00e3o<\/li>\n<li>Retroilumina\u00e7\u00e3o: Sim*<\/li>\n<\/ul>\n<p>(*com tratamento e assentamento especializado)<\/p>\n<p><strong>DESEMPENHO T\u00c9CNICO<\/strong><\/p>\n<ul>\n<li>Resist\u00eancia \u00e0 abras\u00e3o: Baixa a Moderada<\/li>\n<li>Resist\u00eancia \u00e0 mancha: Moderada<\/li>\n<li>Resist\u00eancia \u00e0 Geada e Calor: Moderada<\/li>\n<li>Resist\u00eancia aos raios UV: Moderada a Alta<\/li>\n<\/ul>\n<p><strong>CUIDADOS E MANUTEN\u00c7\u00c3O<\/strong><\/p>\n<p>O m\u00e1rmore apesar de muito pouco poroso \u00e9 especialmente vulner\u00e1vel a \u00e1cidos dom\u00e9sticos como vinagre, mostarda, citrinos, etc. Os l\u00edquidos \u00e1cidos podem causar manchas quando entram em contacto com a superf\u00edcie se n\u00e3o forem imediatamente limpos. Para evitar isto aconselha-se um tratamento impermeabilizante. Para a limpeza di\u00e1ria recomenda-se um detergente de pH neutro. Como n\u00e3o \u00e9 uma pedra natural dura, risca e sofre abras\u00e3o com a utiliza\u00e7\u00e3o continuada, perdendo o polimento sem, contudo, perder o brilho natural. Considera-se este \u201cenvelhecimento\u201d uma particularidade est\u00e9tica \u00fanica.<\/p>\n","protected":false},"excerpt":{"rendered":"<p>M\u00e1rmore brecha, calc\u00edtico, numa matriz dourada, levemente zonada, contornando clastos gigantes, l\u00edmpidos, com alto contraste, de cores branco e creme. Combina alto polimento com esta textura not\u00e1vel, que se deve \u00e0 g\u00e9nese metam\u00f3rfica, em profundidade e com alta press\u00e3o e temperatura, reformulando rochas pr\u00e9-existentes, neste caso, calc\u00e1rios muito cristalinos. Alguns&hellip;<\/p>\n","protected":false},"featured_media":5395,"template":"","meta":[],"product_cat":[216],"product_tag":[],"acf":[],"_links":{"self":[{"href":"https:\/\/antoniolongarito.com\/stock\/wp-json\/wp\/v2\/product\/7132"}],"collection":[{"href":"https:\/\/antoniolongarito.com\/stock\/wp-json\/wp\/v2\/product"}],"about":[{"href":"https:\/\/antoniolongarito.com\/stock\/wp-json\/wp\/v2\/types\/product"}],"wp:featuredmedia":[{"embeddable":true,"href":"https:\/\/antoniolongarito.com\/stock\/wp-json\/wp\/v2\/media\/5395"}],"wp:attachment":[{"href":"https:\/\/antoniolongarito.com\/stock\/wp-json\/wp\/v2\/media?parent=7132"}],"wp:term":[{"taxonomy":"product_cat","embeddable":true,"href":"https:\/\/antoniolongarito.com\/stock\/wp-json\/wp\/v2\/product_cat?post=7132"},{"taxonomy":"product_tag","embeddable":true,"href":"https:\/\/antoniolongarito.com\/stock\/wp-json\/wp\/v2\/product_tag?post=7132"}],"curies":[{"name":"wp","href":"https:\/\/api.w.org\/{rel}","templated":true}]}}