{"id":7222,"date":"2022-10-25T16:37:41","date_gmt":"2022-10-25T16:37:41","guid":{"rendered":"https:\/\/antoniolongarito.com\/stock\/?post_type=product&#038;p=7222"},"modified":"2024-09-16T08:14:00","modified_gmt":"2024-09-16T08:14:00","slug":"creme-marfil-29656-2","status":"publish","type":"product","link":"https:\/\/antoniolongarito.com\/stock\/product\/creme-marfil-29656-2\/","title":{"rendered":"Creme Marfil Escovado # 29656.2"},"content":{"rendered":"<p>Creme Marfil \u00e9 uma das pedras naturais mais populares do mundo. \u00c9 um calc\u00e1rio espanhol que, pela sua cristalinidade e uniformidade, permite polimentos de alto brilho semelhante aos m\u00e1rmores. Apresenta muitas varia\u00e7\u00f5es nos tons bege ou creme, mais claros ou mais escuros, e nas texturas da matriz, microcristalina a fossil\u00edfera. Pequenos f\u00f3sseis ovais de tons mais claros, marcam as variedades \u201cgr\u00e3os de arroz\u201d, que ao estarem orientados em padr\u00f5es ondulados, passa a ser variedade &#8220;\u00e1gua&#8221;, ou ent\u00e3o exibe marcas claras, f\u00f3sseis com contorno irregular, distinguindo a variedade \u201cflor\u201d. Podem ainda apresentar veios com recristaliza\u00e7\u00e3o de calcite, muito brancos, ou de \u00f3xidos de ferro, mais escuros e avermelhados. Todas estes aspetos texturais d\u00e3o-lhe um toque macio e aconchegante que combina bem em qualquer ambiente e estilo decorativo!<\/p>\n<p><strong>APLICA\u00c7\u00d5ES<\/strong>:<\/p>\n<ul>\n<li>Piso exterior: N\u00e3o<\/li>\n<li>Fachada: Sim<\/li>\n<li>Piso interior: Sim<\/li>\n<li>Revestimento interior: Sim<\/li>\n<li>Casa de Banho: Sim<\/li>\n<li>Lareira: Sim<\/li>\n<li>Mobili\u00e1rio: Sim<\/li>\n<li>Bancada da cozinha: Sim<\/li>\n<\/ul>\n<p><strong>DESEMPENHO T\u00c9CNICO<\/strong><\/p>\n<ul>\n<li>Resist\u00eancia \u00e0 abras\u00e3o: Baixa<\/li>\n<li>Resist\u00eancia \u00e0 mancha: Moderado<\/li>\n<li>Resist\u00eancia \u00e0 geada e ao calor: Baixa<\/li>\n<li>Resist\u00eancia aos raios UV: Moderado<\/li>\n<\/ul>\n<p><strong>CUIDADOS E MANUTEN\u00c7\u00c3O<\/strong><\/p>\n<p>Por ser especialmente vulner\u00e1vel a l\u00edquidos e atmosferas \u00e1cidas, limpar com detergentes neutros. Entre os v\u00e1rios carbonatos, apresenta menor porosidade, o que reduz o risco de mancha e amplia a gama de aplica\u00e7\u00f5es em ambientes h\u00famidos. Evite produtos abrasivos ou que possam riscar, como areias e metais.<\/p>\n","protected":false},"excerpt":{"rendered":"<p>Creme Marfil \u00e9 uma das pedras naturais mais populares do mundo. \u00c9 um calc\u00e1rio espanhol que, pela sua cristalinidade e uniformidade, permite polimentos de alto brilho semelhante aos m\u00e1rmores. Apresenta muitas varia\u00e7\u00f5es nos tons bege ou creme, mais claros ou mais escuros, e nas texturas da matriz, microcristalina a fossil\u00edfera.&hellip;<\/p>\n","protected":false},"featured_media":7223,"template":"","meta":[],"product_cat":[216],"product_tag":[],"acf":[],"_links":{"self":[{"href":"https:\/\/antoniolongarito.com\/stock\/wp-json\/wp\/v2\/product\/7222"}],"collection":[{"href":"https:\/\/antoniolongarito.com\/stock\/wp-json\/wp\/v2\/product"}],"about":[{"href":"https:\/\/antoniolongarito.com\/stock\/wp-json\/wp\/v2\/types\/product"}],"wp:featuredmedia":[{"embeddable":true,"href":"https:\/\/antoniolongarito.com\/stock\/wp-json\/wp\/v2\/media\/7223"}],"wp:attachment":[{"href":"https:\/\/antoniolongarito.com\/stock\/wp-json\/wp\/v2\/media?parent=7222"}],"wp:term":[{"taxonomy":"product_cat","embeddable":true,"href":"https:\/\/antoniolongarito.com\/stock\/wp-json\/wp\/v2\/product_cat?post=7222"},{"taxonomy":"product_tag","embeddable":true,"href":"https:\/\/antoniolongarito.com\/stock\/wp-json\/wp\/v2\/product_tag?post=7222"}],"curies":[{"name":"wp","href":"https:\/\/api.w.org\/{rel}","templated":true}]}}