{"id":7344,"date":"2022-12-27T16:12:50","date_gmt":"2022-12-27T16:12:50","guid":{"rendered":"https:\/\/antoniolongarito.com\/stock\/?post_type=product&#038;p=7344"},"modified":"2022-12-27T16:15:50","modified_gmt":"2022-12-27T16:15:50","slug":"portobello-1005921l001","status":"publish","type":"product","link":"https:\/\/antoniolongarito.com\/stock\/product\/portobello-1005921l001\/","title":{"rendered":"Portobello # 1005921L001"},"content":{"rendered":"<p>M\u00e1rmore brecha dolom\u00edtico, combina o alto polimento com texturas catacl\u00e1sticas, como roturas, fraturas, brechas, veios preenchidos com calcite, numa transi\u00e7\u00e3o de tons cinza at\u00e9 ao branco puro, bem \u00e0 semelhan\u00e7a da cratera lunar <em>Langrenus<\/em>, cujo relevo se reconhece pela mesma grada\u00e7\u00e3o de cinza. Esta combina\u00e7\u00e3o deve-se \u00e0 intensidade dos fen\u00f3menos metam\u00f3rficos, reformulando rochas pr\u00e9-existentes, neste caso, outros m\u00e1rmores dolom\u00edticos que colapsaram e foram sendo cicatrizados por calcite de uma nova gera\u00e7\u00e3o mineral.<\/p>\n<p><strong>APLICA\u00c7\u00d5ES<\/strong><\/p>\n<ul>\n<li>Piso exterior: Sim*<\/li>\n<li>Fachada: Sim*<\/li>\n<li>Piso interior: Sim*<\/li>\n<li>Revestimento interior: Sim<\/li>\n<li>Casa de Banho: Sim<\/li>\n<li>Lareira: Sim*<\/li>\n<li>Mobili\u00e1rio: Sim<\/li>\n<li>Bancada da cozinha: N\u00e3o<\/li>\n<li>Retroilumina\u00e7\u00e3o: Sim*<\/li>\n<\/ul>\n<p>(*com tratamento e assentamento especializado)<\/p>\n<p><strong>DESEMPENHO T\u00c9CNICO<\/strong><\/p>\n<ul>\n<li>Resist\u00eancia \u00e0 abras\u00e3o: Baixa a Moderada<\/li>\n<li>Resist\u00eancia \u00e0 mancha: Moderada<\/li>\n<li>Resist\u00eancia \u00e0 Geada e Calor: Moderada<\/li>\n<li>Resist\u00eancia aos raios UV: Moderada a Alta<\/li>\n<\/ul>\n<p><strong>CUIDADOS E MANUTEN\u00c7\u00c3O<\/strong><\/p>\n<p>O m\u00e1rmore apesar de muito pouco poroso \u00e9 especialmente vulner\u00e1vel a \u00e1cidos dom\u00e9sticos como vinagre, mostarda, citrinos, etc. Os l\u00edquidos \u00e1cidos podem causar manchas quando entram em contacto com a superf\u00edcie se n\u00e3o forem imediatamente limpos. Para evitar isto aconselha-se um tratamento impermeabilizante. Para a limpeza di\u00e1ria recomenda-se um detergente de pH neutro. Como n\u00e3o \u00e9 uma pedra natural dura, risca e sofre abras\u00e3o com a utiliza\u00e7\u00e3o continuada, perdendo o polimento sem, contudo, perder o brilho natural.<\/p>\n","protected":false},"excerpt":{"rendered":"<p>M\u00e1rmore brecha dolom\u00edtico, combina o alto polimento com texturas catacl\u00e1sticas, como roturas, fraturas, brechas, veios preenchidos com calcite, numa transi\u00e7\u00e3o de tons cinza at\u00e9 ao branco puro, bem \u00e0 semelhan\u00e7a da cratera lunar Langrenus, cujo relevo se reconhece pela mesma grada\u00e7\u00e3o de cinza. Esta combina\u00e7\u00e3o deve-se \u00e0 intensidade dos fen\u00f3menos&hellip;<\/p>\n","protected":false},"featured_media":4318,"template":"","meta":[],"product_cat":[216],"product_tag":[],"acf":[],"_links":{"self":[{"href":"https:\/\/antoniolongarito.com\/stock\/wp-json\/wp\/v2\/product\/7344"}],"collection":[{"href":"https:\/\/antoniolongarito.com\/stock\/wp-json\/wp\/v2\/product"}],"about":[{"href":"https:\/\/antoniolongarito.com\/stock\/wp-json\/wp\/v2\/types\/product"}],"wp:featuredmedia":[{"embeddable":true,"href":"https:\/\/antoniolongarito.com\/stock\/wp-json\/wp\/v2\/media\/4318"}],"wp:attachment":[{"href":"https:\/\/antoniolongarito.com\/stock\/wp-json\/wp\/v2\/media?parent=7344"}],"wp:term":[{"taxonomy":"product_cat","embeddable":true,"href":"https:\/\/antoniolongarito.com\/stock\/wp-json\/wp\/v2\/product_cat?post=7344"},{"taxonomy":"product_tag","embeddable":true,"href":"https:\/\/antoniolongarito.com\/stock\/wp-json\/wp\/v2\/product_tag?post=7344"}],"curies":[{"name":"wp","href":"https:\/\/api.w.org\/{rel}","templated":true}]}}