{"id":7405,"date":"2023-01-05T17:29:22","date_gmt":"2023-01-05T17:29:22","guid":{"rendered":"https:\/\/antoniolongarito.com\/stock\/?post_type=product&#038;p=7405"},"modified":"2023-01-05T17:39:58","modified_gmt":"2023-01-05T17:39:58","slug":"branco-ibiza-azul1005920l001-copy","status":"publish","type":"product","link":"https:\/\/antoniolongarito.com\/stock\/product\/branco-ibiza-azul1005920l001-copy\/","title":{"rendered":"Branco Ibiza Azul # 1005920L001"},"content":{"rendered":"<p>M\u00e1rmore dolom\u00edtico, com texturas suaves e not\u00e1veis, de transi\u00e7\u00e3o gradual com a matriz de tons claros, do branco ao cinza-prata, com pontua\u00e7\u00f5es e veios cinzentos, bem pronunciados. Esta textura deve-se \u00e0 g\u00e9nese metam\u00f3rfica, em profundidade, com alta press\u00e3o e temperatura, reformulando rochas pr\u00e9-existentes, neste caso, diversos calc\u00e1rios dolom\u00edticos, de tons mais claros e mais escuros. A presen\u00e7a de minerais reativos, do grupo dos sulfuretos, \u00e9 respons\u00e1vel pelas texturas mais contrastantes nos tons mais escuros e prateados, cuja intensidade se foi suavizando ao longo do tempo de forma\u00e7\u00e3o, passando a integrar a matriz dolom\u00edtica.<\/p>\n<p><strong>APLICA\u00c7\u00d5ES<\/strong><\/p>\n<ul>\n<li>Piso exterior: Sim*<\/li>\n<li>Fachada: Sim*<\/li>\n<li>Piso interior: Sim*<\/li>\n<li>Revestimento interior: Sim<\/li>\n<li>Casa de Banho: Sim<\/li>\n<li>Lareira: Sim*<\/li>\n<li>Mobili\u00e1rio: Sim<\/li>\n<li>Bancada da cozinha: N\u00e3o<\/li>\n<li>Retroilumina\u00e7\u00e3o: N\u00e3o<\/li>\n<\/ul>\n<p>(*com tratamento e assentamento especializado)<\/p>\n<p><strong>DESEMPENHO T\u00c9CNICO<\/strong><\/p>\n<ul>\n<li>Resist\u00eancia \u00e0 abras\u00e3o: Baixa a Moderada<\/li>\n<li>Resist\u00eancia \u00e0 mancha: Moderada<\/li>\n<li>Resist\u00eancia \u00e0 Geada e Calor: Moderada<\/li>\n<li>Resist\u00eancia aos raios UV: Moderada a Alta<\/li>\n<\/ul>\n<p><strong>CUIDADOS E MANUTEN\u00c7\u00c3O<\/strong><\/p>\n<p>O m\u00e1rmore apesar de muito pouco poroso \u00e9 especialmente vulner\u00e1vel a \u00e1cidos dom\u00e9sticos como vinagre, mostarda, citrinos, etc. Os l\u00edquidos \u00e1cidos podem causar manchas quando entram em contacto com a superf\u00edcie se n\u00e3o forem imediatamente limpos. Para evitar isto aconselha-se um tratamento impermeabilizante. Para a limpeza di\u00e1ria recomenda-se um detergente de pH neutro. Como n\u00e3o \u00e9 uma pedra natural dura, risca e sofre abras\u00e3o com a utiliza\u00e7\u00e3o continuada, perdendo o polimento sem, contudo, perder o brilho natural.<\/p>\n","protected":false},"excerpt":{"rendered":"<p>M\u00e1rmore dolom\u00edtico, com texturas suaves e not\u00e1veis, de transi\u00e7\u00e3o gradual com a matriz de tons claros, do branco ao cinza-prata, com pontua\u00e7\u00f5es e veios cinzentos, bem pronunciados. Esta textura deve-se \u00e0 g\u00e9nese metam\u00f3rfica, em profundidade, com alta press\u00e3o e temperatura, reformulando rochas pr\u00e9-existentes, neste caso, diversos calc\u00e1rios dolom\u00edticos, de tons&hellip;<\/p>\n","protected":false},"featured_media":7409,"template":"","meta":[],"product_cat":[216],"product_tag":[],"acf":[],"_links":{"self":[{"href":"https:\/\/antoniolongarito.com\/stock\/wp-json\/wp\/v2\/product\/7405"}],"collection":[{"href":"https:\/\/antoniolongarito.com\/stock\/wp-json\/wp\/v2\/product"}],"about":[{"href":"https:\/\/antoniolongarito.com\/stock\/wp-json\/wp\/v2\/types\/product"}],"wp:featuredmedia":[{"embeddable":true,"href":"https:\/\/antoniolongarito.com\/stock\/wp-json\/wp\/v2\/media\/7409"}],"wp:attachment":[{"href":"https:\/\/antoniolongarito.com\/stock\/wp-json\/wp\/v2\/media?parent=7405"}],"wp:term":[{"taxonomy":"product_cat","embeddable":true,"href":"https:\/\/antoniolongarito.com\/stock\/wp-json\/wp\/v2\/product_cat?post=7405"},{"taxonomy":"product_tag","embeddable":true,"href":"https:\/\/antoniolongarito.com\/stock\/wp-json\/wp\/v2\/product_tag?post=7405"}],"curies":[{"name":"wp","href":"https:\/\/api.w.org\/{rel}","templated":true}]}}