{"id":7416,"date":"2023-01-05T18:06:56","date_gmt":"2023-01-05T18:06:56","guid":{"rendered":"https:\/\/antoniolongarito.com\/stock\/?post_type=product&#038;p=7416"},"modified":"2024-12-05T15:55:51","modified_gmt":"2024-12-05T15:55:51","slug":"onyx-tigre-1038022l002","status":"publish","type":"product","link":"https:\/\/antoniolongarito.com\/stock\/product\/onyx-tigre-1038022l002\/","title":{"rendered":"Onyx Tigre # 1038022L002"},"content":{"rendered":"<p>Pela natureza mineral trata-se de um m\u00e1rmore criptocristalino, calc\u00edtico e aragon\u00edtico, precipitado em ambiente termal, pouco profundo e juvenil, com idade concomitante aos primeiros vest\u00edgios do Homem. Porque cristalizou em ambiente livre, e por ter sido pouco afetados pela press\u00e3o e pela temperatura, exibe propriedades \u00f3ticas de excecional translucidez, as quais permitem aplica\u00e7\u00f5es de retroilumina\u00e7\u00e3o. As cores est\u00e3o relacionadas com elementos crom\u00f3foros, como os \u00f3xidos de ferro, presentes no ambiente de forma\u00e7\u00e3o, que n\u00e3o alteram a estrutura mineral, mas ampliam muito o espectro de cores e graduam os tons mais intensos e exuberantes. A textura \u00e9 bandada e levemente conc\u00eantrica, com ritmos mais ou menos uniformes. Apresenta ainda uma fractura\u00e7\u00e3o natural, com padr\u00f5es surpreendentes, revelados pela retroilumina\u00e7\u00e3o.<\/p>\n<p><strong>APLICA\u00c7\u00d5ES<\/strong><\/p>\n<ul>\n<li>Piso exterior: N\u00e3o<\/li>\n<li>Fachada: Sim*<\/li>\n<li>Piso interior: Sim*<\/li>\n<li>Revestimento interior: Sim<\/li>\n<li>Casa de Banho: Sim<\/li>\n<li>Lareira: Sim*<\/li>\n<li>Mobili\u00e1rio: Sim<\/li>\n<li>Bancada da cozinha: N\u00e3o<\/li>\n<li>Retroilumina\u00e7\u00e3o: Sim*<\/li>\n<\/ul>\n<p>(*com tratamento e assentamento especializado)<\/p>\n<p><strong>DESEMPENHO T\u00c9CNICO:<\/strong><\/p>\n<ul>\n<li>Resist\u00eancia \u00e0 abras\u00e3o: Moderada a Baixa<\/li>\n<li>Resist\u00eancia \u00e0 mancha: Moderada a Baixa<\/li>\n<li>Resist\u00eancia ao Calor e Geada: Moderada<\/li>\n<li>Resist\u00eancia aos Raios UV: Moderada<\/li>\n<\/ul>\n<p><strong>CUIDADOS E MANUTEN\u00c7\u00c3O<\/strong><\/p>\n<p>A estrutura cristalina dos dois polimorfos de carbonato de c\u00e1lcio garante taxas de porosidade e de absor\u00e7\u00e3o muito baixas, tornando estas superf\u00edcies quase imperme\u00e1veis. Composicionalmente s\u00e3o muito sens\u00edveis aos \u00e1cidos, podendo manchar quando expostos a l\u00edquidos ou atmosferas \u00e1cidas ou muito alcalinas. \u00c9 ainda um material com baixa dureza, pode riscar com areias, metal ou vidro. Deve ser limpo com pano n\u00e3o abrasivo e detergente neutro.<\/p>\n","protected":false},"excerpt":{"rendered":"<p>Pela natureza mineral trata-se de um m\u00e1rmore criptocristalino, calc\u00edtico e aragon\u00edtico, precipitado em ambiente termal, pouco profundo e juvenil, com idade concomitante aos primeiros vest\u00edgios do Homem. Porque cristalizou em ambiente livre, e por ter sido pouco afetados pela press\u00e3o e pela temperatura, exibe propriedades \u00f3ticas de excecional translucidez, as&hellip;<\/p>\n","protected":false},"featured_media":7426,"template":"","meta":[],"product_cat":[217],"product_tag":[],"acf":[],"_links":{"self":[{"href":"https:\/\/antoniolongarito.com\/stock\/wp-json\/wp\/v2\/product\/7416"}],"collection":[{"href":"https:\/\/antoniolongarito.com\/stock\/wp-json\/wp\/v2\/product"}],"about":[{"href":"https:\/\/antoniolongarito.com\/stock\/wp-json\/wp\/v2\/types\/product"}],"wp:featuredmedia":[{"embeddable":true,"href":"https:\/\/antoniolongarito.com\/stock\/wp-json\/wp\/v2\/media\/7426"}],"wp:attachment":[{"href":"https:\/\/antoniolongarito.com\/stock\/wp-json\/wp\/v2\/media?parent=7416"}],"wp:term":[{"taxonomy":"product_cat","embeddable":true,"href":"https:\/\/antoniolongarito.com\/stock\/wp-json\/wp\/v2\/product_cat?post=7416"},{"taxonomy":"product_tag","embeddable":true,"href":"https:\/\/antoniolongarito.com\/stock\/wp-json\/wp\/v2\/product_tag?post=7416"}],"curies":[{"name":"wp","href":"https:\/\/api.w.org\/{rel}","templated":true}]}}