{"id":7417,"date":"2023-01-05T18:07:40","date_gmt":"2023-01-05T18:07:40","guid":{"rendered":"https:\/\/antoniolongarito.com\/stock\/?post_type=product&#038;p=7417"},"modified":"2024-10-21T10:12:18","modified_gmt":"2024-10-21T10:12:18","slug":"onyx-caramelo-12004022l002","status":"publish","type":"product","link":"https:\/\/antoniolongarito.com\/stock\/product\/onyx-caramelo-12004022l002\/","title":{"rendered":"Onyx Caramelo # 2004022L002"},"content":{"rendered":"<p>M\u00e1rmore criptocristalino, calc\u00edtico e aragon\u00edtico, precipitado em ambiente termal, pouco profundo e juvenil, com a idade dos primeiros vest\u00edgios do Homem. Cristalizou em ambiente livre e foi pouco afetado pela press\u00e3o e pela temperatura, exibindo propriedades \u00f3ticas excecionais, como a translucidez, que permite aplica\u00e7\u00f5es impares de retroilumina\u00e7\u00e3o. As cores est\u00e3o relacionadas com a presen\u00e7a de \u00f3xidos de ferro no ambiente de forma\u00e7\u00e3o que n\u00e3o alteram a estrutura mineral mas graduam os tons mais intensos e exuberantes. A textura \u00e9 bandada, conc\u00eantrica, com ritmos de cristaliza\u00e7\u00e3o muito distintos que revelam padr\u00f5es surpreendentes, sobretudo quando retroiluminados.<\/p>\n<p><strong>APLICA\u00c7\u00d5ES<\/strong><\/p>\n<ul>\n<li>Piso exterior: N\u00e3o<\/li>\n<li>Fachada: Sim*<\/li>\n<li>Piso interior: Sim*<\/li>\n<li>Revestimento interior: Sim<\/li>\n<li>Casa de Banho: Sim<\/li>\n<li>Lareira: Sim*<\/li>\n<li>Mobili\u00e1rio: Sim<\/li>\n<li>Bancada da cozinha: N\u00e3o<\/li>\n<li>Retroilumina\u00e7\u00e3o: Sim*<\/li>\n<\/ul>\n<p>(*com tratamento e assentamento especializado)<\/p>\n<p><strong>DESEMPENHO T\u00c9CNICO:<\/strong><\/p>\n<ul>\n<li>Resist\u00eancia \u00e0 abras\u00e3o: Moderada a Baixa<\/li>\n<li>Resist\u00eancia \u00e0 mancha: Moderada a Baixa<\/li>\n<li>Resist\u00eancia ao Calor e Geada: Moderada<\/li>\n<li>Resist\u00eancia aos Raios UV: Moderada<\/li>\n<\/ul>\n<p><strong>CUIDADOS E MANUTEN\u00c7\u00c3O<\/strong><\/p>\n<p>A estrutura cristalina dos dois polimorfos de carbonato de c\u00e1lcio garante taxas de porosidade e de absor\u00e7\u00e3o muito baixas, tornando estas superf\u00edcies quase imperme\u00e1veis. Composicionalmente s\u00e3o muito sens\u00edveis aos \u00e1cidos, podendo manchar quando expostos a l\u00edquidos ou atmosferas \u00e1cidas ou muito alcalinas. \u00c9 ainda um material com baixa dureza, pode riscar com areias, metal ou vidro. Deve ser limpo com pano n\u00e3o abrasivo e detergente neutro. Pela dire\u00e7\u00e3o de corte do bloco, os padr\u00f5es deste onix s\u00e3o de tipo VC (<em>vein cut<\/em>), exibindo bandas com espessura vari\u00e1vel, neste caso, n\u00e3o se recomendam acabamentos amaciados ou opera\u00e7\u00f5es que alterem a espessura da chapa.<\/p>\n","protected":false},"excerpt":{"rendered":"<p>M\u00e1rmore criptocristalino, calc\u00edtico e aragon\u00edtico, precipitado em ambiente termal, pouco profundo e juvenil, com a idade dos primeiros vest\u00edgios do Homem. Cristalizou em ambiente livre e foi pouco afetado pela press\u00e3o e pela temperatura, exibindo propriedades \u00f3ticas excecionais, como a translucidez, que permite aplica\u00e7\u00f5es impares de retroilumina\u00e7\u00e3o. As cores est\u00e3o&hellip;<\/p>\n","protected":false},"featured_media":7419,"template":"","meta":[],"product_cat":[217],"product_tag":[818],"acf":[],"_links":{"self":[{"href":"https:\/\/antoniolongarito.com\/stock\/wp-json\/wp\/v2\/product\/7417"}],"collection":[{"href":"https:\/\/antoniolongarito.com\/stock\/wp-json\/wp\/v2\/product"}],"about":[{"href":"https:\/\/antoniolongarito.com\/stock\/wp-json\/wp\/v2\/types\/product"}],"wp:featuredmedia":[{"embeddable":true,"href":"https:\/\/antoniolongarito.com\/stock\/wp-json\/wp\/v2\/media\/7419"}],"wp:attachment":[{"href":"https:\/\/antoniolongarito.com\/stock\/wp-json\/wp\/v2\/media?parent=7417"}],"wp:term":[{"taxonomy":"product_cat","embeddable":true,"href":"https:\/\/antoniolongarito.com\/stock\/wp-json\/wp\/v2\/product_cat?post=7417"},{"taxonomy":"product_tag","embeddable":true,"href":"https:\/\/antoniolongarito.com\/stock\/wp-json\/wp\/v2\/product_tag?post=7417"}],"curies":[{"name":"wp","href":"https:\/\/api.w.org\/{rel}","templated":true}]}}